{"id":4026,"date":"2022-02-26T12:20:16","date_gmt":"2022-02-26T11:20:16","guid":{"rendered":"https:\/\/gradido.net\/?page_id=4026"},"modified":"2022-04-05T22:37:10","modified_gmt":"2022-04-05T20:37:10","slug":"decay-calculator","status":"publish","type":"page","link":"https:\/\/gradido.net\/el\/decay-calculator\/","title":{"rendered":"\u03a5\u03c0\u03bf\u03bb\u03bf\u03b3\u03b9\u03c3\u03c4\u03ae\u03c2 \u03bc\u03b5\u03c4\u03b1\u03b2\u03b1\u03c4\u03b9\u03ba\u03cc\u03c4\u03b7\u03c4\u03b1\u03c2"},"content":{"rendered":"<div data-elementor-type=\"wp-page\" data-elementor-id=\"4026\" class=\"elementor elementor-4026\" data-elementor-post-type=\"page\">\n\t\t\t\t\t\t<section class=\"elementor-section elementor-top-section elementor-element elementor-element-4ce3e8af elementor-section-full_width elementor-section-height-default elementor-section-height-default\" data-id=\"4ce3e8af\" data-element_type=\"section\" data-e-type=\"section\">\n\t\t\t\t\t\t<div class=\"elementor-container elementor-column-gap-no\">\n\t\t\t\t\t<div class=\"elementor-column elementor-col-100 elementor-top-column elementor-element elementor-element-efa8c8c\" data-id=\"efa8c8c\" data-element_type=\"column\" data-e-type=\"column\">\n\t\t\t<div class=\"elementor-widget-wrap elementor-element-populated\">\n\t\t\t\t\t\t<div class=\"elementor-element elementor-element-e088aa4 elementor--h-position-center elementor--v-position-middle elementor-arrows-position-inside elementor-widget elementor-widget-slides\" data-id=\"e088aa4\" data-element_type=\"widget\" data-e-type=\"widget\" data-settings=\"{&quot;navigation&quot;:&quot;arrows&quot;,&quot;autoplay&quot;:&quot;yes&quot;,&quot;pause_on_hover&quot;:&quot;yes&quot;,&quot;pause_on_interaction&quot;:&quot;yes&quot;,&quot;autoplay_speed&quot;:5000,&quot;infinite&quot;:&quot;yes&quot;,&quot;transition&quot;:&quot;slide&quot;,&quot;transition_speed&quot;:500}\" data-widget_type=\"slides.default\">\n\t\t\t\t<div class=\"elementor-widget-container\">\n\t\t\t\t\t\t\t\t\t<div class=\"elementor-swiper\">\n\t\t\t\t\t<div class=\"elementor-slides-wrapper elementor-main-swiper swiper\" role=\"region\" aria-roledescription=\"carousel\" aria-label=\"\u0394\u03b9\u03b1\u03c6\u03ac\u03bd\u03b5\u03b9\u03b5\u03c2\" dir=\"ltr\" data-animation=\"fadeInUp\">\n\t\t\t\t<div class=\"swiper-wrapper elementor-slides\">\n\t\t\t\t\t\t\t\t\t\t<div class=\"elementor-repeater-item-2de4990 swiper-slide\" role=\"group\" aria-roledescription=\"slide\"><div class=\"swiper-slide-bg\" role=\"img\" aria-label=\"gradido_membership\"><\/div><div class=\"swiper-slide-inner\" ><div class=\"swiper-slide-contents\"><\/div><\/div><\/div>\t\t\t\t<\/div>\n\t\t\t\t\t\t\t<\/div>\n\t\t\t\t<\/div>\n\t\t\t\t\t\t\t\t<\/div>\n\t\t\t\t<\/div>\n\t\t\t\t\t<\/div>\n\t\t<\/div>\n\t\t\t\t\t<\/div>\n\t\t<\/section>\n\t\t\t\t<section class=\"elementor-section elementor-top-section elementor-element elementor-element-240baa7a elementor-section-boxed elementor-section-height-default elementor-section-height-default\" data-id=\"240baa7a\" data-element_type=\"section\" data-e-type=\"section\" data-settings=\"{&quot;background_background&quot;:&quot;classic&quot;}\">\n\t\t\t\t\t\t<div class=\"elementor-container elementor-column-gap-default\">\n\t\t\t\t\t<div class=\"elementor-column elementor-col-100 elementor-top-column elementor-element elementor-element-1afe9e42\" data-id=\"1afe9e42\" data-element_type=\"column\" data-e-type=\"column\">\n\t\t\t<div class=\"elementor-widget-wrap elementor-element-populated\">\n\t\t\t\t\t\t<div class=\"elementor-element elementor-element-65bd50ae elementor-widget elementor-widget-heading\" data-id=\"65bd50ae\" data-element_type=\"widget\" data-e-type=\"widget\" data-widget_type=\"heading.default\">\n\t\t\t\t<div class=\"elementor-widget-container\">\n\t\t\t\t\t<h1 class=\"elementor-heading-title elementor-size-default\">\u03a5\u03c0\u03bf\u03bb\u03bf\u03b3\u03b9\u03c3\u03c4\u03ae\u03c2 \u03bc\u03b5\u03c4\u03b1\u03b2\u03b1\u03c4\u03b9\u03ba\u03cc\u03c4\u03b7\u03c4\u03b1\u03c2<\/h1>\t\t\t\t<\/div>\n\t\t\t\t<\/div>\n\t\t\t\t\t<\/div>\n\t\t<\/div>\n\t\t\t\t\t<\/div>\n\t\t<\/section>\n\t\t\t\t<section class=\"elementor-section elementor-top-section elementor-element elementor-element-517e6132 elementor-section-boxed elementor-section-height-default elementor-section-height-default\" data-id=\"517e6132\" data-element_type=\"section\" data-e-type=\"section\" data-settings=\"{&quot;background_background&quot;:&quot;classic&quot;}\">\n\t\t\t\t\t\t<div class=\"elementor-container elementor-column-gap-default\">\n\t\t\t\t\t<div class=\"elementor-column elementor-col-100 elementor-top-column elementor-element elementor-element-5fc7c769\" data-id=\"5fc7c769\" data-element_type=\"column\" data-e-type=\"column\">\n\t\t\t<div class=\"elementor-widget-wrap elementor-element-populated\">\n\t\t\t\t\t\t<div class=\"elementor-element elementor-element-6b00a5ba elementor-widget elementor-widget-heading\" data-id=\"6b00a5ba\" data-element_type=\"widget\" data-e-type=\"widget\" data-widget_type=\"heading.default\">\n\t\t\t\t<div class=\"elementor-widget-container\">\n\t\t\t\t\t<h3 class=\"elementor-heading-title elementor-size-default\">\u03a5\u03c0\u03bf\u03bb\u03bf\u03b3\u03af\u03c3\u03c4\u03b5 \u03c4\u03b7 \u03bc\u03b5\u03c4\u03b1\u03b2\u03b1\u03c4\u03b9\u03ba\u03cc\u03c4\u03b7\u03c4\u03b1 \u03b3\u03b9\u03b1 \u03bf\u03c0\u03bf\u03b9\u03b1\u03b4\u03ae\u03c0\u03bf\u03c4\u03b5 \u03c7\u03c1\u03bf\u03bd\u03b9\u03ba\u03ae \u03c0\u03b5\u03c1\u03af\u03bf\u03b4\u03bf!<\/h3>\t\t\t\t<\/div>\n\t\t\t\t<\/div>\n\t\t\t\t<div class=\"elementor-element elementor-element-15e2626 elementor-widget elementor-widget-text-editor\" data-id=\"15e2626\" data-element_type=\"widget\" data-e-type=\"widget\" data-widget_type=\"text-editor.default\">\n\t\t\t\t<div class=\"elementor-widget-container\">\n\t\t\t\t\t\t\t\t\t<p>\u03a3\u03c4\u03bf Gradido, \u03b7 \u03c0\u03c1\u03bf\u03c3\u03c6\u03bf\u03c1\u03ac \u03c7\u03c1\u03ae\u03bc\u03b1\u03c4\u03bf\u03c2 \u03b4\u03b9\u03b1\u03c4\u03b7\u03c1\u03b5\u03af\u03c4\u03b1\u03b9 \u03c3\u03c4\u03b1\u03b8\u03b5\u03c1\u03ae \u03bc\u03ad\u03c3\u03b1 \u03b1\u03c0\u03cc \u03c4\u03bf\u03bd \u03ba\u03cd\u03ba\u03bb\u03bf \u03c4\u03bf\u03c5 \u03b3\u03af\u03b3\u03bd\u03b5\u03c3\u03b8\u03b1\u03b9 \u03ba\u03b1\u03b9 \u03c4\u03bf\u03c5 \u03c6\u03b8\u03bf\u03c1\u03ac\u03c2. \u0397 \u03bc\u03b5\u03c4\u03b1\u03b2\u03b1\u03c4\u03b9\u03ba\u03cc\u03c4\u03b7\u03c4\u03b1 \u03b5\u03af\u03bd\u03b1\u03b9 50% \u03b1\u03bd\u03ac \u03ad\u03c4\u03bf\u03c2. \u03a5\u03c0\u03bf\u03bb\u03bf\u03b3\u03af\u03b6\u03b5\u03c4\u03b1\u03b9 \u03c3\u03c5\u03bd\u03b5\u03c7\u03ce\u03c2 \u03c3\u03c4\u03bf \u03b4\u03b5\u03c5\u03c4\u03b5\u03c1\u03cc\u03bb\u03b5\u03c0\u03c4\u03bf \u03c3\u03c4\u03bf \u03bb\u03bf\u03b3\u03b1\u03c1\u03b9\u03b1\u03c3\u03bc\u03cc Gradido. <br \/><br \/>\u0393\u03b9\u03b1 \u03bd\u03b1 \u03c0\u03ac\u03c1\u03b5\u03c4\u03b5 \u03bc\u03b9\u03b1 \u03b9\u03b4\u03ad\u03b1, \u03bc\u03c0\u03bf\u03c1\u03b5\u03af\u03c4\u03b5 \u03bd\u03b1 \u03b4\u03bf\u03ba\u03b9\u03bc\u03ac\u03c3\u03b5\u03c4\u03b5 \u03c4\u03bf\u03bd \u03c5\u03c0\u03bf\u03bb\u03bf\u03b3\u03b9\u03c3\u03bc\u03cc \u03c4\u03b7\u03c2 \u03c0\u03b1\u03c1\u03bf\u03b4\u03b9\u03ba\u03cc\u03c4\u03b7\u03c4\u03b1\u03c2 \u03b5\u03b4\u03ce.<\/p>\t\t\t\t\t\t\t\t<\/div>\n\t\t\t\t<\/div>\n\t\t\t\t\t<\/div>\n\t\t<\/div>\n\t\t\t\t\t<\/div>\n\t\t<\/section>\n\t\t\t\t<section class=\"elementor-section elementor-top-section elementor-element elementor-element-5b66271 elementor-section-boxed elementor-section-height-default elementor-section-height-default\" data-id=\"5b66271\" data-element_type=\"section\" data-e-type=\"section\" data-settings=\"{&quot;background_background&quot;:&quot;classic&quot;}\">\n\t\t\t\t\t\t<div class=\"elementor-container elementor-column-gap-default\">\n\t\t\t\t\t<div class=\"elementor-column elementor-col-100 elementor-top-column elementor-element elementor-element-d4b1fa2\" data-id=\"d4b1fa2\" data-element_type=\"column\" data-e-type=\"column\">\n\t\t\t<div class=\"elementor-widget-wrap\">\n\t\t\t\t\t\t\t<\/div>\n\t\t<\/div>\n\t\t\t\t\t<\/div>\n\t\t<\/section>\n\t\t\t\t<\/div>","protected":false},"excerpt":{"rendered":"<p>\u03a5\u03c0\u03bf\u03bb\u03bf\u03b3\u03b9\u03c3\u03c4\u03ae\u03c2 \u03b5\u03c5\u03b1\u03bb\u03bb\u03bf\u03af\u03c9\u03c4\u03b7\u03c2 \u03c0\u03bf\u03b9\u03cc\u03c4\u03b7\u03c4\u03b1\u03c2 \u03a5\u03c0\u03bf\u03bb\u03bf\u03b3\u03af\u03c3\u03c4\u03b5 \u03c4\u03b7\u03bd \u03b5\u03c5\u03b1\u03bb\u03bb\u03bf\u03af\u03c9\u03c4\u03b7 \u03c0\u03bf\u03b9\u03cc\u03c4\u03b7\u03c4\u03b1 \u03b3\u03b9\u03b1 \u03bf\u03c0\u03bf\u03b9\u03b1\u03b4\u03ae\u03c0\u03bf\u03c4\u03b5 \u03c7\u03c1\u03bf\u03bd\u03b9\u03ba\u03ae \u03c0\u03b5\u03c1\u03af\u03bf\u03b4\u03bf! \u03a3\u03c4\u03bf Gradido, \u03b7 \u03c0\u03c1\u03bf\u03c3\u03c6\u03bf\u03c1\u03ac \u03c7\u03c1\u03ae\u03bc\u03b1\u03c4\u03bf\u03c2 \u03b4\u03b9\u03b1\u03c4\u03b7\u03c1\u03b5\u03af\u03c4\u03b1\u03b9 \u03c3\u03c4\u03b1\u03b8\u03b5\u03c1\u03ae \u03b1\u03c0\u03cc \u03c4\u03bf\u03bd \u03ba\u03cd\u03ba\u03bb\u03bf \u03c4\u03bf\u03c5 \u03b3\u03af\u03b3\u03bd\u03b5\u03c3\u03b8\u03b1\u03b9 \u03ba\u03b1\u03b9 \u03c4\u03bf\u03c5 \u03c6\u03b8\u03bf\u03c1\u03ac\u03c2. \u0397 \u03bc\u03b5\u03c4\u03b1\u03b2\u03b1\u03c4\u03b9\u03ba\u03cc\u03c4\u03b7\u03c4\u03b1 \u03b5\u03af\u03bd\u03b1\u03b9 50% \u03b1\u03bd\u03ac \u03ad\u03c4\u03bf\u03c2. \u03a5\u03c0\u03bf\u03bb\u03bf\u03b3\u03af\u03b6\u03b5\u03c4\u03b1\u03b9 \u03c3\u03c5\u03bd\u03b5\u03c7\u03ce\u03c2 \u03c3\u03c4\u03bf \u03b4\u03b5\u03c5\u03c4\u03b5\u03c1\u03cc\u03bb\u03b5\u03c0\u03c4\u03bf \u03c3\u03c4\u03bf \u03bb\u03bf\u03b3\u03b1\u03c1\u03b9\u03b1\u03c3\u03bc\u03cc Gradido. \u0393\u03b9\u03b1 \u03bd\u03b1 \u03c0\u03ac\u03c1\u03b5\u03c4\u03b5 \u03bc\u03b9\u03b1 \u03b9\u03b4\u03ad\u03b1, \u03bc\u03c0\u03bf\u03c1\u03b5\u03af\u03c4\u03b5 \u03bd\u03b1 \u03b4\u03bf\u03ba\u03b9\u03bc\u03ac\u03c3\u03b5\u03c4\u03b5 \u03bc\u03cc\u03bd\u03bf\u03b9 \u03c3\u03b1\u03c2 \u03c4\u03bf\u03bd \u03c5\u03c0\u03bf\u03bb\u03bf\u03b3\u03b9\u03c3\u03bc\u03cc \u03c4\u03b7\u03c2 \u03c0\u03b1\u03c1\u03bf\u03b4\u03b9\u03ba\u03cc\u03c4\u03b7\u03c4\u03b1\u03c2 \u03b5\u03b4\u03ce.<\/p>","protected":false},"author":2,"featured_media":0,"parent":0,"menu_order":0,"comment_status":"closed","ping_status":"closed","template":"","meta":{"footnotes":""},"class_list":["post-4026","page","type-page","status-publish","hentry"],"yoast_head":"<!-- This site is optimized with the Yoast SEO plugin v27.5 - https:\/\/yoast.com\/product\/yoast-seo-wordpress\/ -->\n<title>Verg\u00e4nglichkeitsrechner - Gradido<\/title>\n<meta name=\"robots\" content=\"index, follow, max-snippet:-1, max-image-preview:large, max-video-preview:-1\" \/>\n<link rel=\"canonical\" href=\"https:\/\/gradido.net\/el\/decay-calculator\/\" \/>\n<meta property=\"og:locale\" content=\"el_GR\" \/>\n<meta property=\"og:type\" content=\"article\" \/>\n<meta property=\"og:title\" content=\"Verg\u00e4nglichkeitsrechner - Gradido\" \/>\n<meta property=\"og:description\" content=\"Verg\u00e4nglichkeitsrechner Berechne die Verg\u00e4nglichkeit f\u00fcr eine beliebige Zeitspanne! Bei Gradido wird die Geldmenge durch den Kreislauf von Werden und Vergehen stabil gehalten. Die Verg\u00e4nglichkeit betr\u00e4gt 50% im Jahr. Sie wird im Gradido-Konto kontinuierlich auf die Sekunde genau berechnet. Um ein Gef\u00fchl daf\u00fcr zu bekommen, kannst du hier die Verg\u00e4nglichkeitsberechnung selbst ausprobieren.\" \/>\n<meta property=\"og:url\" content=\"https:\/\/gradido.net\/el\/decay-calculator\/\" \/>\n<meta property=\"og:site_name\" content=\"Gradido\" \/>\n<meta property=\"article:modified_time\" content=\"2022-04-05T20:37:10+00:00\" \/>\n<meta property=\"og:image\" content=\"https:\/\/gradido.net\/wp-content\/uploads\/2022\/04\/gradido-social.jpg\" \/>\n\t<meta property=\"og:image:width\" content=\"527\" \/>\n\t<meta property=\"og:image:height\" content=\"273\" \/>\n\t<meta property=\"og:image:type\" content=\"image\/jpeg\" \/>\n<meta name=\"twitter:card\" content=\"summary_large_image\" \/>\n<script type=\"application\/ld+json\" class=\"yoast-schema-graph\">{\"@context\":\"https:\\\/\\\/schema.org\",\"@graph\":[{\"@type\":\"WebPage\",\"@id\":\"https:\\\/\\\/gradido.net\\\/sv\\\/decay-calculator\\\/\",\"url\":\"https:\\\/\\\/gradido.net\\\/sv\\\/decay-calculator\\\/\",\"name\":\"Verg\u00e4nglichkeitsrechner - Gradido\",\"isPartOf\":{\"@id\":\"https:\\\/\\\/gradido.net\\\/de\\\/#website\"},\"datePublished\":\"2022-02-26T11:20:16+00:00\",\"dateModified\":\"2022-04-05T20:37:10+00:00\",\"breadcrumb\":{\"@id\":\"https:\\\/\\\/gradido.net\\\/sv\\\/decay-calculator\\\/#breadcrumb\"},\"inLanguage\":\"el\",\"potentialAction\":[{\"@type\":\"ReadAction\",\"target\":[\"https:\\\/\\\/gradido.net\\\/sv\\\/decay-calculator\\\/\"]}]},{\"@type\":\"BreadcrumbList\",\"@id\":\"https:\\\/\\\/gradido.net\\\/sv\\\/decay-calculator\\\/#breadcrumb\",\"itemListElement\":[{\"@type\":\"ListItem\",\"position\":1,\"name\":\"Startseite\",\"item\":\"https:\\\/\\\/gradido.net\\\/\"},{\"@type\":\"ListItem\",\"position\":2,\"name\":\"Verg\u00e4nglichkeitsrechner\"}]},{\"@type\":\"WebSite\",\"@id\":\"https:\\\/\\\/gradido.net\\\/de\\\/#website\",\"url\":\"https:\\\/\\\/gradido.net\\\/de\\\/\",\"name\":\"Gradido\",\"description\":\"Die neue W\u00e4hrung hei\u00dft Dankbarkeit\",\"publisher\":{\"@id\":\"https:\\\/\\\/gradido.net\\\/de\\\/#organization\"},\"potentialAction\":[{\"@type\":\"SearchAction\",\"target\":{\"@type\":\"EntryPoint\",\"urlTemplate\":\"https:\\\/\\\/gradido.net\\\/de\\\/?s={search_term_string}\"},\"query-input\":{\"@type\":\"PropertyValueSpecification\",\"valueRequired\":true,\"valueName\":\"search_term_string\"}}],\"inLanguage\":\"el\"},{\"@type\":\"Organization\",\"@id\":\"https:\\\/\\\/gradido.net\\\/de\\\/#organization\",\"name\":\"Gradido\",\"url\":\"https:\\\/\\\/gradido.net\\\/de\\\/\",\"logo\":{\"@type\":\"ImageObject\",\"inLanguage\":\"el\",\"@id\":\"https:\\\/\\\/gradido.net\\\/de\\\/#\\\/schema\\\/logo\\\/image\\\/\",\"url\":\"https:\\\/\\\/gradido.net\\\/wp-content\\\/uploads\\\/2022\\\/04\\\/gradido-social.jpg\",\"contentUrl\":\"https:\\\/\\\/gradido.net\\\/wp-content\\\/uploads\\\/2022\\\/04\\\/gradido-social.jpg\",\"width\":527,\"height\":273,\"caption\":\"Gradido\"},\"image\":{\"@id\":\"https:\\\/\\\/gradido.net\\\/de\\\/#\\\/schema\\\/logo\\\/image\\\/\"}}]}<\/script>\n<!-- \/ Yoast SEO plugin. -->","yoast_head_json":{"title":"\u03a5\u03c0\u03bf\u03bb\u03bf\u03b3\u03b9\u03c3\u03c4\u03ae\u03c2 \u03bc\u03b5\u03c4\u03b1\u03b2\u03b1\u03c4\u03b9\u03ba\u03cc\u03c4\u03b7\u03c4\u03b1\u03c2 - Gradido","robots":{"index":"index","follow":"follow","max-snippet":"max-snippet:-1","max-image-preview":"max-image-preview:large","max-video-preview":"max-video-preview:-1"},"canonical":"https:\/\/gradido.net\/el\/decay-calculator\/","og_locale":"el_GR","og_type":"article","og_title":"Verg\u00e4nglichkeitsrechner - Gradido","og_description":"Verg\u00e4nglichkeitsrechner Berechne die Verg\u00e4nglichkeit f\u00fcr eine beliebige Zeitspanne! Bei Gradido wird die Geldmenge durch den Kreislauf von Werden und Vergehen stabil gehalten. Die Verg\u00e4nglichkeit betr\u00e4gt 50% im Jahr. Sie wird im Gradido-Konto kontinuierlich auf die Sekunde genau berechnet. Um ein Gef\u00fchl daf\u00fcr zu bekommen, kannst du hier die Verg\u00e4nglichkeitsberechnung selbst ausprobieren.","og_url":"https:\/\/gradido.net\/el\/decay-calculator\/","og_site_name":"Gradido","article_modified_time":"2022-04-05T20:37:10+00:00","og_image":[{"width":527,"height":273,"url":"https:\/\/gradido.net\/wp-content\/uploads\/2022\/04\/gradido-social.jpg","type":"image\/jpeg"}],"twitter_card":"summary_large_image","schema":{"@context":"https:\/\/schema.org","@graph":[{"@type":"WebPage","@id":"https:\/\/gradido.net\/sv\/decay-calculator\/","url":"https:\/\/gradido.net\/sv\/decay-calculator\/","name":"\u03a5\u03c0\u03bf\u03bb\u03bf\u03b3\u03b9\u03c3\u03c4\u03ae\u03c2 \u03bc\u03b5\u03c4\u03b1\u03b2\u03b1\u03c4\u03b9\u03ba\u03cc\u03c4\u03b7\u03c4\u03b1\u03c2 - Gradido","isPartOf":{"@id":"https:\/\/gradido.net\/de\/#website"},"datePublished":"2022-02-26T11:20:16+00:00","dateModified":"2022-04-05T20:37:10+00:00","breadcrumb":{"@id":"https:\/\/gradido.net\/sv\/decay-calculator\/#breadcrumb"},"inLanguage":"el","potentialAction":[{"@type":"ReadAction","target":["https:\/\/gradido.net\/sv\/decay-calculator\/"]}]},{"@type":"BreadcrumbList","@id":"https:\/\/gradido.net\/sv\/decay-calculator\/#breadcrumb","itemListElement":[{"@type":"ListItem","position":1,"name":"Startseite","item":"https:\/\/gradido.net\/"},{"@type":"ListItem","position":2,"name":"Verg\u00e4nglichkeitsrechner"}]},{"@type":"WebSite","@id":"https:\/\/gradido.net\/de\/#website","url":"https:\/\/gradido.net\/de\/","name":"Gradido","description":"\u03a4\u03bf \u03bd\u03ad\u03bf \u03bd\u03cc\u03bc\u03b9\u03c3\u03bc\u03b1 \u03b5\u03af\u03bd\u03b1\u03b9 \u03b7 \u03b5\u03c5\u03b3\u03bd\u03c9\u03bc\u03bf\u03c3\u03cd\u03bd\u03b7","publisher":{"@id":"https:\/\/gradido.net\/de\/#organization"},"potentialAction":[{"@type":"SearchAction","target":{"@type":"EntryPoint","urlTemplate":"https:\/\/gradido.net\/de\/?s={search_term_string}"},"query-input":{"@type":"PropertyValueSpecification","valueRequired":true,"valueName":"search_term_string"}}],"inLanguage":"el"},{"@type":"Organization","@id":"https:\/\/gradido.net\/de\/#organization","name":"Gradido","url":"https:\/\/gradido.net\/de\/","logo":{"@type":"ImageObject","inLanguage":"el","@id":"https:\/\/gradido.net\/de\/#\/schema\/logo\/image\/","url":"https:\/\/gradido.net\/wp-content\/uploads\/2022\/04\/gradido-social.jpg","contentUrl":"https:\/\/gradido.net\/wp-content\/uploads\/2022\/04\/gradido-social.jpg","width":527,"height":273,"caption":"Gradido"},"image":{"@id":"https:\/\/gradido.net\/de\/#\/schema\/logo\/image\/"}}]}},"_links":{"self":[{"href":"https:\/\/gradido.net\/el\/wp-json\/wp\/v2\/pages\/4026","targetHints":{"allow":["GET"]}}],"collection":[{"href":"https:\/\/gradido.net\/el\/wp-json\/wp\/v2\/pages"}],"about":[{"href":"https:\/\/gradido.net\/el\/wp-json\/wp\/v2\/types\/page"}],"author":[{"embeddable":true,"href":"https:\/\/gradido.net\/el\/wp-json\/wp\/v2\/users\/2"}],"replies":[{"embeddable":true,"href":"https:\/\/gradido.net\/el\/wp-json\/wp\/v2\/comments?post=4026"}],"version-history":[{"count":8,"href":"https:\/\/gradido.net\/el\/wp-json\/wp\/v2\/pages\/4026\/revisions"}],"predecessor-version":[{"id":4177,"href":"https:\/\/gradido.net\/el\/wp-json\/wp\/v2\/pages\/4026\/revisions\/4177"}],"wp:attachment":[{"href":"https:\/\/gradido.net\/el\/wp-json\/wp\/v2\/media?parent=4026"}],"curies":[{"name":"wp","href":"https:\/\/api.w.org\/{rel}","templated":true}]}}