{"id":720,"date":"2020-09-21T21:12:48","date_gmt":"2020-09-21T19:12:48","guid":{"rendered":"http:\/\/neu.gradido.net\/?page_id=720"},"modified":"2020-09-21T21:17:48","modified_gmt":"2020-09-21T19:17:48","slug":"kontakt-eintragen-bestaetigung","status":"publish","type":"page","link":"https:\/\/gradido.net\/el\/kontakt-eintragen-bestaetigung\/","title":{"rendered":"\u0395\u03c0\u03b9\u03ba\u03bf\u03b9\u03bd\u03c9\u03bd\u03af\u03b1 \u03b5\u03b3\u03b3\u03c1\u03b1\u03c6\u03ae\u03c2 - \u0395\u03c0\u03b9\u03b2\u03b5\u03b2\u03b1\u03af\u03c9\u03c3\u03b7"},"content":{"rendered":"<div data-elementor-type=\"wp-page\" data-elementor-id=\"720\" class=\"elementor elementor-720\" data-elementor-post-type=\"page\">\n\t\t\t\t\t\t<section class=\"elementor-section elementor-top-section elementor-element elementor-element-36f4e913 elementor-section-full_width elementor-section-height-default elementor-section-height-default\" data-id=\"36f4e913\" data-element_type=\"section\" data-e-type=\"section\">\n\t\t\t\t\t\t<div class=\"elementor-container elementor-column-gap-no\">\n\t\t\t\t\t<div class=\"elementor-column elementor-col-100 elementor-top-column elementor-element elementor-element-ab64bd3\" data-id=\"ab64bd3\" data-element_type=\"column\" data-e-type=\"column\">\n\t\t\t<div class=\"elementor-widget-wrap elementor-element-populated\">\n\t\t\t\t\t\t<div class=\"elementor-element elementor-element-78d7c66d elementor--h-position-center elementor--v-position-middle elementor-arrows-position-inside elementor-widget elementor-widget-slides\" data-id=\"78d7c66d\" data-element_type=\"widget\" data-e-type=\"widget\" data-settings=\"{&quot;navigation&quot;:&quot;arrows&quot;,&quot;autoplay&quot;:&quot;yes&quot;,&quot;pause_on_hover&quot;:&quot;yes&quot;,&quot;pause_on_interaction&quot;:&quot;yes&quot;,&quot;autoplay_speed&quot;:5000,&quot;infinite&quot;:&quot;yes&quot;,&quot;transition&quot;:&quot;slide&quot;,&quot;transition_speed&quot;:500}\" data-widget_type=\"slides.default\">\n\t\t\t\t<div class=\"elementor-widget-container\">\n\t\t\t\t\t\t\t\t\t<div class=\"elementor-swiper\">\n\t\t\t\t\t<div class=\"elementor-slides-wrapper elementor-main-swiper swiper\" role=\"region\" aria-roledescription=\"carousel\" aria-label=\"\u0394\u03b9\u03b1\u03c6\u03ac\u03bd\u03b5\u03b9\u03b5\u03c2\" dir=\"ltr\" data-animation=\"fadeInUp\">\n\t\t\t\t<div class=\"swiper-wrapper elementor-slides\">\n\t\t\t\t\t\t\t\t\t\t<div class=\"elementor-repeater-item-2de4990 swiper-slide\" role=\"group\" aria-roledescription=\"slide\"><div class=\"swiper-slide-bg\" role=\"img\" aria-label=\"\u03b4\u03b9\u03b1\u03c6\u03ac\u03bd\u03b5\u03b9\u03b1-1\"><\/div><div class=\"swiper-slide-inner\" ><div class=\"swiper-slide-contents\"><\/div><\/div><\/div>\t\t\t\t<\/div>\n\t\t\t\t\t\t\t<\/div>\n\t\t\t\t<\/div>\n\t\t\t\t\t\t\t\t<\/div>\n\t\t\t\t<\/div>\n\t\t\t\t\t<\/div>\n\t\t<\/div>\n\t\t\t\t\t<\/div>\n\t\t<\/section>\n\t\t\t\t<section class=\"elementor-section elementor-top-section elementor-element elementor-element-1e747ce7 elementor-section-boxed elementor-section-height-default elementor-section-height-default\" data-id=\"1e747ce7\" data-element_type=\"section\" data-e-type=\"section\" data-settings=\"{&quot;background_background&quot;:&quot;classic&quot;}\">\n\t\t\t\t\t\t<div class=\"elementor-container elementor-column-gap-default\">\n\t\t\t\t\t<div class=\"elementor-column elementor-col-100 elementor-top-column elementor-element elementor-element-145b78b9\" data-id=\"145b78b9\" data-element_type=\"column\" data-e-type=\"column\">\n\t\t\t<div class=\"elementor-widget-wrap elementor-element-populated\">\n\t\t\t\t\t\t<div class=\"elementor-element elementor-element-7cf1dd80 elementor-widget elementor-widget-heading\" data-id=\"7cf1dd80\" data-element_type=\"widget\" data-e-type=\"widget\" data-widget_type=\"heading.default\">\n\t\t\t\t<div class=\"elementor-widget-container\">\n\t\t\t\t\t<h1 class=\"elementor-heading-title elementor-size-default\">\u0391\u03c0\u03bf\u03c3\u03c4\u03bf\u03bb\u03ae \u03b5\u03bd\u03c4\u03cd\u03c0\u03bf\u03c5<br>\n\u0395\u03c5\u03c7\u03b1\u03c1\u03b9\u03c3\u03c4\u03ce \u03b3\u03b9\u03b1 \u03c4\u03b7 \u03c3\u03c5\u03bc\u03bc\u03b5\u03c4\u03bf\u03c7\u03ae!<\/h1>\t\t\t\t<\/div>\n\t\t\t\t<\/div>\n\t\t\t\t\t<\/div>\n\t\t<\/div>\n\t\t\t\t\t<\/div>\n\t\t<\/section>\n\t\t\t\t<section class=\"elementor-section elementor-top-section elementor-element elementor-element-1e3957fd elementor-section-boxed elementor-section-height-default elementor-section-height-default\" data-id=\"1e3957fd\" data-element_type=\"section\" data-e-type=\"section\" data-settings=\"{&quot;background_background&quot;:&quot;classic&quot;}\">\n\t\t\t\t\t\t<div class=\"elementor-container elementor-column-gap-default\">\n\t\t\t\t\t<div class=\"elementor-column elementor-col-100 elementor-top-column elementor-element elementor-element-13052722\" data-id=\"13052722\" data-element_type=\"column\" data-e-type=\"column\">\n\t\t\t<div class=\"elementor-widget-wrap elementor-element-populated\">\n\t\t\t\t\t\t<div class=\"elementor-element elementor-element-102ca233 elementor-widget elementor-widget-heading\" data-id=\"102ca233\" data-element_type=\"widget\" data-e-type=\"widget\" data-widget_type=\"heading.default\">\n\t\t\t\t<div class=\"elementor-widget-container\">\n\t\t\t\t\t<h3 class=\"elementor-heading-title elementor-size-default\">\u039f\u03c1\u03af\u03c3\u03c4\u03b5:<\/h3>\t\t\t\t<\/div>\n\t\t\t\t<\/div>\n\t\t\t\t<div class=\"elementor-element elementor-element-3bb99e17 elementor-widget elementor-widget-text-editor\" data-id=\"3bb99e17\" data-element_type=\"widget\" data-e-type=\"widget\" data-widget_type=\"text-editor.default\">\n\t\t\t\t<div class=\"elementor-widget-container\">\n\t\t\t\t\t\t\t\t\t<p><strong>\u0397 \u03b5\u03c0\u03b1\u03c6\u03ae \u03c3\u03b1\u03c2 \u03b8\u03b1 \u03bb\u03ac\u03b2\u03b5\u03b9 \u03ad\u03bd\u03b1 \u03bc\u03ae\u03bd\u03c5\u03bc\u03b1 \u03b7\u03bb\u03b5\u03ba\u03c4\u03c1\u03bf\u03bd\u03b9\u03ba\u03bf\u03cd \u03c4\u03b1\u03c7\u03c5\u03b4\u03c1\u03bf\u03bc\u03b5\u03af\u03bf\u03c5 \u03bc\u03b5 \u03ad\u03bd\u03b1\u03bd \u03c3\u03cd\u03bd\u03b4\u03b5\u03c3\u03bc\u03bf \u03b5\u03c0\u03b9\u03b2\u03b5\u03b2\u03b1\u03af\u03c9\u03c3\u03b7\u03c2 \u03b3\u03b9\u03b1 \u03bd\u03b1 \u03c4\u03bf\u03c5\/\u03c4\u03b7\u03c2 \u03c3\u03c4\u03b5\u03af\u03bb\u03bf\u03c5\u03bc\u03b5 \u03c0\u03bb\u03b7\u03c1\u03bf\u03c6\u03bf\u03c1\u03af\u03b5\u03c2.<\/strong><\/p><p>\u0391\u03c6\u03bf\u03cd \u03ba\u03ac\u03bd\u03b5\u03c4\u03b5 \u03ba\u03bb\u03b9\u03ba \u03c3\u03c4\u03bf \u03c3\u03cd\u03bd\u03b4\u03b5\u03c3\u03bc\u03bf \u03b5\u03c0\u03b9\u03b2\u03b5\u03b2\u03b1\u03af\u03c9\u03c3\u03b7\u03c2, \u03b7 \u03b5\u03c0\u03b1\u03c6\u03ae \u03b8\u03b1 \u03bb\u03ac\u03b2\u03b5\u03b9 \u03ad\u03bd\u03b1 \u03bc\u03ae\u03bd\u03c5\u03bc\u03b1 \u03b7\u03bb\u03b5\u03ba\u03c4\u03c1\u03bf\u03bd\u03b9\u03ba\u03bf\u03cd \u03c4\u03b1\u03c7\u03c5\u03b4\u03c1\u03bf\u03bc\u03b5\u03af\u03bf\u03c5 \u03bc\u03b5 \u03c4\u03bf\u03c5\u03c2 \u03c3\u03c5\u03bd\u03b4\u03ad\u03c3\u03bc\u03bf\u03c5\u03c2 \u03c4\u03c9\u03bd \u03c3\u03c5\u03bd\u03b5\u03c1\u03b3\u03b1\u03c4\u03ce\u03bd \u03c3\u03b1\u03c2 \u03b3\u03b9\u03b1 \u03c4\u03b7\u03bd \u03b1\u03c1\u03c7\u03b9\u03ba\u03ae \u03bc\u03b1\u03c2 \u03c3\u03b5\u03bb\u03af\u03b4\u03b1 \u03ba\u03b1\u03b9 \u03b3\u03b9\u03b1 \u03bd\u03b1 \u03ba\u03b1\u03c4\u03b5\u03b2\u03ac\u03c3\u03b5\u03c4\u03b5 \u03c4\u03bf \u03b7\u03bb\u03b5\u03ba\u03c4\u03c1\u03bf\u03bd\u03b9\u03ba\u03cc \u03b2\u03b9\u03b2\u03bb\u03af\u03bf Gradido \u03ba\u03b1\u03b9 \u03c4\u03bf \u03c1\u03b1\u03b4\u03b9\u03bf\u03c6\u03c9\u03bd\u03b9\u03ba\u03cc \u03ad\u03c1\u03b3\u03bf Joytopia. \u03a3\u03c4\u03b7 \u03c3\u03c5\u03bd\u03ad\u03c7\u03b5\u03b9\u03b1, \u03b8\u03b1 \u03be\u03b5\u03ba\u03b9\u03bd\u03ae\u03c3\u03b5\u03b9 \u03b7 \u03b1\u03c0\u03bf\u03c3\u03c4\u03bf\u03bb\u03ae \u03c4\u03b7\u03c2 \u03ad\u03ba\u03b8\u03b5\u03c3\u03b7\u03c2 Gradido.<\/p><p>\u0395\u03ac\u03bd \u03bf \u03c5\u03c0\u03b5\u03cd\u03b8\u03c5\u03bd\u03bf\u03c2 \u03b5\u03c0\u03b9\u03ba\u03bf\u03b9\u03bd\u03c9\u03bd\u03af\u03b1\u03c2 \u03b4\u03b5\u03bd \u03ba\u03ac\u03bd\u03b5\u03b9 \u03ba\u03bb\u03b9\u03ba \u03c3\u03c4\u03bf\u03bd \u03c3\u03cd\u03bd\u03b4\u03b5\u03c3\u03bc\u03bf \u03b5\u03c0\u03b9\u03b2\u03b5\u03b2\u03b1\u03af\u03c9\u03c3\u03b7\u03c2 \u03b5\u03bd\u03c4\u03cc\u03c2 14 \u03b7\u03bc\u03b5\u03c1\u03ce\u03bd, \u03c4\u03b1 \u03b4\u03b5\u03b4\u03bf\u03bc\u03ad\u03bd\u03b1 \u03c4\u03bf\u03c5 \u03b8\u03b1 \u03b4\u03b9\u03b1\u03b3\u03c1\u03b1\u03c6\u03bf\u03cd\u03bd \u03b1\u03c5\u03c4\u03cc\u03bc\u03b1\u03c4\u03b1 \u03ba\u03b1\u03b9 \u03c0\u03ac\u03bb\u03b9.<\/p><p>\u039c\u03b5 \u03b5\u03ba\u03c4\u03af\u03bc\u03b7\u03c3\u03b7<\/p>\t\t\t\t\t\t\t\t<\/div>\n\t\t\t\t<\/div>\n\t\t\t\t<div class=\"elementor-element elementor-element-616e3a1 elementor-widget elementor-widget-image\" data-id=\"616e3a1\" data-element_type=\"widget\" data-e-type=\"widget\" data-widget_type=\"image.default\">\n\t\t\t\t<div class=\"elementor-widget-container\">\n\t\t\t\t\t\t\t\t\t\t\t\t\t\t\t<img decoding=\"async\" width=\"336\" height=\"70\" src=\"https:\/\/gradido.net\/wp-content\/uploads\/2020\/09\/unterschrift.jpeg\" class=\"attachment-large size-large wp-image-723\" alt=\"\" srcset=\"https:\/\/gradido.net\/wp-content\/uploads\/2020\/09\/unterschrift.jpeg 336w, https:\/\/gradido.net\/wp-content\/uploads\/2020\/09\/unterschrift-300x63.jpeg 300w\" sizes=\"(max-width: 336px) 100vw, 336px\" \/>\t\t\t\t\t\t\t\t\t\t\t\t\t\t\t<\/div>\n\t\t\t\t<\/div>\n\t\t\t\t<div class=\"elementor-element elementor-element-fdef655 elementor-widget elementor-widget-text-editor\" data-id=\"fdef655\" data-element_type=\"widget\" data-e-type=\"widget\" data-widget_type=\"text-editor.default\">\n\t\t\t\t<div class=\"elementor-widget-container\">\n\t\t\t\t\t\t\t\t\t<p>Margret Baier \u03ba\u03b1\u03b9 Bernd H\u00fcckst\u00e4dt<br \/>\u0399\u03b4\u03c1\u03c5\u03c4\u03ae\u03c2 \u03ba\u03b1\u03b9 \u03c0\u03c1\u03bf\u03b3\u03c1\u03b1\u03bc\u03bc\u03b1\u03c4\u03b9\u03c3\u03c4\u03ae\u03c2 \u03c4\u03bf\u03c5 Gradido<\/p>\t\t\t\t\t\t\t\t<\/div>\n\t\t\t\t<\/div>\n\t\t\t\t\t<\/div>\n\t\t<\/div>\n\t\t\t\t\t<\/div>\n\t\t<\/section>\n\t\t\t\t<\/div>","protected":false},"excerpt":{"rendered":"<p>Formular gesendet Danke f\u00fcrs Eintragen! So geht&#8217;s weiter: Dein Kontakt erh\u00e4lt eine E-Mail mit Best\u00e4tigungslink, das wir ihm\/ihr Informationen zusenden d\u00fcrfen. Nach Klick auf den Best\u00e4tigungslink erh\u00e4lt der Kontakt eine Mail mit deinen Partnerlinks zu unserer Homepage und zum Download von Gradido-E-Book und Joytopia H\u00f6rspiel. Anschlie\u00dfend wird der Versand vom Gradido-Report gestartet. Falls der Kontaktakt [&hellip;]<\/p>\n","protected":false},"author":1,"featured_media":0,"parent":0,"menu_order":0,"comment_status":"closed","ping_status":"closed","template":"","meta":{"footnotes":""},"class_list":["post-720","page","type-page","status-publish","hentry"],"yoast_head":"<!-- This site is optimized with the Yoast SEO plugin v27.4 - https:\/\/yoast.com\/product\/yoast-seo-wordpress\/ -->\n<title>Kontakt eintragen - Best\u00e4tigung - Gradido<\/title>\n<meta name=\"robots\" content=\"index, follow, max-snippet:-1, max-image-preview:large, max-video-preview:-1\" \/>\n<link rel=\"canonical\" href=\"https:\/\/gradido.net\/el\/kontakt-eintragen-bestaetigung\/\" \/>\n<meta property=\"og:locale\" content=\"el_GR\" \/>\n<meta property=\"og:type\" content=\"article\" \/>\n<meta property=\"og:title\" content=\"Kontakt eintragen - Best\u00e4tigung - Gradido\" \/>\n<meta property=\"og:description\" content=\"Formular gesendet Danke f\u00fcrs Eintragen! So geht&#8217;s weiter: Dein Kontakt erh\u00e4lt eine E-Mail mit Best\u00e4tigungslink, das wir ihm\/ihr Informationen zusenden d\u00fcrfen. Nach Klick auf den Best\u00e4tigungslink erh\u00e4lt der Kontakt eine Mail mit deinen Partnerlinks zu unserer Homepage und zum Download von Gradido-E-Book und Joytopia H\u00f6rspiel. Anschlie\u00dfend wird der Versand vom Gradido-Report gestartet. Falls der Kontaktakt [&hellip;]\" \/>\n<meta property=\"og:url\" content=\"https:\/\/gradido.net\/el\/kontakt-eintragen-bestaetigung\/\" \/>\n<meta property=\"og:site_name\" content=\"Gradido\" \/>\n<meta property=\"article:modified_time\" content=\"2020-09-21T19:17:48+00:00\" \/>\n<meta property=\"og:image\" content=\"https:\/\/gradido.net\/wp-content\/uploads\/2020\/09\/unterschrift.jpeg\" \/>\n<meta name=\"twitter:card\" content=\"summary_large_image\" \/>\n<script type=\"application\/ld+json\" class=\"yoast-schema-graph\">{\"@context\":\"https:\\\/\\\/schema.org\",\"@graph\":[{\"@type\":\"WebPage\",\"@id\":\"https:\\\/\\\/gradido.net\\\/fi\\\/kontakt-eintragen-bestaetigung\\\/\",\"url\":\"https:\\\/\\\/gradido.net\\\/fi\\\/kontakt-eintragen-bestaetigung\\\/\",\"name\":\"Kontakt eintragen - Best\u00e4tigung - Gradido\",\"isPartOf\":{\"@id\":\"https:\\\/\\\/gradido.net\\\/de\\\/#website\"},\"primaryImageOfPage\":{\"@id\":\"https:\\\/\\\/gradido.net\\\/fi\\\/kontakt-eintragen-bestaetigung\\\/#primaryimage\"},\"image\":{\"@id\":\"https:\\\/\\\/gradido.net\\\/fi\\\/kontakt-eintragen-bestaetigung\\\/#primaryimage\"},\"thumbnailUrl\":\"https:\\\/\\\/gradido.net\\\/wp-content\\\/uploads\\\/2020\\\/09\\\/unterschrift.jpeg\",\"datePublished\":\"2020-09-21T19:12:48+00:00\",\"dateModified\":\"2020-09-21T19:17:48+00:00\",\"breadcrumb\":{\"@id\":\"https:\\\/\\\/gradido.net\\\/fi\\\/kontakt-eintragen-bestaetigung\\\/#breadcrumb\"},\"inLanguage\":\"el\",\"potentialAction\":[{\"@type\":\"ReadAction\",\"target\":[\"https:\\\/\\\/gradido.net\\\/fi\\\/kontakt-eintragen-bestaetigung\\\/\"]}]},{\"@type\":\"ImageObject\",\"inLanguage\":\"el\",\"@id\":\"https:\\\/\\\/gradido.net\\\/fi\\\/kontakt-eintragen-bestaetigung\\\/#primaryimage\",\"url\":\"https:\\\/\\\/gradido.net\\\/wp-content\\\/uploads\\\/2020\\\/09\\\/unterschrift.jpeg\",\"contentUrl\":\"https:\\\/\\\/gradido.net\\\/wp-content\\\/uploads\\\/2020\\\/09\\\/unterschrift.jpeg\"},{\"@type\":\"BreadcrumbList\",\"@id\":\"https:\\\/\\\/gradido.net\\\/fi\\\/kontakt-eintragen-bestaetigung\\\/#breadcrumb\",\"itemListElement\":[{\"@type\":\"ListItem\",\"position\":1,\"name\":\"Startseite\",\"item\":\"https:\\\/\\\/gradido.net\\\/\"},{\"@type\":\"ListItem\",\"position\":2,\"name\":\"Kontakt eintragen &#8211; Best\u00e4tigung\"}]},{\"@type\":\"WebSite\",\"@id\":\"https:\\\/\\\/gradido.net\\\/de\\\/#website\",\"url\":\"https:\\\/\\\/gradido.net\\\/de\\\/\",\"name\":\"Gradido\",\"description\":\"Die neue W\u00e4hrung hei\u00dft Dankbarkeit\",\"publisher\":{\"@id\":\"https:\\\/\\\/gradido.net\\\/de\\\/#organization\"},\"potentialAction\":[{\"@type\":\"SearchAction\",\"target\":{\"@type\":\"EntryPoint\",\"urlTemplate\":\"https:\\\/\\\/gradido.net\\\/de\\\/?s={search_term_string}\"},\"query-input\":{\"@type\":\"PropertyValueSpecification\",\"valueRequired\":true,\"valueName\":\"search_term_string\"}}],\"inLanguage\":\"el\"},{\"@type\":\"Organization\",\"@id\":\"https:\\\/\\\/gradido.net\\\/de\\\/#organization\",\"name\":\"Gradido\",\"url\":\"https:\\\/\\\/gradido.net\\\/de\\\/\",\"logo\":{\"@type\":\"ImageObject\",\"inLanguage\":\"el\",\"@id\":\"https:\\\/\\\/gradido.net\\\/de\\\/#\\\/schema\\\/logo\\\/image\\\/\",\"url\":\"https:\\\/\\\/gradido.net\\\/wp-content\\\/uploads\\\/2022\\\/04\\\/gradido-social.jpg\",\"contentUrl\":\"https:\\\/\\\/gradido.net\\\/wp-content\\\/uploads\\\/2022\\\/04\\\/gradido-social.jpg\",\"width\":527,\"height\":273,\"caption\":\"Gradido\"},\"image\":{\"@id\":\"https:\\\/\\\/gradido.net\\\/de\\\/#\\\/schema\\\/logo\\\/image\\\/\"}}]}<\/script>\n<!-- \/ Yoast SEO plugin. -->","yoast_head_json":{"title":"\u0395\u03b3\u03b3\u03c1\u03b1\u03c6\u03ae \u03b5\u03c0\u03b9\u03ba\u03bf\u03b9\u03bd\u03c9\u03bd\u03af\u03b1\u03c2 - \u0395\u03c0\u03b9\u03b2\u03b5\u03b2\u03b1\u03af\u03c9\u03c3\u03b7 - Gradido","robots":{"index":"index","follow":"follow","max-snippet":"max-snippet:-1","max-image-preview":"max-image-preview:large","max-video-preview":"max-video-preview:-1"},"canonical":"https:\/\/gradido.net\/el\/kontakt-eintragen-bestaetigung\/","og_locale":"el_GR","og_type":"article","og_title":"Kontakt eintragen - Best\u00e4tigung - Gradido","og_description":"Formular gesendet Danke f\u00fcrs Eintragen! So geht&#8217;s weiter: Dein Kontakt erh\u00e4lt eine E-Mail mit Best\u00e4tigungslink, das wir ihm\/ihr Informationen zusenden d\u00fcrfen. Nach Klick auf den Best\u00e4tigungslink erh\u00e4lt der Kontakt eine Mail mit deinen Partnerlinks zu unserer Homepage und zum Download von Gradido-E-Book und Joytopia H\u00f6rspiel. Anschlie\u00dfend wird der Versand vom Gradido-Report gestartet. Falls der Kontaktakt [&hellip;]","og_url":"https:\/\/gradido.net\/el\/kontakt-eintragen-bestaetigung\/","og_site_name":"Gradido","article_modified_time":"2020-09-21T19:17:48+00:00","og_image":[{"url":"https:\/\/gradido.net\/wp-content\/uploads\/2020\/09\/unterschrift.jpeg","type":"","width":"","height":""}],"twitter_card":"summary_large_image","schema":{"@context":"https:\/\/schema.org","@graph":[{"@type":"WebPage","@id":"https:\/\/gradido.net\/fi\/kontakt-eintragen-bestaetigung\/","url":"https:\/\/gradido.net\/fi\/kontakt-eintragen-bestaetigung\/","name":"\u0395\u03b3\u03b3\u03c1\u03b1\u03c6\u03ae \u03b5\u03c0\u03b9\u03ba\u03bf\u03b9\u03bd\u03c9\u03bd\u03af\u03b1\u03c2 - \u0395\u03c0\u03b9\u03b2\u03b5\u03b2\u03b1\u03af\u03c9\u03c3\u03b7 - Gradido","isPartOf":{"@id":"https:\/\/gradido.net\/de\/#website"},"primaryImageOfPage":{"@id":"https:\/\/gradido.net\/fi\/kontakt-eintragen-bestaetigung\/#primaryimage"},"image":{"@id":"https:\/\/gradido.net\/fi\/kontakt-eintragen-bestaetigung\/#primaryimage"},"thumbnailUrl":"https:\/\/gradido.net\/wp-content\/uploads\/2020\/09\/unterschrift.jpeg","datePublished":"2020-09-21T19:12:48+00:00","dateModified":"2020-09-21T19:17:48+00:00","breadcrumb":{"@id":"https:\/\/gradido.net\/fi\/kontakt-eintragen-bestaetigung\/#breadcrumb"},"inLanguage":"el","potentialAction":[{"@type":"ReadAction","target":["https:\/\/gradido.net\/fi\/kontakt-eintragen-bestaetigung\/"]}]},{"@type":"ImageObject","inLanguage":"el","@id":"https:\/\/gradido.net\/fi\/kontakt-eintragen-bestaetigung\/#primaryimage","url":"https:\/\/gradido.net\/wp-content\/uploads\/2020\/09\/unterschrift.jpeg","contentUrl":"https:\/\/gradido.net\/wp-content\/uploads\/2020\/09\/unterschrift.jpeg"},{"@type":"BreadcrumbList","@id":"https:\/\/gradido.net\/fi\/kontakt-eintragen-bestaetigung\/#breadcrumb","itemListElement":[{"@type":"ListItem","position":1,"name":"Startseite","item":"https:\/\/gradido.net\/"},{"@type":"ListItem","position":2,"name":"Kontakt eintragen &#8211; Best\u00e4tigung"}]},{"@type":"WebSite","@id":"https:\/\/gradido.net\/de\/#website","url":"https:\/\/gradido.net\/de\/","name":"Gradido","description":"\u03a4\u03bf \u03bd\u03ad\u03bf \u03bd\u03cc\u03bc\u03b9\u03c3\u03bc\u03b1 \u03b5\u03af\u03bd\u03b1\u03b9 \u03b7 \u03b5\u03c5\u03b3\u03bd\u03c9\u03bc\u03bf\u03c3\u03cd\u03bd\u03b7","publisher":{"@id":"https:\/\/gradido.net\/de\/#organization"},"potentialAction":[{"@type":"SearchAction","target":{"@type":"EntryPoint","urlTemplate":"https:\/\/gradido.net\/de\/?s={search_term_string}"},"query-input":{"@type":"PropertyValueSpecification","valueRequired":true,"valueName":"search_term_string"}}],"inLanguage":"el"},{"@type":"Organization","@id":"https:\/\/gradido.net\/de\/#organization","name":"Gradido","url":"https:\/\/gradido.net\/de\/","logo":{"@type":"ImageObject","inLanguage":"el","@id":"https:\/\/gradido.net\/de\/#\/schema\/logo\/image\/","url":"https:\/\/gradido.net\/wp-content\/uploads\/2022\/04\/gradido-social.jpg","contentUrl":"https:\/\/gradido.net\/wp-content\/uploads\/2022\/04\/gradido-social.jpg","width":527,"height":273,"caption":"Gradido"},"image":{"@id":"https:\/\/gradido.net\/de\/#\/schema\/logo\/image\/"}}]}},"_links":{"self":[{"href":"https:\/\/gradido.net\/el\/wp-json\/wp\/v2\/pages\/720","targetHints":{"allow":["GET"]}}],"collection":[{"href":"https:\/\/gradido.net\/el\/wp-json\/wp\/v2\/pages"}],"about":[{"href":"https:\/\/gradido.net\/el\/wp-json\/wp\/v2\/types\/page"}],"author":[{"embeddable":true,"href":"https:\/\/gradido.net\/el\/wp-json\/wp\/v2\/users\/1"}],"replies":[{"embeddable":true,"href":"https:\/\/gradido.net\/el\/wp-json\/wp\/v2\/comments?post=720"}],"version-history":[{"count":3,"href":"https:\/\/gradido.net\/el\/wp-json\/wp\/v2\/pages\/720\/revisions"}],"predecessor-version":[{"id":725,"href":"https:\/\/gradido.net\/el\/wp-json\/wp\/v2\/pages\/720\/revisions\/725"}],"wp:attachment":[{"href":"https:\/\/gradido.net\/el\/wp-json\/wp\/v2\/media?parent=720"}],"curies":[{"name":"wp","href":"https:\/\/api.w.org\/{rel}","templated":true}]}}