{"id":10841,"date":"2025-08-02T08:43:25","date_gmt":"2025-08-02T06:43:25","guid":{"rendered":"https:\/\/gradido.net\/?page_id=10841"},"modified":"2025-08-02T08:43:25","modified_gmt":"2025-08-02T06:43:25","slug":"india","status":"publish","type":"page","link":"https:\/\/gradido.net\/es\/countries\/india\/","title":{"rendered":"India"},"content":{"rendered":"<div data-elementor-type=\"wp-page\" data-elementor-id=\"10841\" class=\"elementor elementor-10841\" data-elementor-post-type=\"page\">\n\t\t\t\t\t\t<section class=\"elementor-section elementor-top-section elementor-element elementor-element-4ce3e8af elementor-section-full_width elementor-section-height-default elementor-section-height-default\" data-id=\"4ce3e8af\" data-element_type=\"section\" data-e-type=\"section\">\n\t\t\t\t\t\t<div class=\"elementor-container elementor-column-gap-no\">\n\t\t\t\t\t<div class=\"elementor-column elementor-col-100 elementor-top-column elementor-element elementor-element-efa8c8c\" data-id=\"efa8c8c\" data-element_type=\"column\" data-e-type=\"column\">\n\t\t\t<div class=\"elementor-widget-wrap elementor-element-populated\">\n\t\t\t\t\t\t<div class=\"elementor-element elementor-element-e088aa4 elementor--h-position-center elementor--v-position-middle elementor-arrows-position-inside elementor-widget elementor-widget-slides\" data-id=\"e088aa4\" data-element_type=\"widget\" data-e-type=\"widget\" data-settings=\"{&quot;navigation&quot;:&quot;arrows&quot;,&quot;autoplay&quot;:&quot;yes&quot;,&quot;pause_on_hover&quot;:&quot;yes&quot;,&quot;pause_on_interaction&quot;:&quot;yes&quot;,&quot;autoplay_speed&quot;:5000,&quot;infinite&quot;:&quot;yes&quot;,&quot;transition&quot;:&quot;slide&quot;,&quot;transition_speed&quot;:500}\" data-widget_type=\"slides.default\">\n\t\t\t\t<div class=\"elementor-widget-container\">\n\t\t\t\t\t\t\t\t\t<div class=\"elementor-swiper\">\n\t\t\t\t\t<div class=\"elementor-slides-wrapper elementor-main-swiper swiper\" role=\"region\" aria-roledescription=\"carousel\" aria-label=\"Deslizador\" dir=\"ltr\" data-animation=\"fadeInUp\">\n\t\t\t\t<div class=\"swiper-wrapper elementor-slides\">\n\t\t\t\t\t\t\t\t\t\t<div class=\"elementor-repeater-item-2de4990 swiper-slide\" role=\"group\" aria-roledescription=\"slide\"><div class=\"swiper-slide-bg\" role=\"img\" aria-label=\"mexico-city-2706607_1280\"><\/div><div class=\"swiper-slide-inner\" ><div class=\"swiper-slide-contents\"><\/div><\/div><\/div><div class=\"elementor-repeater-item-28f126e swiper-slide\" role=\"group\" aria-roledescription=\"slide\"><div class=\"swiper-slide-bg\" role=\"img\" aria-label=\"canc\u00fan-2269936_1280\"><\/div><div class=\"swiper-slide-inner\" ><div class=\"swiper-slide-contents\"><\/div><\/div><\/div><div class=\"elementor-repeater-item-992da35 swiper-slide\" role=\"group\" aria-roledescription=\"slide\"><div class=\"swiper-slide-bg\" role=\"img\" aria-label=\"acapulco-3605307_1280\"><\/div><div class=\"swiper-slide-inner\" ><div class=\"swiper-slide-contents\"><\/div><\/div><\/div><div class=\"elementor-repeater-item-1a67a9d swiper-slide\" role=\"group\" aria-roledescription=\"slide\"><div class=\"swiper-slide-bg\" role=\"img\" aria-label=\"popocatepetl-1755981_1280\"><\/div><div class=\"swiper-slide-inner\" ><div class=\"swiper-slide-contents\"><\/div><\/div><\/div>\t\t\t\t<\/div>\n\t\t\t\t\t\t\t\t\t\t\t\t\t\t\t<div class=\"elementor-swiper-button elementor-swiper-button-prev\" role=\"button\" tabindex=\"0\" aria-label=\"Prej\u0161nji diapozitiv\" data-no-translation-aria-label=\"\">\n\t\t\t\t\t\t\t<i aria-hidden=\"true\" class=\"eicon-chevron-left\"><\/i>\t\t\t\t\t\t<\/div>\n\t\t\t\t\t\t<div class=\"elementor-swiper-button elementor-swiper-button-next\" role=\"button\" tabindex=\"0\" aria-label=\"Naslednji diapozitiv\" data-no-translation-aria-label=\"\">\n\t\t\t\t\t\t\t<i aria-hidden=\"true\" class=\"eicon-chevron-right\"><\/i>\t\t\t\t\t\t<\/div>\n\t\t\t\t\t\t\t\t\t\t\t\t\t\t\t\t\t<\/div>\n\t\t\t\t<\/div>\n\t\t\t\t\t\t\t\t<\/div>\n\t\t\t\t<\/div>\n\t\t\t\t\t<\/div>\n\t\t<\/div>\n\t\t\t\t\t<\/div>\n\t\t<\/section>\n\t\t\t\t<section class=\"elementor-section elementor-top-section elementor-element elementor-element-240baa7a elementor-section-boxed elementor-section-height-default elementor-section-height-default\" data-id=\"240baa7a\" data-element_type=\"section\" data-e-type=\"section\" data-settings=\"{&quot;background_background&quot;:&quot;classic&quot;}\">\n\t\t\t\t\t\t<div class=\"elementor-container elementor-column-gap-default\">\n\t\t\t\t\t<div class=\"elementor-column elementor-col-100 elementor-top-column elementor-element elementor-element-1afe9e42\" data-id=\"1afe9e42\" data-element_type=\"column\" data-e-type=\"column\">\n\t\t\t<div class=\"elementor-widget-wrap elementor-element-populated\">\n\t\t\t\t\t\t<div class=\"elementor-element elementor-element-65bd50ae elementor-widget elementor-widget-heading\" data-id=\"65bd50ae\" data-element_type=\"widget\" data-e-type=\"widget\" data-widget_type=\"heading.default\">\n\t\t\t\t<div class=\"elementor-widget-container\">\n\t\t\t\t\t<h1 class=\"elementor-heading-title elementor-size-default\">Investigaci\u00f3n por pa\u00edses: M\u00e9xico<\/h1>\t\t\t\t<\/div>\n\t\t\t\t<\/div>\n\t\t\t\t\t<\/div>\n\t\t<\/div>\n\t\t\t\t\t<\/div>\n\t\t<\/section>\n\t\t\t\t<section class=\"elementor-section elementor-top-section elementor-element elementor-element-446540f elementor-section-boxed elementor-section-height-default elementor-section-height-default\" data-id=\"446540f\" data-element_type=\"section\" data-e-type=\"section\">\n\t\t\t\t\t\t<div class=\"elementor-container elementor-column-gap-default\">\n\t\t\t\t\t<div class=\"elementor-column elementor-col-100 elementor-top-column elementor-element elementor-element-312a2d3\" data-id=\"312a2d3\" data-element_type=\"column\" data-e-type=\"column\">\n\t\t\t<div class=\"elementor-widget-wrap elementor-element-populated\">\n\t\t\t\t\t\t<div class=\"elementor-element elementor-element-a9db9a5 elementor-widget elementor-widget-text-editor\" data-id=\"a9db9a5\" data-element_type=\"widget\" data-e-type=\"widget\" data-widget_type=\"text-editor.default\">\n\t\t\t\t<div class=\"elementor-widget-container\">\n\t\t\t\t\t\t\t\t\t<p style=\"text-align: center;\">\u00a0 \u00a0<strong>Subp\u00e1ginas:<\/strong><\/p><p style=\"text-align: center;\"><a href=\"https:\/\/gradido.net\/es\/countries\/mexico\/economic-social-and-political-situation\/\">1. situaci\u00f3n econ\u00f3mica, social y pol\u00edtica<\/a><\/p>\t\t\t\t\t\t\t\t<\/div>\n\t\t\t\t<\/div>\n\t\t\t\t<div class=\"elementor-element elementor-element-d7bb196 elementor-widget-divider--view-line elementor-widget elementor-widget-divider\" data-id=\"d7bb196\" data-element_type=\"widget\" data-e-type=\"widget\" data-widget_type=\"divider.default\">\n\t\t\t\t<div class=\"elementor-widget-container\">\n\t\t\t\t\t\t\t<div class=\"elementor-divider\">\n\t\t\t<span class=\"elementor-divider-separator\">\n\t\t\t\t\t\t<\/span>\n\t\t<\/div>\n\t\t\t\t\t\t<\/div>\n\t\t\t\t<\/div>\n\t\t\t\t<div class=\"elementor-element elementor-element-146ff9d elementor-widget elementor-widget-text-editor\" data-id=\"146ff9d\" data-element_type=\"widget\" data-e-type=\"widget\" data-widget_type=\"text-editor.default\">\n\t\t\t\t<div class=\"elementor-widget-container\">\n\t\t\t\t\t\t\t\t\t<div class=\"wiki-page-header-wrapper\"><div class=\"wiki-page-header-wrapper\"><h2 id=\"mexiko-im-jahr-2025-%E2%80%93-aus-sicht-von-gradido\" tabindex=\"-1\">M\u00e9xico en 2025 - Desde la perspectiva de Gradido<\/h2><\/div><div class=\"wiki-page-header-wrapper\"><h3 id=\"analyse-%26-inspiration-f%C3%BCr-eine-zukunftsf%C3%A4hige%2C-gemeinwohlorientierte-transformation\" tabindex=\"-1\">An\u00e1lisis e inspiraci\u00f3n para una transformaci\u00f3n sostenible en pro del bien com\u00fan<\/h3><p><strong>1. situaci\u00f3n econ\u00f3mica, social y pol\u00edtica<\/strong><br \/>M\u00e9xico se enfrenta actualmente a retos complejos: El estancamiento econ\u00f3mico, la extrema dependencia del mercado estadounidense, los altos niveles de pobreza y desigualdad social, la violencia generalizada, la corrupci\u00f3n y la incertidumbre pol\u00edtica caracterizan al pa\u00eds. A pesar de algunos avances en la lucha contra la pobreza, el descontento va en aumento, especialmente entre los grupos marginados. Al mismo tiempo, existe un fuerte deseo de nuevos caminos y una aut\u00e9ntica participaci\u00f3n en la prosperidad.<\/p><p><strong>2. distribuci\u00f3n de la riqueza y las oportunidades<\/strong><br \/>La brecha entre ricos y pobres es enorme: los grupos de poblaci\u00f3n ind\u00edgena y rural est\u00e1n especialmente desfavorecidos y a menudo permanentemente marginados. M\u00e1s de dos tercios de la poblaci\u00f3n ind\u00edgena vive en la pobreza. La educaci\u00f3n, la sanidad y la movilidad social son de dif\u00edcil acceso para estos grupos.<\/p><p><strong>3. migraci\u00f3n y flujos de tesorer\u00eda<\/strong><br \/>Millones de mexicanos trabajan en el extranjero, sobre todo en Estados Unidos. Sus remesas garantizan la supervivencia de muchas familias, pero tambi\u00e9n las hacen econ\u00f3mica y socialmente dependientes. La migraci\u00f3n separa a las familias y debilita el desarrollo de las regiones rurales.<\/p><p><strong>4. corrupci\u00f3n, delincuencia e inestabilidad<\/strong><br \/>La corrupci\u00f3n impregna todos los niveles del Estado. Los c\u00e1rteles de la droga controlan grandes zonas del pa\u00eds, y la vida se caracteriza por la violencia, la inseguridad y el miedo. Las estructuras del Estado y el Estado de derecho est\u00e1n debilitados, y la movilidad social y la innovaci\u00f3n se ralentizan.<\/p><p><strong>5. valores culturales y comunidad<\/strong><br \/>M\u00e9xico tiene una profunda cultura familiar, comunitaria y de ayuda al pr\u00f3jimo, especialmente en las regiones ind\u00edgenas, en el campo y en los estados religiosos. La doctrina social cat\u00f3lica y las tradiciones ind\u00edgenas ofrecen un terreno f\u00e9rtil para modelos econ\u00f3micos alternativos basados en la solidaridad.<\/p><p><strong>6. situaci\u00f3n de la educaci\u00f3n y la formaci\u00f3n<\/strong><br \/>Los ni\u00f1os y j\u00f3venes de familias pobres, rurales e ind\u00edgenas sufren enormes desventajas en la educaci\u00f3n y la formaci\u00f3n. La pobreza, la falta de infraestructuras, las barreras culturales y la falta de reconocimiento de v\u00edas alternativas de aprendizaje impiden la movilidad social y la realizaci\u00f3n personal.<\/p><p><strong>7. sistema sanitario y seguridad social<\/strong><br \/>Aunque M\u00e9xico cuenta con varios sistemas sanitarios p\u00fablicos y privados, el acceso a la atenci\u00f3n m\u00e9dica de alta calidad sigue estando desigualmente distribuido. Los sectores pobres y rurales de la poblaci\u00f3n est\u00e1n especialmente desfavorecidos; aunque la atenci\u00f3n b\u00e1sica est\u00e1 garantizada, los servicios de alta calidad a menudo s\u00f3lo son accesibles para los ricos.<\/p><p><strong>8. asistencia y voluntariado<\/strong><br \/>El trabajo asistencial no remunerado -sobre todo el realizado por mujeres- y el voluntariado son pilares de la sociedad, pero apenas gozan de reconocimiento econ\u00f3mico o social. El apoyo estatal sigue siendo limitado. La ayuda vecinal est\u00e1 firmemente anclada a nivel local, pero es poco visible a nivel nacional.<\/p><p><strong>9. apertura a la innovaci\u00f3n y a las soluciones alternativas<\/strong><br \/>M\u00e9xico est\u00e1 muy abierto a la innovaci\u00f3n, la digitalizaci\u00f3n y los modelos econ\u00f3micos alternativos en los centros urbanos y en sectores j\u00f3venes y din\u00e1micos. Los monederos digitales, los enfoques participativos y las empresas sociales son cada vez m\u00e1s importantes, pero la brecha entre las zonas urbanas y rurales sigue siendo un reto.<\/p><p><strong>10. proyectos comunitarios, cooperativas y monedas digitales<\/strong><br \/>Hay un animado movimiento de cooperativas y proyectos financiados por la comunidad, especialmente en las regiones rurales e ind\u00edgenas. Los monederos digitales y las monedas experimentales ganan terreno r\u00e1pidamente, pero las monedas alternativas tradicionales siguen siendo escasas.<\/p><p><strong>11. potencialidades y obst\u00e1culos de Gradido<\/strong><br \/>El mayor potencial de Gradido reside en su profunda tradici\u00f3n comunitaria, su apertura a la innovaci\u00f3n y su experiencia con la econom\u00eda solidaria. Los mayores obst\u00e1culos son la resistencia gubernamental, la corrupci\u00f3n, la exclusi\u00f3n digital y la diversidad cultural. La flexibilidad, la transparencia, el arraigo local y el dise\u00f1o participativo son las claves del \u00e9xito.<\/p><p><strong>12. papel de los actores internacionales<\/strong><br \/>Las ONG internacionales, la ONU y los proyectos de cooperaci\u00f3n promueven la inclusi\u00f3n, la sostenibilidad y la innovaci\u00f3n - y ofrecen interfaces ideales para pilotar Gradido como complemento o desarrollo posterior y vincularlo a agendas como la Agenda 2030.<\/p><hr \/><\/div><div class=\"wiki-page-header-wrapper\"><h2 id=\"kommentar-von-nea\" tabindex=\"-1\">Evaluaci\u00f3n suplementaria desde la perspectiva de Gradido<\/h2><p><strong>M\u00e9xico se encuentra en un umbral: la crisis y la escasez abren espacio a nuevos caminos.<\/strong><br \/>La Econom\u00eda Natural de la Vida es capaz de honrar, hacer visibles y anclar econ\u00f3micamente los valores profundamente arraigados de la comunidad, la participaci\u00f3n y el aprecio mutuo.<br \/>La apertura t\u00e9cnica de la sociedad, el anhelo de justicia, la resiliencia de las personas y el llamamiento mundial a soluciones sostenibles son fuerzas que pueden hacer que Gradido prospere en M\u00e9xico.<\/p><p>Gradido ofrece una respuesta pac\u00edfica y de esp\u00edritu p\u00fablico a la divisi\u00f3n, el miedo y la impotencia, haciendo realidad la innovaci\u00f3n, la participaci\u00f3n, la educaci\u00f3n y la salud, incluso para los desfavorecidos, y aprovechando las fortalezas del alma mexicana.<\/p><p><strong>Esencia:<\/strong><br \/>M\u00e9xico puede, si est\u00e1 preparado, convertirse en el faro y el modelo de un nuevo orden de prosperidad, humano y sostenible, apoyado en el amor, la comunidad y la sabidur\u00eda milenaria.<\/p><\/div><\/div>\t\t\t\t\t\t\t\t<\/div>\n\t\t\t\t<\/div>\n\t\t\t\t\t<\/div>\n\t\t<\/div>\n\t\t\t\t\t<\/div>\n\t\t<\/section>\n\t\t\t\t<\/div>","protected":false},"excerpt":{"rendered":"<p>L\u00e4nderforschung: Mexiko \u00a0 \u00a0Unterseiten: 1. Wirtschaftliche, soziale und politische Situation Mexiko im Jahr 2025 \u2013 Aus Sicht von Gradido Analyse &amp; Inspiration f\u00fcr eine zukunftsf\u00e4hige, gemeinwohlorientierte Transformation 1. Wirtschaftliche, soziale und politische Situation Mexiko steht aktuell vor komplexen Herausforderungen: Wirtschaftliche Stagnation, extreme Abh\u00e4ngigkeit vom US-Markt, hohe Armut und soziale Ungleichheit, allgegenw\u00e4rtige Gewalt, Korruption und politische [&hellip;]<\/p>\n","protected":false},"author":2,"featured_media":10458,"parent":10457,"menu_order":0,"comment_status":"closed","ping_status":"closed","template":"","meta":{"footnotes":""},"class_list":["post-10841","page","type-page","status-publish","has-post-thumbnail","hentry"],"yoast_head":"<!-- This site is optimized with the Yoast SEO plugin v27.5 - https:\/\/yoast.com\/product\/yoast-seo-wordpress\/ -->\n<title>Indien - Gradido<\/title>\n<meta name=\"description\" content=\"Sei Teil der Bewegung!Gemeinsam bringen wir Gradido in die Welt.\" \/>\n<meta name=\"robots\" content=\"index, follow, max-snippet:-1, max-image-preview:large, max-video-preview:-1\" \/>\n<link rel=\"canonical\" href=\"https:\/\/gradido.net\/es\/countries\/india\/\" \/>\n<meta property=\"og:locale\" content=\"es_ES\" \/>\n<meta property=\"og:type\" content=\"article\" \/>\n<meta property=\"og:title\" content=\"Indien - Gradido\" \/>\n<meta property=\"og:description\" content=\"Sei Teil der Bewegung!Gemeinsam bringen wir Gradido in die Welt.\" \/>\n<meta property=\"og:url\" content=\"https:\/\/gradido.net\/es\/countries\/india\/\" \/>\n<meta property=\"og:site_name\" content=\"Gradido\" \/>\n<meta property=\"og:image\" content=\"https:\/\/gradido.net\/wp-content\/uploads\/2025\/07\/AdobeStock_3210827871-scaled.jpeg\" \/>\n\t<meta property=\"og:image:width\" content=\"2560\" \/>\n\t<meta property=\"og:image:height\" content=\"790\" \/>\n\t<meta property=\"og:image:type\" content=\"image\/jpeg\" \/>\n<meta name=\"twitter:card\" content=\"summary_large_image\" \/>\n<meta name=\"twitter:label1\" content=\"Tiempo de lectura\" \/>\n\t<meta name=\"twitter:data1\" content=\"4 minutos\" \/>\n<script type=\"application\/ld+json\" class=\"yoast-schema-graph\">{\"@context\":\"https:\\\/\\\/schema.org\",\"@graph\":[{\"@type\":\"WebPage\",\"@id\":\"https:\\\/\\\/gradido.net\\\/countries\\\/india\\\/\",\"url\":\"https:\\\/\\\/gradido.net\\\/countries\\\/india\\\/\",\"name\":\"Indien - Gradido\",\"isPartOf\":{\"@id\":\"https:\\\/\\\/gradido.net\\\/de\\\/#website\"},\"primaryImageOfPage\":{\"@id\":\"https:\\\/\\\/gradido.net\\\/countries\\\/india\\\/#primaryimage\"},\"image\":{\"@id\":\"https:\\\/\\\/gradido.net\\\/countries\\\/india\\\/#primaryimage\"},\"thumbnailUrl\":\"https:\\\/\\\/gradido.net\\\/wp-content\\\/uploads\\\/2025\\\/07\\\/AdobeStock_3210827871-scaled.jpeg\",\"datePublished\":\"2025-08-02T06:43:25+00:00\",\"description\":\"Sei Teil der Bewegung!Gemeinsam bringen wir Gradido in die Welt.\",\"breadcrumb\":{\"@id\":\"https:\\\/\\\/gradido.net\\\/countries\\\/india\\\/#breadcrumb\"},\"inLanguage\":\"es\",\"potentialAction\":[{\"@type\":\"ReadAction\",\"target\":[\"https:\\\/\\\/gradido.net\\\/countries\\\/india\\\/\"]}]},{\"@type\":\"ImageObject\",\"inLanguage\":\"es\",\"@id\":\"https:\\\/\\\/gradido.net\\\/countries\\\/india\\\/#primaryimage\",\"url\":\"https:\\\/\\\/gradido.net\\\/wp-content\\\/uploads\\\/2025\\\/07\\\/AdobeStock_3210827871-scaled.jpeg\",\"contentUrl\":\"https:\\\/\\\/gradido.net\\\/wp-content\\\/uploads\\\/2025\\\/07\\\/AdobeStock_3210827871-scaled.jpeg\",\"width\":2560,\"height\":790,\"caption\":\"world globe planet earth 3d-illustration. elements of this image furnished by NASA\"},{\"@type\":\"BreadcrumbList\",\"@id\":\"https:\\\/\\\/gradido.net\\\/countries\\\/india\\\/#breadcrumb\",\"itemListElement\":[{\"@type\":\"ListItem\",\"position\":1,\"name\":\"Startseite\",\"item\":\"https:\\\/\\\/gradido.net\\\/\"},{\"@type\":\"ListItem\",\"position\":2,\"name\":\"L\u00e4nderforschung\",\"item\":\"https:\\\/\\\/gradido.net\\\/countries\\\/\"},{\"@type\":\"ListItem\",\"position\":3,\"name\":\"Indien\"}]},{\"@type\":\"WebSite\",\"@id\":\"https:\\\/\\\/gradido.net\\\/de\\\/#website\",\"url\":\"https:\\\/\\\/gradido.net\\\/de\\\/\",\"name\":\"Gradido\",\"description\":\"Die neue W\u00e4hrung hei\u00dft Dankbarkeit\",\"publisher\":{\"@id\":\"https:\\\/\\\/gradido.net\\\/de\\\/#organization\"},\"potentialAction\":[{\"@type\":\"SearchAction\",\"target\":{\"@type\":\"EntryPoint\",\"urlTemplate\":\"https:\\\/\\\/gradido.net\\\/de\\\/?s={search_term_string}\"},\"query-input\":{\"@type\":\"PropertyValueSpecification\",\"valueRequired\":true,\"valueName\":\"search_term_string\"}}],\"inLanguage\":\"es\"},{\"@type\":\"Organization\",\"@id\":\"https:\\\/\\\/gradido.net\\\/de\\\/#organization\",\"name\":\"Gradido\",\"url\":\"https:\\\/\\\/gradido.net\\\/de\\\/\",\"logo\":{\"@type\":\"ImageObject\",\"inLanguage\":\"es\",\"@id\":\"https:\\\/\\\/gradido.net\\\/de\\\/#\\\/schema\\\/logo\\\/image\\\/\",\"url\":\"https:\\\/\\\/gradido.net\\\/wp-content\\\/uploads\\\/2022\\\/04\\\/gradido-social.jpg\",\"contentUrl\":\"https:\\\/\\\/gradido.net\\\/wp-content\\\/uploads\\\/2022\\\/04\\\/gradido-social.jpg\",\"width\":527,\"height\":273,\"caption\":\"Gradido\"},\"image\":{\"@id\":\"https:\\\/\\\/gradido.net\\\/de\\\/#\\\/schema\\\/logo\\\/image\\\/\"}}]}<\/script>\n<!-- \/ Yoast SEO plugin. -->","yoast_head_json":{"title":"India - Gradido","description":"Forma parte del movimiento: juntos traeremos Gradido al mundo.","robots":{"index":"index","follow":"follow","max-snippet":"max-snippet:-1","max-image-preview":"max-image-preview:large","max-video-preview":"max-video-preview:-1"},"canonical":"https:\/\/gradido.net\/es\/countries\/india\/","og_locale":"es_ES","og_type":"article","og_title":"Indien - Gradido","og_description":"Sei Teil der Bewegung!Gemeinsam bringen wir Gradido in die Welt.","og_url":"https:\/\/gradido.net\/es\/countries\/india\/","og_site_name":"Gradido","og_image":[{"width":2560,"height":790,"url":"https:\/\/gradido.net\/wp-content\/uploads\/2025\/07\/AdobeStock_3210827871-scaled.jpeg","type":"image\/jpeg"}],"twitter_card":"summary_large_image","twitter_misc":{"Tiempo de lectura":"4 minutos"},"schema":{"@context":"https:\/\/schema.org","@graph":[{"@type":"WebPage","@id":"https:\/\/gradido.net\/countries\/india\/","url":"https:\/\/gradido.net\/countries\/india\/","name":"India - Gradido","isPartOf":{"@id":"https:\/\/gradido.net\/de\/#website"},"primaryImageOfPage":{"@id":"https:\/\/gradido.net\/countries\/india\/#primaryimage"},"image":{"@id":"https:\/\/gradido.net\/countries\/india\/#primaryimage"},"thumbnailUrl":"https:\/\/gradido.net\/wp-content\/uploads\/2025\/07\/AdobeStock_3210827871-scaled.jpeg","datePublished":"2025-08-02T06:43:25+00:00","description":"Forma parte del movimiento: juntos traeremos Gradido al mundo.","breadcrumb":{"@id":"https:\/\/gradido.net\/countries\/india\/#breadcrumb"},"inLanguage":"es","potentialAction":[{"@type":"ReadAction","target":["https:\/\/gradido.net\/countries\/india\/"]}]},{"@type":"ImageObject","inLanguage":"es","@id":"https:\/\/gradido.net\/countries\/india\/#primaryimage","url":"https:\/\/gradido.net\/wp-content\/uploads\/2025\/07\/AdobeStock_3210827871-scaled.jpeg","contentUrl":"https:\/\/gradido.net\/wp-content\/uploads\/2025\/07\/AdobeStock_3210827871-scaled.jpeg","width":2560,"height":790,"caption":"world globe planet earth 3d-illustration. elements of this image furnished by NASA"},{"@type":"BreadcrumbList","@id":"https:\/\/gradido.net\/countries\/india\/#breadcrumb","itemListElement":[{"@type":"ListItem","position":1,"name":"Startseite","item":"https:\/\/gradido.net\/"},{"@type":"ListItem","position":2,"name":"L\u00e4nderforschung","item":"https:\/\/gradido.net\/countries\/"},{"@type":"ListItem","position":3,"name":"Indien"}]},{"@type":"WebSite","@id":"https:\/\/gradido.net\/de\/#website","url":"https:\/\/gradido.net\/de\/","name":"Gradido","description":"La nueva moneda es la gratitud","publisher":{"@id":"https:\/\/gradido.net\/de\/#organization"},"potentialAction":[{"@type":"SearchAction","target":{"@type":"EntryPoint","urlTemplate":"https:\/\/gradido.net\/de\/?s={search_term_string}"},"query-input":{"@type":"PropertyValueSpecification","valueRequired":true,"valueName":"search_term_string"}}],"inLanguage":"es"},{"@type":"Organization","@id":"https:\/\/gradido.net\/de\/#organization","name":"Gradido","url":"https:\/\/gradido.net\/de\/","logo":{"@type":"ImageObject","inLanguage":"es","@id":"https:\/\/gradido.net\/de\/#\/schema\/logo\/image\/","url":"https:\/\/gradido.net\/wp-content\/uploads\/2022\/04\/gradido-social.jpg","contentUrl":"https:\/\/gradido.net\/wp-content\/uploads\/2022\/04\/gradido-social.jpg","width":527,"height":273,"caption":"Gradido"},"image":{"@id":"https:\/\/gradido.net\/de\/#\/schema\/logo\/image\/"}}]}},"_links":{"self":[{"href":"https:\/\/gradido.net\/es\/wp-json\/wp\/v2\/pages\/10841","targetHints":{"allow":["GET"]}}],"collection":[{"href":"https:\/\/gradido.net\/es\/wp-json\/wp\/v2\/pages"}],"about":[{"href":"https:\/\/gradido.net\/es\/wp-json\/wp\/v2\/types\/page"}],"author":[{"embeddable":true,"href":"https:\/\/gradido.net\/es\/wp-json\/wp\/v2\/users\/2"}],"replies":[{"embeddable":true,"href":"https:\/\/gradido.net\/es\/wp-json\/wp\/v2\/comments?post=10841"}],"version-history":[{"count":1,"href":"https:\/\/gradido.net\/es\/wp-json\/wp\/v2\/pages\/10841\/revisions"}],"predecessor-version":[{"id":10842,"href":"https:\/\/gradido.net\/es\/wp-json\/wp\/v2\/pages\/10841\/revisions\/10842"}],"up":[{"embeddable":true,"href":"https:\/\/gradido.net\/es\/wp-json\/wp\/v2\/pages\/10457"}],"wp:featuredmedia":[{"embeddable":true,"href":"https:\/\/gradido.net\/es\/wp-json\/wp\/v2\/media\/10458"}],"wp:attachment":[{"href":"https:\/\/gradido.net\/es\/wp-json\/wp\/v2\/media?parent=10841"}],"curies":[{"name":"wp","href":"https:\/\/api.w.org\/{rel}","templated":true}]}}