{"id":10841,"date":"2025-08-02T08:43:25","date_gmt":"2025-08-02T06:43:25","guid":{"rendered":"https:\/\/gradido.net\/?page_id=10841"},"modified":"2025-08-02T08:43:25","modified_gmt":"2025-08-02T06:43:25","slug":"india","status":"publish","type":"page","link":"https:\/\/gradido.net\/pl\/countries\/india\/","title":{"rendered":"Indie"},"content":{"rendered":"<div data-elementor-type=\"wp-page\" data-elementor-id=\"10841\" class=\"elementor elementor-10841\" data-elementor-post-type=\"page\">\n\t\t\t\t\t\t<section class=\"elementor-section elementor-top-section elementor-element elementor-element-4ce3e8af elementor-section-full_width elementor-section-height-default elementor-section-height-default\" data-id=\"4ce3e8af\" data-element_type=\"section\" data-e-type=\"section\">\n\t\t\t\t\t\t<div class=\"elementor-container elementor-column-gap-no\">\n\t\t\t\t\t<div class=\"elementor-column elementor-col-100 elementor-top-column elementor-element elementor-element-efa8c8c\" data-id=\"efa8c8c\" data-element_type=\"column\" data-e-type=\"column\">\n\t\t\t<div class=\"elementor-widget-wrap elementor-element-populated\">\n\t\t\t\t\t\t<div class=\"elementor-element elementor-element-e088aa4 elementor--h-position-center elementor--v-position-middle elementor-arrows-position-inside elementor-widget elementor-widget-slides\" data-id=\"e088aa4\" data-element_type=\"widget\" data-e-type=\"widget\" data-settings=\"{&quot;navigation&quot;:&quot;arrows&quot;,&quot;autoplay&quot;:&quot;yes&quot;,&quot;pause_on_hover&quot;:&quot;yes&quot;,&quot;pause_on_interaction&quot;:&quot;yes&quot;,&quot;autoplay_speed&quot;:5000,&quot;infinite&quot;:&quot;yes&quot;,&quot;transition&quot;:&quot;slide&quot;,&quot;transition_speed&quot;:500}\" data-widget_type=\"slides.default\">\n\t\t\t\t<div class=\"elementor-widget-container\">\n\t\t\t\t\t\t\t\t\t<div class=\"elementor-swiper\">\n\t\t\t\t\t<div class=\"elementor-slides-wrapper elementor-main-swiper swiper\" role=\"region\" aria-roledescription=\"carousel\" aria-label=\"Suwak\" dir=\"ltr\" data-animation=\"fadeInUp\">\n\t\t\t\t<div class=\"swiper-wrapper elementor-slides\">\n\t\t\t\t\t\t\t\t\t\t<div class=\"elementor-repeater-item-2de4990 swiper-slide\" role=\"group\" aria-roledescription=\"slide\"><div class=\"swiper-slide-bg\" role=\"img\" aria-label=\"mexico-city-2706607_1280\"><\/div><div class=\"swiper-slide-inner\" ><div class=\"swiper-slide-contents\"><\/div><\/div><\/div><div class=\"elementor-repeater-item-28f126e swiper-slide\" role=\"group\" aria-roledescription=\"slide\"><div class=\"swiper-slide-bg\" role=\"img\" aria-label=\"cancun-2269936_1280\"><\/div><div class=\"swiper-slide-inner\" ><div class=\"swiper-slide-contents\"><\/div><\/div><\/div><div class=\"elementor-repeater-item-992da35 swiper-slide\" role=\"group\" aria-roledescription=\"slide\"><div class=\"swiper-slide-bg\" role=\"img\" aria-label=\"acapulco-3605307_1280\"><\/div><div class=\"swiper-slide-inner\" ><div class=\"swiper-slide-contents\"><\/div><\/div><\/div><div class=\"elementor-repeater-item-1a67a9d swiper-slide\" role=\"group\" aria-roledescription=\"slide\"><div class=\"swiper-slide-bg\" role=\"img\" aria-label=\"popocatepetl-1755981_1280\"><\/div><div class=\"swiper-slide-inner\" ><div class=\"swiper-slide-contents\"><\/div><\/div><\/div>\t\t\t\t<\/div>\n\t\t\t\t\t\t\t\t\t\t\t\t\t\t\t<div class=\"elementor-swiper-button elementor-swiper-button-prev\" role=\"button\" tabindex=\"0\" aria-label=\"Prej\u0161nji diapozitiv\" data-no-translation-aria-label=\"\">\n\t\t\t\t\t\t\t<i aria-hidden=\"true\" class=\"eicon-chevron-left\"><\/i>\t\t\t\t\t\t<\/div>\n\t\t\t\t\t\t<div class=\"elementor-swiper-button elementor-swiper-button-next\" role=\"button\" tabindex=\"0\" aria-label=\"Naslednji diapozitiv\" data-no-translation-aria-label=\"\">\n\t\t\t\t\t\t\t<i aria-hidden=\"true\" class=\"eicon-chevron-right\"><\/i>\t\t\t\t\t\t<\/div>\n\t\t\t\t\t\t\t\t\t\t\t\t\t\t\t\t\t<\/div>\n\t\t\t\t<\/div>\n\t\t\t\t\t\t\t\t<\/div>\n\t\t\t\t<\/div>\n\t\t\t\t\t<\/div>\n\t\t<\/div>\n\t\t\t\t\t<\/div>\n\t\t<\/section>\n\t\t\t\t<section class=\"elementor-section elementor-top-section elementor-element elementor-element-240baa7a elementor-section-boxed elementor-section-height-default elementor-section-height-default\" data-id=\"240baa7a\" data-element_type=\"section\" data-e-type=\"section\" data-settings=\"{&quot;background_background&quot;:&quot;classic&quot;}\">\n\t\t\t\t\t\t<div class=\"elementor-container elementor-column-gap-default\">\n\t\t\t\t\t<div class=\"elementor-column elementor-col-100 elementor-top-column elementor-element elementor-element-1afe9e42\" data-id=\"1afe9e42\" data-element_type=\"column\" data-e-type=\"column\">\n\t\t\t<div class=\"elementor-widget-wrap elementor-element-populated\">\n\t\t\t\t\t\t<div class=\"elementor-element elementor-element-65bd50ae elementor-widget elementor-widget-heading\" data-id=\"65bd50ae\" data-element_type=\"widget\" data-e-type=\"widget\" data-widget_type=\"heading.default\">\n\t\t\t\t<div class=\"elementor-widget-container\">\n\t\t\t\t\t<h1 class=\"elementor-heading-title elementor-size-default\">Badanie krajowe: Meksyk<\/h1>\t\t\t\t<\/div>\n\t\t\t\t<\/div>\n\t\t\t\t\t<\/div>\n\t\t<\/div>\n\t\t\t\t\t<\/div>\n\t\t<\/section>\n\t\t\t\t<section class=\"elementor-section elementor-top-section elementor-element elementor-element-446540f elementor-section-boxed elementor-section-height-default elementor-section-height-default\" data-id=\"446540f\" data-element_type=\"section\" data-e-type=\"section\">\n\t\t\t\t\t\t<div class=\"elementor-container elementor-column-gap-default\">\n\t\t\t\t\t<div class=\"elementor-column elementor-col-100 elementor-top-column elementor-element elementor-element-312a2d3\" data-id=\"312a2d3\" data-element_type=\"column\" data-e-type=\"column\">\n\t\t\t<div class=\"elementor-widget-wrap elementor-element-populated\">\n\t\t\t\t\t\t<div class=\"elementor-element elementor-element-a9db9a5 elementor-widget elementor-widget-text-editor\" data-id=\"a9db9a5\" data-element_type=\"widget\" data-e-type=\"widget\" data-widget_type=\"text-editor.default\">\n\t\t\t\t<div class=\"elementor-widget-container\">\n\t\t\t\t\t\t\t\t\t<p style=\"text-align: center;\">\u00a0 \u00a0<strong>Podstrony:<\/strong><\/p><p style=\"text-align: center;\"><a href=\"https:\/\/gradido.net\/pl\/countries\/mexico\/economic-social-and-political-situation\/\">1. sytuacja gospodarcza, spo\u0142eczna i polityczna<\/a><\/p>\t\t\t\t\t\t\t\t<\/div>\n\t\t\t\t<\/div>\n\t\t\t\t<div class=\"elementor-element elementor-element-d7bb196 elementor-widget-divider--view-line elementor-widget elementor-widget-divider\" data-id=\"d7bb196\" data-element_type=\"widget\" data-e-type=\"widget\" data-widget_type=\"divider.default\">\n\t\t\t\t<div class=\"elementor-widget-container\">\n\t\t\t\t\t\t\t<div class=\"elementor-divider\">\n\t\t\t<span class=\"elementor-divider-separator\">\n\t\t\t\t\t\t<\/span>\n\t\t<\/div>\n\t\t\t\t\t\t<\/div>\n\t\t\t\t<\/div>\n\t\t\t\t<div class=\"elementor-element elementor-element-146ff9d elementor-widget elementor-widget-text-editor\" data-id=\"146ff9d\" data-element_type=\"widget\" data-e-type=\"widget\" data-widget_type=\"text-editor.default\">\n\t\t\t\t<div class=\"elementor-widget-container\">\n\t\t\t\t\t\t\t\t\t<div class=\"wiki-page-header-wrapper\"><div class=\"wiki-page-header-wrapper\"><h2 id=\"mexiko-im-jahr-2025-%E2%80%93-aus-sicht-von-gradido\" tabindex=\"-1\">Meksyk w 2025 roku - z perspektywy Gradido<\/h2><\/div><div class=\"wiki-page-header-wrapper\"><h3 id=\"analyse-%26-inspiration-f%C3%BCr-eine-zukunftsf%C3%A4hige%2C-gemeinwohlorientierte-transformation\" tabindex=\"-1\">Analiza i inspiracja dla zr\u00f3wnowa\u017conej transformacji dla wsp\u00f3lnego dobra<\/h3><p><strong>1. sytuacja gospodarcza, spo\u0142eczna i polityczna<\/strong><br \/>Meksyk stoi obecnie przed z\u0142o\u017conymi wyzwaniami: Stagnacja gospodarcza, skrajne uzale\u017cnienie od rynku ameryka\u0144skiego, wysoki poziom ub\u00f3stwa i nier\u00f3wno\u015bci spo\u0142ecznych, wszechobecna przemoc, korupcja i niepewno\u015b\u0107 polityczna charakteryzuj\u0105 ten kraj. Pomimo pewnych post\u0119p\u00f3w w walce z ub\u00f3stwem, niezadowolenie ro\u015bnie, zw\u0142aszcza w\u015br\u00f3d grup zmarginalizowanych. Jednocze\u015bnie istnieje silne pragnienie nowych \u015bcie\u017cek i prawdziwego uczestnictwa w dobrobycie.<\/p><p><strong>2. dystrybucja bogactwa i mo\u017cliwo\u015bci<\/strong><br \/>Przepa\u015b\u0107 mi\u0119dzy bogatymi a biednymi jest ogromna - rdzenne i wiejskie grupy ludno\u015bci s\u0105 szczeg\u00f3lnie pokrzywdzone i cz\u0119sto trwale marginalizowane. Ponad dwie trzecie rdzennej ludno\u015bci \u017cyje w ub\u00f3stwie. Edukacja, opieka zdrowotna i mobilno\u015b\u0107 spo\u0142eczna s\u0105 trudno dost\u0119pne dla tych grup.<\/p><p><strong>3. migracja i przep\u0142ywy pieni\u0119\u017cne<\/strong><br \/>Miliony Meksykan\u00f3w pracuj\u0105 za granic\u0105, zw\u0142aszcza w USA. Ich przekazy pieni\u0119\u017cne zapewniaj\u0105 przetrwanie wielu rodzinom, ale tak\u017ce uzale\u017cniaj\u0105 je ekonomicznie i spo\u0142ecznie. Migracja rozdziela rodziny i os\u0142abia rozw\u00f3j region\u00f3w wiejskich.<\/p><p><strong>4. korupcja, przest\u0119pczo\u015b\u0107 i niestabilno\u015b\u0107<\/strong><br \/>Korupcja przenika wszystkie poziomy pa\u0144stwa. Kartele narkotykowe kontroluj\u0105 du\u017c\u0105 cz\u0119\u015b\u0107 kraju, a \u017cycie charakteryzuje si\u0119 przemoc\u0105, brakiem bezpiecze\u0144stwa i strachem. Struktury pa\u0144stwowe i rz\u0105dy prawa s\u0105 os\u0142abione - mobilno\u015b\u0107 spo\u0142eczna i innowacje s\u0105 spowolnione.<\/p><p><strong>5. warto\u015bci kulturowe i spo\u0142eczno\u015b\u0107<\/strong><br \/>Meksyk ma g\u0142\u0119bok\u0105 kultur\u0119 rodziny, spo\u0142eczno\u015bci i pomocy s\u0105siedzkiej, szczeg\u00f3lnie w regionach rdzennych, na wsi i w stanach religijnych. Katolicka nauka spo\u0142eczna i rdzenne tradycje stanowi\u0105 podatny grunt dla alternatywnych modeli gospodarczych opartych na solidarno\u015bci.<\/p><p><strong>6. sytuacja w zakresie edukacji i szkole\u0144<\/strong><br \/>Dzieci i m\u0142odzie\u017c z ubogich, wiejskich i rdzennych rodzin do\u015bwiadczaj\u0105 ogromnych trudno\u015bci w edukacji i szkoleniach. Ub\u00f3stwo, brak infrastruktury, bariery kulturowe i brak uznania dla alternatywnych \u015bcie\u017cek kszta\u0142cenia uniemo\u017cliwiaj\u0105 mobilno\u015b\u0107 spo\u0142eczn\u0105 i samorealizacj\u0119.<\/p><p><strong>7. system opieki zdrowotnej i zabezpieczenia spo\u0142ecznego<\/strong><br \/>Chocia\u017c Meksyk posiada kilka publicznych i prywatnych system\u00f3w opieki zdrowotnej, dost\u0119p do wysokiej jako\u015bci opieki medycznej jest nier\u00f3wnomiernie roz\u0142o\u017cony. Uboga i wiejska cz\u0119\u015b\u0107 populacji znajduje si\u0119 w szczeg\u00f3lnie niekorzystnej sytuacji; chocia\u017c podstawowa opieka jest gwarantowana, wysokiej jako\u015bci us\u0142ugi s\u0105 cz\u0119sto dost\u0119pne tylko dla zamo\u017cnych.<\/p><p><strong>8. praca opieku\u0144cza i wolontariat<\/strong><br \/>Nieodp\u0142atna praca opieku\u0144cza - zw\u0142aszcza wykonywana przez kobiety - i wolontariat s\u0105 filarami spo\u0142ecze\u0144stwa, ale nie s\u0105 uznawane ani finansowo, ani spo\u0142ecznie. Wsparcie pa\u0144stwa pozostaje ograniczone. Pomoc s\u0105siedzka jest mocno zakorzeniona lokalnie, ale nie jest zbyt widoczna na poziomie krajowym.<\/p><p><strong>9. otwarto\u015b\u0107 na innowacje i alternatywne rozwi\u0105zania<\/strong><br \/>Meksyk jest bardzo otwarty na innowacje, cyfryzacj\u0119 i alternatywne modele gospodarcze w o\u015brodkach miejskich i w m\u0142odych, dynamicznych sektorach. Portfele cyfrowe, podej\u015bcie partycypacyjne i przedsi\u0119biorstwa spo\u0142eczne staj\u0105 si\u0119 coraz wa\u017cniejsze - ale przepa\u015b\u0107 mi\u0119dzy obszarami miejskimi i wiejskimi pozostaje wyzwaniem.<\/p><p><strong>10. projekty spo\u0142eczno\u015bciowe, sp\u00f3\u0142dzielnie i waluty cyfrowe<\/strong><br \/>Istnieje o\u017cywiony ruch sp\u00f3\u0142dzielni i projekt\u00f3w finansowanych przez spo\u0142eczno\u015bci, zw\u0142aszcza w regionach wiejskich i tubylczych. Portfele cyfrowe i waluty eksperymentalne szybko zyskuj\u0105 na popularno\u015bci, ale tradycyjne waluty alternatywne s\u0105 nadal rzadko\u015bci\u0105.<\/p><p><strong>11. Potencja\u0142 i przeszkody dla Gradido<\/strong><br \/>Najwi\u0119kszy potencja\u0142 Gradido tkwi w g\u0142\u0119bokiej tradycji spo\u0142eczno\u015bci, otwarto\u015bci na innowacje i do\u015bwiadczeniu z gospodark\u0105 solidarno\u015bciow\u0105. Najwi\u0119kszymi przeszkodami s\u0105 op\u00f3r rz\u0105du, korupcja, wykluczenie cyfrowe i r\u00f3\u017cnorodno\u015b\u0107 kulturowa. Elastyczno\u015b\u0107, przejrzysto\u015b\u0107, lokalne korzenie i projektowanie partycypacyjne to klucze do sukcesu.<\/p><p><strong>12. Rola podmiot\u00f3w mi\u0119dzynarodowych<\/strong><br \/>Mi\u0119dzynarodowe organizacje pozarz\u0105dowe, ONZ i projekty wsp\u00f3\u0142pracy promuj\u0105 integracj\u0119, zr\u00f3wnowa\u017cony rozw\u00f3j i innowacje - i oferuj\u0105 idealne interfejsy do pilotowania Gradido jako uzupe\u0142nienia lub dalszego rozwoju i \u0142\u0105czenia go z programami takimi jak Agenda 2030.<\/p><hr \/><\/div><div class=\"wiki-page-header-wrapper\"><h2 id=\"kommentar-von-nea\" tabindex=\"-1\">Dodatkowa ocena z perspektywy Gradido<\/h2><p><strong>Meksyk stoi na progu: kryzys i niedobory otwieraj\u0105 przestrze\u0144 dla nowych \u015bcie\u017cek.<\/strong><br \/>Naturalna Ekonomia \u017bycia jest w stanie uhonorowa\u0107, uwidoczni\u0107 i ekonomicznie zakotwiczy\u0107 g\u0142\u0119boko zakorzenione warto\u015bci wsp\u00f3lnoty, uczestnictwa i wzajemnego uznania.<br \/>Techniczna otwarto\u015b\u0107 spo\u0142ecze\u0144stwa, t\u0119sknota za sprawiedliwo\u015bci\u0105, odporno\u015b\u0107 ludzi i globalne wezwanie do zr\u00f3wnowa\u017conych rozwi\u0105za\u0144 - to wszystko si\u0142y, kt\u00f3re mog\u0105 sprawi\u0107, \u017ce Gradido rozkwitnie w Meksyku.<\/p><p>Gradido oferuje pokojow\u0105, publiczn\u0105 odpowied\u017a na podzia\u0142y, strach i bezsilno\u015b\u0107 - urzeczywistniaj\u0105c innowacje, uczestnictwo, edukacj\u0119 i zdrowie, nawet dla os\u00f3b znajduj\u0105cych si\u0119 w niekorzystnej sytuacji, i wykorzystuj\u0105c mocne strony meksyka\u0144skiej duszy.<\/p><p><strong>Esencja:<\/strong><br \/>Meksyk mo\u017ce, je\u015bli jest gotowy, sta\u0107 si\u0119 latarni\u0105 morsk\u0105 i wzorem nowego, humanitarnego i zr\u00f3wnowa\u017conego porz\u0105dku dobrobytu - wspieranego przez mi\u0142o\u015b\u0107, spo\u0142eczno\u015b\u0107 i m\u0105dro\u015b\u0107 tysi\u0105cleci.<\/p><\/div><\/div>\t\t\t\t\t\t\t\t<\/div>\n\t\t\t\t<\/div>\n\t\t\t\t\t<\/div>\n\t\t<\/div>\n\t\t\t\t\t<\/div>\n\t\t<\/section>\n\t\t\t\t<\/div>","protected":false},"excerpt":{"rendered":"<p>L\u00e4nderforschung: Mexiko \u00a0 \u00a0Unterseiten: 1. Wirtschaftliche, soziale und politische Situation Mexiko im Jahr 2025 \u2013 Aus Sicht von Gradido Analyse &amp; Inspiration f\u00fcr eine zukunftsf\u00e4hige, gemeinwohlorientierte Transformation 1. Wirtschaftliche, soziale und politische Situation Mexiko steht aktuell vor komplexen Herausforderungen: Wirtschaftliche Stagnation, extreme Abh\u00e4ngigkeit vom US-Markt, hohe Armut und soziale Ungleichheit, allgegenw\u00e4rtige Gewalt, Korruption und politische [&hellip;]<\/p>\n","protected":false},"author":2,"featured_media":10458,"parent":10457,"menu_order":0,"comment_status":"closed","ping_status":"closed","template":"","meta":{"footnotes":""},"class_list":["post-10841","page","type-page","status-publish","has-post-thumbnail","hentry"],"yoast_head":"<!-- This site is optimized with the Yoast SEO plugin v27.5 - https:\/\/yoast.com\/product\/yoast-seo-wordpress\/ -->\n<title>Indien - Gradido<\/title>\n<meta name=\"description\" content=\"Sei Teil der Bewegung!Gemeinsam bringen wir Gradido in die Welt.\" \/>\n<meta name=\"robots\" content=\"index, follow, max-snippet:-1, max-image-preview:large, max-video-preview:-1\" \/>\n<link rel=\"canonical\" href=\"https:\/\/gradido.net\/pl\/countries\/india\/\" \/>\n<meta property=\"og:locale\" content=\"pl_PL\" \/>\n<meta property=\"og:type\" content=\"article\" \/>\n<meta property=\"og:title\" content=\"Indien - Gradido\" \/>\n<meta property=\"og:description\" content=\"Sei Teil der Bewegung!Gemeinsam bringen wir Gradido in die Welt.\" \/>\n<meta property=\"og:url\" content=\"https:\/\/gradido.net\/pl\/countries\/india\/\" \/>\n<meta property=\"og:site_name\" content=\"Gradido\" \/>\n<meta property=\"og:image\" content=\"https:\/\/gradido.net\/wp-content\/uploads\/2025\/07\/AdobeStock_3210827871-scaled.jpeg\" \/>\n\t<meta property=\"og:image:width\" content=\"2560\" \/>\n\t<meta property=\"og:image:height\" content=\"790\" \/>\n\t<meta property=\"og:image:type\" content=\"image\/jpeg\" \/>\n<meta name=\"twitter:card\" content=\"summary_large_image\" \/>\n<meta name=\"twitter:label1\" content=\"Szacowany czas czytania\" \/>\n\t<meta name=\"twitter:data1\" content=\"4 minuty\" \/>\n<script type=\"application\/ld+json\" class=\"yoast-schema-graph\">{\"@context\":\"https:\\\/\\\/schema.org\",\"@graph\":[{\"@type\":\"WebPage\",\"@id\":\"https:\\\/\\\/gradido.net\\\/countries\\\/india\\\/\",\"url\":\"https:\\\/\\\/gradido.net\\\/countries\\\/india\\\/\",\"name\":\"Indien - Gradido\",\"isPartOf\":{\"@id\":\"https:\\\/\\\/gradido.net\\\/de\\\/#website\"},\"primaryImageOfPage\":{\"@id\":\"https:\\\/\\\/gradido.net\\\/countries\\\/india\\\/#primaryimage\"},\"image\":{\"@id\":\"https:\\\/\\\/gradido.net\\\/countries\\\/india\\\/#primaryimage\"},\"thumbnailUrl\":\"https:\\\/\\\/gradido.net\\\/wp-content\\\/uploads\\\/2025\\\/07\\\/AdobeStock_3210827871-scaled.jpeg\",\"datePublished\":\"2025-08-02T06:43:25+00:00\",\"description\":\"Sei Teil der Bewegung!Gemeinsam bringen wir Gradido in die Welt.\",\"breadcrumb\":{\"@id\":\"https:\\\/\\\/gradido.net\\\/countries\\\/india\\\/#breadcrumb\"},\"inLanguage\":\"pl-PL\",\"potentialAction\":[{\"@type\":\"ReadAction\",\"target\":[\"https:\\\/\\\/gradido.net\\\/countries\\\/india\\\/\"]}]},{\"@type\":\"ImageObject\",\"inLanguage\":\"pl-PL\",\"@id\":\"https:\\\/\\\/gradido.net\\\/countries\\\/india\\\/#primaryimage\",\"url\":\"https:\\\/\\\/gradido.net\\\/wp-content\\\/uploads\\\/2025\\\/07\\\/AdobeStock_3210827871-scaled.jpeg\",\"contentUrl\":\"https:\\\/\\\/gradido.net\\\/wp-content\\\/uploads\\\/2025\\\/07\\\/AdobeStock_3210827871-scaled.jpeg\",\"width\":2560,\"height\":790,\"caption\":\"world globe planet earth 3d-illustration. elements of this image furnished by NASA\"},{\"@type\":\"BreadcrumbList\",\"@id\":\"https:\\\/\\\/gradido.net\\\/countries\\\/india\\\/#breadcrumb\",\"itemListElement\":[{\"@type\":\"ListItem\",\"position\":1,\"name\":\"Startseite\",\"item\":\"https:\\\/\\\/gradido.net\\\/\"},{\"@type\":\"ListItem\",\"position\":2,\"name\":\"L\u00e4nderforschung\",\"item\":\"https:\\\/\\\/gradido.net\\\/countries\\\/\"},{\"@type\":\"ListItem\",\"position\":3,\"name\":\"Indien\"}]},{\"@type\":\"WebSite\",\"@id\":\"https:\\\/\\\/gradido.net\\\/de\\\/#website\",\"url\":\"https:\\\/\\\/gradido.net\\\/de\\\/\",\"name\":\"Gradido\",\"description\":\"Die neue W\u00e4hrung hei\u00dft Dankbarkeit\",\"publisher\":{\"@id\":\"https:\\\/\\\/gradido.net\\\/de\\\/#organization\"},\"potentialAction\":[{\"@type\":\"SearchAction\",\"target\":{\"@type\":\"EntryPoint\",\"urlTemplate\":\"https:\\\/\\\/gradido.net\\\/de\\\/?s={search_term_string}\"},\"query-input\":{\"@type\":\"PropertyValueSpecification\",\"valueRequired\":true,\"valueName\":\"search_term_string\"}}],\"inLanguage\":\"pl-PL\"},{\"@type\":\"Organization\",\"@id\":\"https:\\\/\\\/gradido.net\\\/de\\\/#organization\",\"name\":\"Gradido\",\"url\":\"https:\\\/\\\/gradido.net\\\/de\\\/\",\"logo\":{\"@type\":\"ImageObject\",\"inLanguage\":\"pl-PL\",\"@id\":\"https:\\\/\\\/gradido.net\\\/de\\\/#\\\/schema\\\/logo\\\/image\\\/\",\"url\":\"https:\\\/\\\/gradido.net\\\/wp-content\\\/uploads\\\/2022\\\/04\\\/gradido-social.jpg\",\"contentUrl\":\"https:\\\/\\\/gradido.net\\\/wp-content\\\/uploads\\\/2022\\\/04\\\/gradido-social.jpg\",\"width\":527,\"height\":273,\"caption\":\"Gradido\"},\"image\":{\"@id\":\"https:\\\/\\\/gradido.net\\\/de\\\/#\\\/schema\\\/logo\\\/image\\\/\"}}]}<\/script>\n<!-- \/ Yoast SEO plugin. -->","yoast_head_json":{"title":"Indie - Gradido","description":"B\u0105d\u017a cz\u0119\u015bci\u0105 ruchu! Razem wprowadzamy Gradido na \u015bwiat.","robots":{"index":"index","follow":"follow","max-snippet":"max-snippet:-1","max-image-preview":"max-image-preview:large","max-video-preview":"max-video-preview:-1"},"canonical":"https:\/\/gradido.net\/pl\/countries\/india\/","og_locale":"pl_PL","og_type":"article","og_title":"Indien - Gradido","og_description":"Sei Teil der Bewegung!Gemeinsam bringen wir Gradido in die Welt.","og_url":"https:\/\/gradido.net\/pl\/countries\/india\/","og_site_name":"Gradido","og_image":[{"width":2560,"height":790,"url":"https:\/\/gradido.net\/wp-content\/uploads\/2025\/07\/AdobeStock_3210827871-scaled.jpeg","type":"image\/jpeg"}],"twitter_card":"summary_large_image","twitter_misc":{"Szacowany czas czytania":"4 minuty"},"schema":{"@context":"https:\/\/schema.org","@graph":[{"@type":"WebPage","@id":"https:\/\/gradido.net\/countries\/india\/","url":"https:\/\/gradido.net\/countries\/india\/","name":"Indie - Gradido","isPartOf":{"@id":"https:\/\/gradido.net\/de\/#website"},"primaryImageOfPage":{"@id":"https:\/\/gradido.net\/countries\/india\/#primaryimage"},"image":{"@id":"https:\/\/gradido.net\/countries\/india\/#primaryimage"},"thumbnailUrl":"https:\/\/gradido.net\/wp-content\/uploads\/2025\/07\/AdobeStock_3210827871-scaled.jpeg","datePublished":"2025-08-02T06:43:25+00:00","description":"B\u0105d\u017a cz\u0119\u015bci\u0105 ruchu! Razem wprowadzamy Gradido na \u015bwiat.","breadcrumb":{"@id":"https:\/\/gradido.net\/countries\/india\/#breadcrumb"},"inLanguage":"pl-PL","potentialAction":[{"@type":"ReadAction","target":["https:\/\/gradido.net\/countries\/india\/"]}]},{"@type":"ImageObject","inLanguage":"pl-PL","@id":"https:\/\/gradido.net\/countries\/india\/#primaryimage","url":"https:\/\/gradido.net\/wp-content\/uploads\/2025\/07\/AdobeStock_3210827871-scaled.jpeg","contentUrl":"https:\/\/gradido.net\/wp-content\/uploads\/2025\/07\/AdobeStock_3210827871-scaled.jpeg","width":2560,"height":790,"caption":"world globe planet earth 3d-illustration. elements of this image furnished by NASA"},{"@type":"BreadcrumbList","@id":"https:\/\/gradido.net\/countries\/india\/#breadcrumb","itemListElement":[{"@type":"ListItem","position":1,"name":"Startseite","item":"https:\/\/gradido.net\/"},{"@type":"ListItem","position":2,"name":"L\u00e4nderforschung","item":"https:\/\/gradido.net\/countries\/"},{"@type":"ListItem","position":3,"name":"Indien"}]},{"@type":"WebSite","@id":"https:\/\/gradido.net\/de\/#website","url":"https:\/\/gradido.net\/de\/","name":"Gradido","description":"Now\u0105 walut\u0105 jest wdzi\u0119czno\u015b\u0107","publisher":{"@id":"https:\/\/gradido.net\/de\/#organization"},"potentialAction":[{"@type":"SearchAction","target":{"@type":"EntryPoint","urlTemplate":"https:\/\/gradido.net\/de\/?s={search_term_string}"},"query-input":{"@type":"PropertyValueSpecification","valueRequired":true,"valueName":"search_term_string"}}],"inLanguage":"pl-PL"},{"@type":"Organization","@id":"https:\/\/gradido.net\/de\/#organization","name":"Gradido","url":"https:\/\/gradido.net\/de\/","logo":{"@type":"ImageObject","inLanguage":"pl-PL","@id":"https:\/\/gradido.net\/de\/#\/schema\/logo\/image\/","url":"https:\/\/gradido.net\/wp-content\/uploads\/2022\/04\/gradido-social.jpg","contentUrl":"https:\/\/gradido.net\/wp-content\/uploads\/2022\/04\/gradido-social.jpg","width":527,"height":273,"caption":"Gradido"},"image":{"@id":"https:\/\/gradido.net\/de\/#\/schema\/logo\/image\/"}}]}},"_links":{"self":[{"href":"https:\/\/gradido.net\/pl\/wp-json\/wp\/v2\/pages\/10841","targetHints":{"allow":["GET"]}}],"collection":[{"href":"https:\/\/gradido.net\/pl\/wp-json\/wp\/v2\/pages"}],"about":[{"href":"https:\/\/gradido.net\/pl\/wp-json\/wp\/v2\/types\/page"}],"author":[{"embeddable":true,"href":"https:\/\/gradido.net\/pl\/wp-json\/wp\/v2\/users\/2"}],"replies":[{"embeddable":true,"href":"https:\/\/gradido.net\/pl\/wp-json\/wp\/v2\/comments?post=10841"}],"version-history":[{"count":1,"href":"https:\/\/gradido.net\/pl\/wp-json\/wp\/v2\/pages\/10841\/revisions"}],"predecessor-version":[{"id":10842,"href":"https:\/\/gradido.net\/pl\/wp-json\/wp\/v2\/pages\/10841\/revisions\/10842"}],"up":[{"embeddable":true,"href":"https:\/\/gradido.net\/pl\/wp-json\/wp\/v2\/pages\/10457"}],"wp:featuredmedia":[{"embeddable":true,"href":"https:\/\/gradido.net\/pl\/wp-json\/wp\/v2\/media\/10458"}],"wp:attachment":[{"href":"https:\/\/gradido.net\/pl\/wp-json\/wp\/v2\/media?parent=10841"}],"curies":[{"name":"wp","href":"https:\/\/api.w.org\/{rel}","templated":true}]}}