{"id":10841,"date":"2025-08-02T08:43:25","date_gmt":"2025-08-02T06:43:25","guid":{"rendered":"https:\/\/gradido.net\/?page_id=10841"},"modified":"2025-08-02T08:43:25","modified_gmt":"2025-08-02T06:43:25","slug":"india","status":"publish","type":"page","link":"https:\/\/gradido.net\/pt\/countries\/india\/","title":{"rendered":"\u00cdndia"},"content":{"rendered":"<div data-elementor-type=\"wp-page\" data-elementor-id=\"10841\" class=\"elementor elementor-10841\" data-elementor-post-type=\"page\">\n\t\t\t\t\t\t<section class=\"elementor-section elementor-top-section elementor-element elementor-element-4ce3e8af elementor-section-full_width elementor-section-height-default elementor-section-height-default\" data-id=\"4ce3e8af\" data-element_type=\"section\" data-e-type=\"section\">\n\t\t\t\t\t\t<div class=\"elementor-container elementor-column-gap-no\">\n\t\t\t\t\t<div class=\"elementor-column elementor-col-100 elementor-top-column elementor-element elementor-element-efa8c8c\" data-id=\"efa8c8c\" data-element_type=\"column\" data-e-type=\"column\">\n\t\t\t<div class=\"elementor-widget-wrap elementor-element-populated\">\n\t\t\t\t\t\t<div class=\"elementor-element elementor-element-e088aa4 elementor--h-position-center elementor--v-position-middle elementor-arrows-position-inside elementor-widget elementor-widget-slides\" data-id=\"e088aa4\" data-element_type=\"widget\" data-e-type=\"widget\" data-settings=\"{&quot;navigation&quot;:&quot;arrows&quot;,&quot;autoplay&quot;:&quot;yes&quot;,&quot;pause_on_hover&quot;:&quot;yes&quot;,&quot;pause_on_interaction&quot;:&quot;yes&quot;,&quot;autoplay_speed&quot;:5000,&quot;infinite&quot;:&quot;yes&quot;,&quot;transition&quot;:&quot;slide&quot;,&quot;transition_speed&quot;:500}\" data-widget_type=\"slides.default\">\n\t\t\t\t<div class=\"elementor-widget-container\">\n\t\t\t\t\t\t\t\t\t<div class=\"elementor-swiper\">\n\t\t\t\t\t<div class=\"elementor-slides-wrapper elementor-main-swiper swiper\" role=\"region\" aria-roledescription=\"carousel\" aria-label=\"Controlo deslizante\" dir=\"ltr\" data-animation=\"fadeInUp\">\n\t\t\t\t<div class=\"swiper-wrapper elementor-slides\">\n\t\t\t\t\t\t\t\t\t\t<div class=\"elementor-repeater-item-2de4990 swiper-slide\" role=\"group\" aria-roledescription=\"slide\"><div class=\"swiper-slide-bg\" role=\"img\" aria-label=\"mexico-city-2706607_1280\"><\/div><div class=\"swiper-slide-inner\" ><div class=\"swiper-slide-contents\"><\/div><\/div><\/div><div class=\"elementor-repeater-item-28f126e swiper-slide\" role=\"group\" aria-roledescription=\"slide\"><div class=\"swiper-slide-bg\" role=\"img\" aria-label=\"cancun-2269936_1280\"><\/div><div class=\"swiper-slide-inner\" ><div class=\"swiper-slide-contents\"><\/div><\/div><\/div><div class=\"elementor-repeater-item-992da35 swiper-slide\" role=\"group\" aria-roledescription=\"slide\"><div class=\"swiper-slide-bg\" role=\"img\" aria-label=\"acapulco-3605307_1280\"><\/div><div class=\"swiper-slide-inner\" ><div class=\"swiper-slide-contents\"><\/div><\/div><\/div><div class=\"elementor-repeater-item-1a67a9d swiper-slide\" role=\"group\" aria-roledescription=\"slide\"><div class=\"swiper-slide-bg\" role=\"img\" aria-label=\"popocatepetl-1755981_1280\"><\/div><div class=\"swiper-slide-inner\" ><div class=\"swiper-slide-contents\"><\/div><\/div><\/div>\t\t\t\t<\/div>\n\t\t\t\t\t\t\t\t\t\t\t\t\t\t\t<div class=\"elementor-swiper-button elementor-swiper-button-prev\" role=\"button\" tabindex=\"0\" aria-label=\"Prej\u0161nji diapozitiv\" data-no-translation-aria-label=\"\">\n\t\t\t\t\t\t\t<i aria-hidden=\"true\" class=\"eicon-chevron-left\"><\/i>\t\t\t\t\t\t<\/div>\n\t\t\t\t\t\t<div class=\"elementor-swiper-button elementor-swiper-button-next\" role=\"button\" tabindex=\"0\" aria-label=\"Naslednji diapozitiv\" data-no-translation-aria-label=\"\">\n\t\t\t\t\t\t\t<i aria-hidden=\"true\" class=\"eicon-chevron-right\"><\/i>\t\t\t\t\t\t<\/div>\n\t\t\t\t\t\t\t\t\t\t\t\t\t\t\t\t\t<\/div>\n\t\t\t\t<\/div>\n\t\t\t\t\t\t\t\t<\/div>\n\t\t\t\t<\/div>\n\t\t\t\t\t<\/div>\n\t\t<\/div>\n\t\t\t\t\t<\/div>\n\t\t<\/section>\n\t\t\t\t<section class=\"elementor-section elementor-top-section elementor-element elementor-element-240baa7a elementor-section-boxed elementor-section-height-default elementor-section-height-default\" data-id=\"240baa7a\" data-element_type=\"section\" data-e-type=\"section\" data-settings=\"{&quot;background_background&quot;:&quot;classic&quot;}\">\n\t\t\t\t\t\t<div class=\"elementor-container elementor-column-gap-default\">\n\t\t\t\t\t<div class=\"elementor-column elementor-col-100 elementor-top-column elementor-element elementor-element-1afe9e42\" data-id=\"1afe9e42\" data-element_type=\"column\" data-e-type=\"column\">\n\t\t\t<div class=\"elementor-widget-wrap elementor-element-populated\">\n\t\t\t\t\t\t<div class=\"elementor-element elementor-element-65bd50ae elementor-widget elementor-widget-heading\" data-id=\"65bd50ae\" data-element_type=\"widget\" data-e-type=\"widget\" data-widget_type=\"heading.default\">\n\t\t\t\t<div class=\"elementor-widget-container\">\n\t\t\t\t\t<h1 class=\"elementor-heading-title elementor-size-default\">Pa\u00eds de investiga\u00e7\u00e3o: M\u00e9xico<\/h1>\t\t\t\t<\/div>\n\t\t\t\t<\/div>\n\t\t\t\t\t<\/div>\n\t\t<\/div>\n\t\t\t\t\t<\/div>\n\t\t<\/section>\n\t\t\t\t<section class=\"elementor-section elementor-top-section elementor-element elementor-element-446540f elementor-section-boxed elementor-section-height-default elementor-section-height-default\" data-id=\"446540f\" data-element_type=\"section\" data-e-type=\"section\">\n\t\t\t\t\t\t<div class=\"elementor-container elementor-column-gap-default\">\n\t\t\t\t\t<div class=\"elementor-column elementor-col-100 elementor-top-column elementor-element elementor-element-312a2d3\" data-id=\"312a2d3\" data-element_type=\"column\" data-e-type=\"column\">\n\t\t\t<div class=\"elementor-widget-wrap elementor-element-populated\">\n\t\t\t\t\t\t<div class=\"elementor-element elementor-element-a9db9a5 elementor-widget elementor-widget-text-editor\" data-id=\"a9db9a5\" data-element_type=\"widget\" data-e-type=\"widget\" data-widget_type=\"text-editor.default\">\n\t\t\t\t<div class=\"elementor-widget-container\">\n\t\t\t\t\t\t\t\t\t<p style=\"text-align: center;\">\u00a0 \u00a0<strong>Subp\u00e1ginas:<\/strong><\/p><p style=\"text-align: center;\"><a href=\"https:\/\/gradido.net\/pt\/countries\/mexico\/economic-social-and-political-situation\/\">1. situa\u00e7\u00e3o econ\u00f3mica, social e pol\u00edtica<\/a><\/p>\t\t\t\t\t\t\t\t<\/div>\n\t\t\t\t<\/div>\n\t\t\t\t<div class=\"elementor-element elementor-element-d7bb196 elementor-widget-divider--view-line elementor-widget elementor-widget-divider\" data-id=\"d7bb196\" data-element_type=\"widget\" data-e-type=\"widget\" data-widget_type=\"divider.default\">\n\t\t\t\t<div class=\"elementor-widget-container\">\n\t\t\t\t\t\t\t<div class=\"elementor-divider\">\n\t\t\t<span class=\"elementor-divider-separator\">\n\t\t\t\t\t\t<\/span>\n\t\t<\/div>\n\t\t\t\t\t\t<\/div>\n\t\t\t\t<\/div>\n\t\t\t\t<div class=\"elementor-element elementor-element-146ff9d elementor-widget elementor-widget-text-editor\" data-id=\"146ff9d\" data-element_type=\"widget\" data-e-type=\"widget\" data-widget_type=\"text-editor.default\">\n\t\t\t\t<div class=\"elementor-widget-container\">\n\t\t\t\t\t\t\t\t\t<div class=\"wiki-page-header-wrapper\"><div class=\"wiki-page-header-wrapper\"><h2 id=\"mexiko-im-jahr-2025-%E2%80%93-aus-sicht-von-gradido\" tabindex=\"-1\">O M\u00e9xico em 2025 - Na perspetiva da Gradido<\/h2><\/div><div class=\"wiki-page-header-wrapper\"><h3 id=\"analyse-%26-inspiration-f%C3%BCr-eine-zukunftsf%C3%A4hige%2C-gemeinwohlorientierte-transformation\" tabindex=\"-1\">An\u00e1lise e inspira\u00e7\u00e3o para uma transforma\u00e7\u00e3o sustent\u00e1vel em prol do bem comum<\/h3><p><strong>1. situa\u00e7\u00e3o econ\u00f3mica, social e pol\u00edtica<\/strong><br \/>O M\u00e9xico enfrenta atualmente desafios complexos: A estagna\u00e7\u00e3o econ\u00f3mica, a depend\u00eancia extrema do mercado norte-americano, os elevados n\u00edveis de pobreza e de desigualdade social, a viol\u00eancia generalizada, a corrup\u00e7\u00e3o e a incerteza pol\u00edtica caracterizam o pa\u00eds. Apesar de alguns progressos na luta contra a pobreza, a insatisfa\u00e7\u00e3o est\u00e1 a aumentar, especialmente entre os grupos marginalizados. Simultaneamente, existe um forte desejo de novos caminhos e de uma verdadeira participa\u00e7\u00e3o na prosperidade.<\/p><p><strong>2. distribui\u00e7\u00e3o da riqueza e das oportunidades<\/strong><br \/>O fosso entre ricos e pobres \u00e9 enorme - os grupos populacionais ind\u00edgenas e rurais s\u00e3o particularmente desfavorecidos e, muitas vezes, permanentemente marginalizados. Mais de dois ter\u00e7os da popula\u00e7\u00e3o ind\u00edgena vive na pobreza. A educa\u00e7\u00e3o, os cuidados de sa\u00fade e a mobilidade social s\u00e3o de dif\u00edcil acesso para estes grupos.<\/p><p><strong>3. migra\u00e7\u00e3o e fluxos de caixa<\/strong><br \/>Milh\u00f5es de mexicanos trabalham no estrangeiro, sobretudo nos EUA. As suas remessas garantem a sobreviv\u00eancia de muitas fam\u00edlias, mas tamb\u00e9m as tornam econ\u00f3mica e socialmente dependentes. A migra\u00e7\u00e3o separa as fam\u00edlias e enfraquece o desenvolvimento das regi\u00f5es rurais.<\/p><p><strong>4. corrup\u00e7\u00e3o, criminalidade e instabilidade<\/strong><br \/>A corrup\u00e7\u00e3o est\u00e1 presente em todos os n\u00edveis do Estado. Os cart\u00e9is da droga controlam grande parte do pa\u00eds e a vida caracteriza-se pela viol\u00eancia, pela inseguran\u00e7a e pelo medo. As estruturas do Estado e o Estado de direito est\u00e3o enfraquecidos - a mobilidade social e a inova\u00e7\u00e3o s\u00e3o retardadas.<\/p><p><strong>5. valores culturais e comunidade<\/strong><br \/>O M\u00e9xico tem uma cultura profunda de apoio \u00e0 fam\u00edlia, \u00e0 comunidade e \u00e0 vizinhan\u00e7a, especialmente nas regi\u00f5es ind\u00edgenas, nas zonas rurais e nos estados religiosos. A doutrina social cat\u00f3lica e as tradi\u00e7\u00f5es ind\u00edgenas constituem um terreno f\u00e9rtil para modelos econ\u00f3micos alternativos baseados na solidariedade.<\/p><p><strong>6. situa\u00e7\u00e3o da educa\u00e7\u00e3o e da forma\u00e7\u00e3o<\/strong><br \/>As crian\u00e7as e os jovens de fam\u00edlias pobres, rurais e ind\u00edgenas s\u00e3o afectados por enormes desvantagens na educa\u00e7\u00e3o e na forma\u00e7\u00e3o. A pobreza, a falta de infra-estruturas, as barreiras culturais e a falta de reconhecimento de percursos de aprendizagem alternativos impedem a mobilidade social e a realiza\u00e7\u00e3o pessoal.<\/p><p><strong>7. sistema de sa\u00fade e seguran\u00e7a social<\/strong><br \/>Embora o M\u00e9xico disponha de v\u00e1rios sistemas de sa\u00fade p\u00fablicos e privados, o acesso a cuidados m\u00e9dicos de elevada qualidade continua a estar distribu\u00eddo de forma desigual. Os sectores pobres e rurais da popula\u00e7\u00e3o s\u00e3o particularmente desfavorecidos; embora os cuidados b\u00e1sicos sejam garantidos, os servi\u00e7os de alta qualidade s\u00e3o frequentemente acess\u00edveis apenas aos mais ricos.<\/p><p><strong>8. trabalho de assist\u00eancia e voluntariado<\/strong><br \/>O trabalho de assist\u00eancia n\u00e3o remunerado - especialmente por parte das mulheres - e o trabalho volunt\u00e1rio s\u00e3o pilares da sociedade, mas dificilmente s\u00e3o reconhecidos financeira ou socialmente. O apoio estatal continua a ser limitado. A ajuda de proximidade est\u00e1 firmemente enraizada a n\u00edvel local, mas n\u00e3o \u00e9 muito vis\u00edvel a n\u00edvel nacional.<\/p><p><strong>9. abertura \u00e0 inova\u00e7\u00e3o e a solu\u00e7\u00f5es alternativas<\/strong><br \/>O M\u00e9xico est\u00e1 muito aberto \u00e0 inova\u00e7\u00e3o, \u00e0 digitaliza\u00e7\u00e3o e a modelos econ\u00f3micos alternativos nos centros urbanos e em sectores jovens e din\u00e2micos. As carteiras digitais, as abordagens participativas e as empresas sociais est\u00e3o a tornar-se cada vez mais importantes - mas o fosso entre as zonas urbanas e rurais continua a ser um desafio.<\/p><p><strong>10. projectos comunit\u00e1rios, cooperativas e moedas digitais<\/strong><br \/>H\u00e1 um movimento vivo de cooperativas e projectos financiados pela comunidade, especialmente nas regi\u00f5es rurais e ind\u00edgenas. As carteiras digitais e as moedas experimentais est\u00e3o a ganhar terreno rapidamente, mas as moedas alternativas tradicionais ainda s\u00e3o raras.<\/p><p><strong>11. potencialidades e obst\u00e1culos para o Gradido<\/strong><br \/>O potencial mais forte do Gradido reside na sua profunda tradi\u00e7\u00e3o comunit\u00e1ria, na abertura \u00e0 inova\u00e7\u00e3o e na experi\u00eancia com a economia solid\u00e1ria. Os maiores obst\u00e1culos s\u00e3o a resist\u00eancia do governo, a corrup\u00e7\u00e3o, a exclus\u00e3o digital e a diversidade cultural. A flexibilidade, a transpar\u00eancia, as ra\u00edzes locais e a conce\u00e7\u00e3o participativa s\u00e3o as chaves do sucesso.<\/p><p><strong>12. papel dos actores internacionais<\/strong><br \/>As ONG internacionais, as Na\u00e7\u00f5es Unidas e os projectos de coopera\u00e7\u00e3o promovem a inclus\u00e3o, a sustentabilidade e a inova\u00e7\u00e3o - e oferecem interfaces ideais para pilotar o Gradido como um complemento ou desenvolvimento adicional e lig\u00e1-lo a agendas como a Agenda 2030.<\/p><hr \/><\/div><div class=\"wiki-page-header-wrapper\"><h2 id=\"kommentar-von-nea\" tabindex=\"-1\">Avalia\u00e7\u00e3o complementar numa perspetiva Gradido<\/h2><p><strong>O M\u00e9xico est\u00e1 num limiar: a crise e a escassez est\u00e3o a abrir espa\u00e7o para novos caminhos.<\/strong><br \/>A Economia Natural da Vida \u00e9 capaz de honrar, tornar vis\u00edvel e ancorar economicamente os valores profundamente enraizados da comunidade, da participa\u00e7\u00e3o e da aprecia\u00e7\u00e3o m\u00fatua.<br \/>A abertura t\u00e9cnica da sociedade, o desejo de justi\u00e7a, a resili\u00eancia das pessoas e o apelo global a solu\u00e7\u00f5es sustent\u00e1veis - todas estas s\u00e3o for\u00e7as que podem fazer o Gradido florescer no M\u00e9xico.<\/p><p>Gradido oferece uma resposta pac\u00edfica e de esp\u00edrito p\u00fablico \u00e0 divis\u00e3o, ao medo e \u00e0 impot\u00eancia - tornando a inova\u00e7\u00e3o, a participa\u00e7\u00e3o, a educa\u00e7\u00e3o e a sa\u00fade uma realidade, mesmo para os mais desfavorecidos, e explorando os pontos fortes da alma mexicana.<\/p><p><strong>Ess\u00eancia:<\/strong><br \/>O M\u00e9xico pode, se estiver preparado, tornar-se o farol e o modelo de uma nova ordem de prosperidade, humana e sustent\u00e1vel - apoiada no amor, na comunidade e na sabedoria de mil\u00e9nios.<\/p><\/div><\/div>\t\t\t\t\t\t\t\t<\/div>\n\t\t\t\t<\/div>\n\t\t\t\t\t<\/div>\n\t\t<\/div>\n\t\t\t\t\t<\/div>\n\t\t<\/section>\n\t\t\t\t<\/div>","protected":false},"excerpt":{"rendered":"<p>L\u00e4nderforschung: Mexiko \u00a0 \u00a0Unterseiten: 1. Wirtschaftliche, soziale und politische Situation Mexiko im Jahr 2025 \u2013 Aus Sicht von Gradido Analyse &amp; Inspiration f\u00fcr eine zukunftsf\u00e4hige, gemeinwohlorientierte Transformation 1. Wirtschaftliche, soziale und politische Situation Mexiko steht aktuell vor komplexen Herausforderungen: Wirtschaftliche Stagnation, extreme Abh\u00e4ngigkeit vom US-Markt, hohe Armut und soziale Ungleichheit, allgegenw\u00e4rtige Gewalt, Korruption und politische [&hellip;]<\/p>\n","protected":false},"author":2,"featured_media":10458,"parent":10457,"menu_order":0,"comment_status":"closed","ping_status":"closed","template":"","meta":{"footnotes":""},"class_list":["post-10841","page","type-page","status-publish","has-post-thumbnail","hentry"],"yoast_head":"<!-- This site is optimized with the Yoast SEO plugin v27.5 - https:\/\/yoast.com\/product\/yoast-seo-wordpress\/ -->\n<title>Indien - Gradido<\/title>\n<meta name=\"description\" content=\"Sei Teil der Bewegung!Gemeinsam bringen wir Gradido in die Welt.\" \/>\n<meta name=\"robots\" content=\"index, follow, max-snippet:-1, max-image-preview:large, max-video-preview:-1\" \/>\n<link rel=\"canonical\" href=\"https:\/\/gradido.net\/pt\/countries\/india\/\" \/>\n<meta property=\"og:locale\" content=\"pt_PT\" \/>\n<meta property=\"og:type\" content=\"article\" \/>\n<meta property=\"og:title\" content=\"Indien - Gradido\" \/>\n<meta property=\"og:description\" content=\"Sei Teil der Bewegung!Gemeinsam bringen wir Gradido in die Welt.\" \/>\n<meta property=\"og:url\" content=\"https:\/\/gradido.net\/pt\/countries\/india\/\" \/>\n<meta property=\"og:site_name\" content=\"Gradido\" \/>\n<meta property=\"og:image\" content=\"https:\/\/gradido.net\/wp-content\/uploads\/2025\/07\/AdobeStock_3210827871-scaled.jpeg\" \/>\n\t<meta property=\"og:image:width\" content=\"2560\" \/>\n\t<meta property=\"og:image:height\" content=\"790\" \/>\n\t<meta property=\"og:image:type\" content=\"image\/jpeg\" \/>\n<meta name=\"twitter:card\" content=\"summary_large_image\" \/>\n<meta name=\"twitter:label1\" content=\"Tempo estimado de leitura\" \/>\n\t<meta name=\"twitter:data1\" content=\"4 minutos\" \/>\n<script type=\"application\/ld+json\" class=\"yoast-schema-graph\">{\"@context\":\"https:\\\/\\\/schema.org\",\"@graph\":[{\"@type\":\"WebPage\",\"@id\":\"https:\\\/\\\/gradido.net\\\/countries\\\/india\\\/\",\"url\":\"https:\\\/\\\/gradido.net\\\/countries\\\/india\\\/\",\"name\":\"Indien - Gradido\",\"isPartOf\":{\"@id\":\"https:\\\/\\\/gradido.net\\\/de\\\/#website\"},\"primaryImageOfPage\":{\"@id\":\"https:\\\/\\\/gradido.net\\\/countries\\\/india\\\/#primaryimage\"},\"image\":{\"@id\":\"https:\\\/\\\/gradido.net\\\/countries\\\/india\\\/#primaryimage\"},\"thumbnailUrl\":\"https:\\\/\\\/gradido.net\\\/wp-content\\\/uploads\\\/2025\\\/07\\\/AdobeStock_3210827871-scaled.jpeg\",\"datePublished\":\"2025-08-02T06:43:25+00:00\",\"description\":\"Sei Teil der Bewegung!Gemeinsam bringen wir Gradido in die Welt.\",\"breadcrumb\":{\"@id\":\"https:\\\/\\\/gradido.net\\\/countries\\\/india\\\/#breadcrumb\"},\"inLanguage\":\"pt-PT\",\"potentialAction\":[{\"@type\":\"ReadAction\",\"target\":[\"https:\\\/\\\/gradido.net\\\/countries\\\/india\\\/\"]}]},{\"@type\":\"ImageObject\",\"inLanguage\":\"pt-PT\",\"@id\":\"https:\\\/\\\/gradido.net\\\/countries\\\/india\\\/#primaryimage\",\"url\":\"https:\\\/\\\/gradido.net\\\/wp-content\\\/uploads\\\/2025\\\/07\\\/AdobeStock_3210827871-scaled.jpeg\",\"contentUrl\":\"https:\\\/\\\/gradido.net\\\/wp-content\\\/uploads\\\/2025\\\/07\\\/AdobeStock_3210827871-scaled.jpeg\",\"width\":2560,\"height\":790,\"caption\":\"world globe planet earth 3d-illustration. elements of this image furnished by NASA\"},{\"@type\":\"BreadcrumbList\",\"@id\":\"https:\\\/\\\/gradido.net\\\/countries\\\/india\\\/#breadcrumb\",\"itemListElement\":[{\"@type\":\"ListItem\",\"position\":1,\"name\":\"Startseite\",\"item\":\"https:\\\/\\\/gradido.net\\\/\"},{\"@type\":\"ListItem\",\"position\":2,\"name\":\"L\u00e4nderforschung\",\"item\":\"https:\\\/\\\/gradido.net\\\/countries\\\/\"},{\"@type\":\"ListItem\",\"position\":3,\"name\":\"Indien\"}]},{\"@type\":\"WebSite\",\"@id\":\"https:\\\/\\\/gradido.net\\\/de\\\/#website\",\"url\":\"https:\\\/\\\/gradido.net\\\/de\\\/\",\"name\":\"Gradido\",\"description\":\"Die neue W\u00e4hrung hei\u00dft Dankbarkeit\",\"publisher\":{\"@id\":\"https:\\\/\\\/gradido.net\\\/de\\\/#organization\"},\"potentialAction\":[{\"@type\":\"SearchAction\",\"target\":{\"@type\":\"EntryPoint\",\"urlTemplate\":\"https:\\\/\\\/gradido.net\\\/de\\\/?s={search_term_string}\"},\"query-input\":{\"@type\":\"PropertyValueSpecification\",\"valueRequired\":true,\"valueName\":\"search_term_string\"}}],\"inLanguage\":\"pt-PT\"},{\"@type\":\"Organization\",\"@id\":\"https:\\\/\\\/gradido.net\\\/de\\\/#organization\",\"name\":\"Gradido\",\"url\":\"https:\\\/\\\/gradido.net\\\/de\\\/\",\"logo\":{\"@type\":\"ImageObject\",\"inLanguage\":\"pt-PT\",\"@id\":\"https:\\\/\\\/gradido.net\\\/de\\\/#\\\/schema\\\/logo\\\/image\\\/\",\"url\":\"https:\\\/\\\/gradido.net\\\/wp-content\\\/uploads\\\/2022\\\/04\\\/gradido-social.jpg\",\"contentUrl\":\"https:\\\/\\\/gradido.net\\\/wp-content\\\/uploads\\\/2022\\\/04\\\/gradido-social.jpg\",\"width\":527,\"height\":273,\"caption\":\"Gradido\"},\"image\":{\"@id\":\"https:\\\/\\\/gradido.net\\\/de\\\/#\\\/schema\\\/logo\\\/image\\\/\"}}]}<\/script>\n<!-- \/ Yoast SEO plugin. -->","yoast_head_json":{"title":"\u00cdndia - Gradido","description":"Juntos, vamos trazer o Gradido ao mundo.","robots":{"index":"index","follow":"follow","max-snippet":"max-snippet:-1","max-image-preview":"max-image-preview:large","max-video-preview":"max-video-preview:-1"},"canonical":"https:\/\/gradido.net\/pt\/countries\/india\/","og_locale":"pt_PT","og_type":"article","og_title":"Indien - Gradido","og_description":"Sei Teil der Bewegung!Gemeinsam bringen wir Gradido in die Welt.","og_url":"https:\/\/gradido.net\/pt\/countries\/india\/","og_site_name":"Gradido","og_image":[{"width":2560,"height":790,"url":"https:\/\/gradido.net\/wp-content\/uploads\/2025\/07\/AdobeStock_3210827871-scaled.jpeg","type":"image\/jpeg"}],"twitter_card":"summary_large_image","twitter_misc":{"Tempo estimado de leitura":"4 minutos"},"schema":{"@context":"https:\/\/schema.org","@graph":[{"@type":"WebPage","@id":"https:\/\/gradido.net\/countries\/india\/","url":"https:\/\/gradido.net\/countries\/india\/","name":"\u00cdndia - Gradido","isPartOf":{"@id":"https:\/\/gradido.net\/de\/#website"},"primaryImageOfPage":{"@id":"https:\/\/gradido.net\/countries\/india\/#primaryimage"},"image":{"@id":"https:\/\/gradido.net\/countries\/india\/#primaryimage"},"thumbnailUrl":"https:\/\/gradido.net\/wp-content\/uploads\/2025\/07\/AdobeStock_3210827871-scaled.jpeg","datePublished":"2025-08-02T06:43:25+00:00","description":"Juntos, vamos trazer o Gradido ao mundo.","breadcrumb":{"@id":"https:\/\/gradido.net\/countries\/india\/#breadcrumb"},"inLanguage":"pt-PT","potentialAction":[{"@type":"ReadAction","target":["https:\/\/gradido.net\/countries\/india\/"]}]},{"@type":"ImageObject","inLanguage":"pt-PT","@id":"https:\/\/gradido.net\/countries\/india\/#primaryimage","url":"https:\/\/gradido.net\/wp-content\/uploads\/2025\/07\/AdobeStock_3210827871-scaled.jpeg","contentUrl":"https:\/\/gradido.net\/wp-content\/uploads\/2025\/07\/AdobeStock_3210827871-scaled.jpeg","width":2560,"height":790,"caption":"world globe planet earth 3d-illustration. elements of this image furnished by NASA"},{"@type":"BreadcrumbList","@id":"https:\/\/gradido.net\/countries\/india\/#breadcrumb","itemListElement":[{"@type":"ListItem","position":1,"name":"Startseite","item":"https:\/\/gradido.net\/"},{"@type":"ListItem","position":2,"name":"L\u00e4nderforschung","item":"https:\/\/gradido.net\/countries\/"},{"@type":"ListItem","position":3,"name":"Indien"}]},{"@type":"WebSite","@id":"https:\/\/gradido.net\/de\/#website","url":"https:\/\/gradido.net\/de\/","name":"Gradido","description":"A nova moeda \u00e9 a gratid\u00e3o","publisher":{"@id":"https:\/\/gradido.net\/de\/#organization"},"potentialAction":[{"@type":"SearchAction","target":{"@type":"EntryPoint","urlTemplate":"https:\/\/gradido.net\/de\/?s={search_term_string}"},"query-input":{"@type":"PropertyValueSpecification","valueRequired":true,"valueName":"search_term_string"}}],"inLanguage":"pt-PT"},{"@type":"Organization","@id":"https:\/\/gradido.net\/de\/#organization","name":"Gradido","url":"https:\/\/gradido.net\/de\/","logo":{"@type":"ImageObject","inLanguage":"pt-PT","@id":"https:\/\/gradido.net\/de\/#\/schema\/logo\/image\/","url":"https:\/\/gradido.net\/wp-content\/uploads\/2022\/04\/gradido-social.jpg","contentUrl":"https:\/\/gradido.net\/wp-content\/uploads\/2022\/04\/gradido-social.jpg","width":527,"height":273,"caption":"Gradido"},"image":{"@id":"https:\/\/gradido.net\/de\/#\/schema\/logo\/image\/"}}]}},"_links":{"self":[{"href":"https:\/\/gradido.net\/pt\/wp-json\/wp\/v2\/pages\/10841","targetHints":{"allow":["GET"]}}],"collection":[{"href":"https:\/\/gradido.net\/pt\/wp-json\/wp\/v2\/pages"}],"about":[{"href":"https:\/\/gradido.net\/pt\/wp-json\/wp\/v2\/types\/page"}],"author":[{"embeddable":true,"href":"https:\/\/gradido.net\/pt\/wp-json\/wp\/v2\/users\/2"}],"replies":[{"embeddable":true,"href":"https:\/\/gradido.net\/pt\/wp-json\/wp\/v2\/comments?post=10841"}],"version-history":[{"count":1,"href":"https:\/\/gradido.net\/pt\/wp-json\/wp\/v2\/pages\/10841\/revisions"}],"predecessor-version":[{"id":10842,"href":"https:\/\/gradido.net\/pt\/wp-json\/wp\/v2\/pages\/10841\/revisions\/10842"}],"up":[{"embeddable":true,"href":"https:\/\/gradido.net\/pt\/wp-json\/wp\/v2\/pages\/10457"}],"wp:featuredmedia":[{"embeddable":true,"href":"https:\/\/gradido.net\/pt\/wp-json\/wp\/v2\/media\/10458"}],"wp:attachment":[{"href":"https:\/\/gradido.net\/pt\/wp-json\/wp\/v2\/media?parent=10841"}],"curies":[{"name":"wp","href":"https:\/\/api.w.org\/{rel}","templated":true}]}}