{"id":754,"date":"2020-09-21T21:45:30","date_gmt":"2020-09-21T19:45:30","guid":{"rendered":"http:\/\/neu.gradido.net\/?page_id=754"},"modified":"2020-09-21T21:46:10","modified_gmt":"2020-09-21T19:46:10","slug":"coin-danke-foerderbeitrag","status":"publish","type":"page","link":"https:\/\/gradido.net\/ru\/coin-danke-foerderbeitrag\/","title":{"rendered":"\u041c\u043e\u043d\u0435\u0442\u0430 - \u0441\u043f\u0430\u0441\u0438\u0431\u043e \u0437\u0430 \u0441\u043f\u043e\u043d\u0441\u043e\u0440\u0441\u043a\u0438\u0439 \u0432\u0437\u043d\u043e\u0441"},"content":{"rendered":"<div data-elementor-type=\"wp-page\" data-elementor-id=\"754\" class=\"elementor elementor-754\" data-elementor-post-type=\"page\">\n\t\t\t\t\t\t<section class=\"elementor-section elementor-top-section elementor-element elementor-element-92e1625 elementor-section-full_width elementor-section-height-default elementor-section-height-default\" data-id=\"92e1625\" data-element_type=\"section\" data-e-type=\"section\">\n\t\t\t\t\t\t<div class=\"elementor-container elementor-column-gap-no\">\n\t\t\t\t\t<div class=\"elementor-column elementor-col-100 elementor-top-column elementor-element elementor-element-7dbdfdb\" data-id=\"7dbdfdb\" data-element_type=\"column\" data-e-type=\"column\">\n\t\t\t<div class=\"elementor-widget-wrap elementor-element-populated\">\n\t\t\t\t\t\t<div class=\"elementor-element elementor-element-2f0cbd8 elementor--h-position-center elementor--v-position-middle elementor-arrows-position-inside elementor-widget elementor-widget-slides\" data-id=\"2f0cbd8\" data-element_type=\"widget\" data-e-type=\"widget\" data-settings=\"{&quot;navigation&quot;:&quot;arrows&quot;,&quot;autoplay&quot;:&quot;yes&quot;,&quot;pause_on_hover&quot;:&quot;yes&quot;,&quot;pause_on_interaction&quot;:&quot;yes&quot;,&quot;autoplay_speed&quot;:5000,&quot;infinite&quot;:&quot;yes&quot;,&quot;transition&quot;:&quot;slide&quot;,&quot;transition_speed&quot;:500}\" data-widget_type=\"slides.default\">\n\t\t\t\t<div class=\"elementor-widget-container\">\n\t\t\t\t\t\t\t\t\t<div class=\"elementor-swiper\">\n\t\t\t\t\t<div class=\"elementor-slides-wrapper elementor-main-swiper swiper\" role=\"region\" aria-roledescription=\"carousel\" aria-label=\"\u0421\u043b\u0430\u0439\u0434\u044b\" dir=\"ltr\" data-animation=\"fadeInUp\" data-no-translation-aria-label=\"\">\n\t\t\t\t<div class=\"swiper-wrapper elementor-slides\">\n\t\t\t\t\t\t\t\t\t\t<div class=\"elementor-repeater-item-2de4990 swiper-slide\" role=\"group\" aria-roledescription=\"slide\"><div class=\"swiper-slide-bg\" role=\"img\" aria-label=\"slide-1\"><\/div><div class=\"swiper-slide-inner\" ><div class=\"swiper-slide-contents\"><\/div><\/div><\/div>\t\t\t\t<\/div>\n\t\t\t\t\t\t\t<\/div>\n\t\t\t\t<\/div>\n\t\t\t\t\t\t\t\t<\/div>\n\t\t\t\t<\/div>\n\t\t\t\t\t<\/div>\n\t\t<\/div>\n\t\t\t\t\t<\/div>\n\t\t<\/section>\n\t\t\t\t<section class=\"elementor-section elementor-top-section elementor-element elementor-element-1ebdc7c elementor-section-boxed elementor-section-height-default elementor-section-height-default\" data-id=\"1ebdc7c\" data-element_type=\"section\" data-e-type=\"section\" data-settings=\"{&quot;background_background&quot;:&quot;classic&quot;}\">\n\t\t\t\t\t\t<div class=\"elementor-container elementor-column-gap-default\">\n\t\t\t\t\t<div class=\"elementor-column elementor-col-100 elementor-top-column elementor-element elementor-element-778e2b7\" data-id=\"778e2b7\" data-element_type=\"column\" data-e-type=\"column\">\n\t\t\t<div class=\"elementor-widget-wrap elementor-element-populated\">\n\t\t\t\t\t\t<div class=\"elementor-element elementor-element-68171e0 elementor-widget elementor-widget-heading\" data-id=\"68171e0\" data-element_type=\"widget\" data-e-type=\"widget\" data-widget_type=\"heading.default\">\n\t\t\t\t<div class=\"elementor-widget-container\">\n\t\t\t\t\t<h1 class=\"elementor-heading-title elementor-size-default\">\u0411\u043e\u043b\u044c\u0448\u043e\u0435 \u0441\u043f\u0430\u0441\u0438\u0431\u043e \u0437\u0430<br>\n\u0412\u0430\u0448 \u0441\u043f\u043e\u043d\u0441\u043e\u0440\u0441\u043a\u0438\u0439 \u0432\u043a\u043b\u0430\u0434!<\/h1>\t\t\t\t<\/div>\n\t\t\t\t<\/div>\n\t\t\t\t\t<\/div>\n\t\t<\/div>\n\t\t\t\t\t<\/div>\n\t\t<\/section>\n\t\t\t\t<section class=\"elementor-section elementor-top-section elementor-element elementor-element-ded1af4 elementor-section-boxed elementor-section-height-default elementor-section-height-default\" data-id=\"ded1af4\" data-element_type=\"section\" data-e-type=\"section\" data-settings=\"{&quot;background_background&quot;:&quot;classic&quot;}\">\n\t\t\t\t\t\t<div class=\"elementor-container elementor-column-gap-default\">\n\t\t\t\t\t<div class=\"elementor-column elementor-col-100 elementor-top-column elementor-element elementor-element-d94d0a2\" data-id=\"d94d0a2\" data-element_type=\"column\" data-e-type=\"column\">\n\t\t\t<div class=\"elementor-widget-wrap elementor-element-populated\">\n\t\t\t\t\t\t<div class=\"elementor-element elementor-element-07756e0 elementor-widget elementor-widget-heading\" data-id=\"07756e0\" data-element_type=\"widget\" data-e-type=\"widget\" data-widget_type=\"heading.default\">\n\t\t\t\t<div class=\"elementor-widget-container\">\n\t\t\t\t\t<h3 class=\"elementor-heading-title elementor-size-default\">\u041d\u0430\u0448 \u043f\u0440\u043e\u0432\u0430\u0439\u0434\u0435\u0440 'Elopage' \u0443\u0441\u043f\u0435\u0448\u043d\u043e \u0441\u043e\u0437\u0434\u0430\u043b \u0432\u0430\u0448 \u043d\u043e\u0432\u044b\u0439 \u043f\u043e\u043b\u044c\u0437\u043e\u0432\u0430\u0442\u0435\u043b\u044c\u0441\u043a\u0438\u0439 \u0440\u0430\u0437\u0434\u0435\u043b.<\/h3>\t\t\t\t<\/div>\n\t\t\t\t<\/div>\n\t\t\t\t<div class=\"elementor-element elementor-element-9d3e828 elementor-widget elementor-widget-text-editor\" data-id=\"9d3e828\" data-element_type=\"widget\" data-e-type=\"widget\" data-widget_type=\"text-editor.default\">\n\t\t\t\t<div class=\"elementor-widget-container\">\n\t\t\t\t\t\t\t\t\t<p>\u0422\u044b \u0441\u043e\u0431\u0438\u0440\u0430\u0435\u0448\u044c\u0441\u044f \u043f\u043e\u043b\u0443\u0447\u0438\u0442\u044c\u00a0<strong>\u042d\u043b\u0435\u043a\u0442\u0440\u043e\u043d\u043d\u044b\u0439 \u0430\u0434\u0440\u0435\u0441 mail@elopage.com<\/strong>\u00a0\u0441 \u0432\u0430\u0448\u0438\u043c\u0438 \u0440\u0435\u0433\u0438\u0441\u0442\u0440\u0430\u0446\u0438\u043e\u043d\u043d\u044b\u043c\u0438 \u0434\u0430\u043d\u043d\u044b\u043c\u0438.<\/p><p>\u0410 \u0434\u043e \u0442\u0435\u0445 \u043f\u043e\u0440, \u043f\u043e\u0436\u0430\u043b\u0443\u0439\u0441\u0442\u0430, \u0441\u043c\u043e\u0442\u0440\u0438\u0442\u0435 \u043a\u043e\u0440\u043e\u0442\u043a\u043e\u00a0<strong>\u0412\u0432\u043e\u0434\u043d\u043e\u0435 \u0432\u0438\u0434\u0435\u043e<\/strong>\u00a0\u0412\u043f\u0435\u0440\u0451\u0434:<\/p>\t\t\t\t\t\t\t\t<\/div>\n\t\t\t\t<\/div>\n\t\t\t\t<div class=\"elementor-element elementor-element-489151a elementor-widget elementor-widget-video\" data-id=\"489151a\" data-element_type=\"widget\" data-e-type=\"widget\" data-settings=\"{&quot;yt_privacy&quot;:&quot;yes&quot;,&quot;video_type&quot;:&quot;vimeo&quot;}\" data-widget_type=\"video.default\">\n\t\t\t\t<div class=\"elementor-widget-container\">\n\t\t\t\t\t\t\t<div class=\"elementor-wrapper elementor-open-inline\">\n\t\t\t<iframe hcb-fetch-image-from=\"https:\/\/player.vimeo.com\/video\/396726709\" class=\"elementor-video-iframe\" allowfullscreen allow=\"clipboard-write\" title=\"vimeo \u0412\u0438\u0434\u0435\u043e\u043f\u043b\u0435\u0435\u0440\" src=\"https:\/\/player.vimeo.com\/video\/396726709?color&amp;autopause=0&amp;dnt=true&amp;loop=0&amp;muted=0&amp;title=1&amp;portrait=1&amp;byline=1#t=\" data-no-translation-title=\"\"><\/iframe>\t\t<\/div>\n\t\t\t\t\t\t<\/div>\n\t\t\t\t<\/div>\n\t\t\t\t<div class=\"elementor-element elementor-element-393113d elementor-widget elementor-widget-text-editor\" data-id=\"393113d\" data-element_type=\"widget\" data-e-type=\"widget\" data-widget_type=\"text-editor.default\">\n\t\t\t\t<div class=\"elementor-widget-container\">\n\t\t\t\t\t\t\t\t\t<p>\u041c\u044b \u0436\u0435\u043b\u0430\u0435\u043c \u0432\u0430\u043c \u0434\u0430\u043b\u044c\u043d\u0435\u0439\u0448\u0435\u0433\u043e \u043d\u0430\u0441\u043b\u0430\u0436\u0434\u0435\u043d\u0438\u044f \u0441 \u0413\u0440\u0430\u0434\u0438\u0434\u043e.<\/p><p>\u0422\u0432\u043e\u044f \u043a\u043e\u043c\u0430\u043d\u0434\u0430 \u0413\u0440\u0430\u0434\u0438\u0434\u043e<\/p>\t\t\t\t\t\t\t\t<\/div>\n\t\t\t\t<\/div>\n\t\t\t\t\t<\/div>\n\t\t<\/div>\n\t\t\t\t\t<\/div>\n\t\t<\/section>\n\t\t\t\t<\/div>","protected":false},"excerpt":{"rendered":"<p>\u0411\u043b\u0430\u0433\u043e\u0434\u0430\u0440\u0438\u043c \u0412\u0430\u0441 \u0437\u0430 \u043f\u043e\u0434\u0434\u0435\u0440\u0436\u043a\u0443! \u041d\u0430\u0448 \u043f\u0440\u043e\u0432\u0430\u0439\u0434\u0435\u0440 \"\u042d\u043b\u043e\u043f\u0430\u0436\" \u0443\u0441\u043f\u0435\u0448\u043d\u043e \u0441\u043e\u0437\u0434\u0430\u043b \u0432\u0430\u0448 \u043d\u043e\u0432\u044b\u0439 \u043a\u0430\u0431\u0438\u043d\u0435\u0442 \u043f\u043e\u043b\u044c\u0437\u043e\u0432\u0430\u0442\u0435\u043b\u044f. \u0412\u044b \u043f\u043e\u043b\u0443\u0447\u0438\u0442\u0435 \u043f\u0438\u0441\u044c\u043c\u043e \u043e\u0442 mail@elopage.com \u0441 \u0434\u0430\u043d\u043d\u044b\u043c\u0438 \u0434\u043b\u044f \u0432\u0445\u043e\u0434\u0430 \u0432 \u0441\u0438\u0441\u0442\u0435\u043c\u0443. \u0410 \u043f\u043e\u043a\u0430, \u043f\u043e\u0436\u0430\u043b\u0443\u0439\u0441\u0442\u0430, \u043f\u043e\u0441\u043c\u043e\u0442\u0440\u0438\u0442\u0435 \u044d\u0442\u043e\u0442 \u043a\u043e\u0440\u043e\u0442\u043a\u0438\u0439 \u0432\u0432\u043e\u0434\u043d\u044b\u0439 \u0432\u0438\u0434\u0435\u043e\u0440\u043e\u043b\u0438\u043a: https:\/\/player.vimeo.com\/video\/396726709 \u0416\u0435\u043b\u0430\u0435\u043c \u0412\u0430\u043c \u043f\u043e\u043b\u0443\u0447\u0438\u0442\u044c \u043c\u0430\u0441\u0441\u0443 \u0443\u0434\u043e\u0432\u043e\u043b\u044c\u0441\u0442\u0432\u0438\u044f \u043e\u0442 \u0440\u0430\u0431\u043e\u0442\u044b \u0441 Gradido. \u0412\u0430\u0448\u0430 \u043a\u043e\u043c\u0430\u043d\u0434\u0430 Gradido<\/p>","protected":false},"author":1,"featured_media":0,"parent":0,"menu_order":0,"comment_status":"closed","ping_status":"closed","template":"","meta":{"footnotes":""},"class_list":["post-754","page","type-page","status-publish","hentry"],"yoast_head":"<!-- This site is optimized with the Yoast SEO plugin v27.4 - https:\/\/yoast.com\/product\/yoast-seo-wordpress\/ -->\n<title>Coin-Danke F\u00f6rderbeitrag - Gradido<\/title>\n<meta name=\"robots\" content=\"index, follow, max-snippet:-1, max-image-preview:large, max-video-preview:-1\" \/>\n<link rel=\"canonical\" href=\"https:\/\/gradido.net\/ru\/coin-danke-foerderbeitrag\/\" \/>\n<meta property=\"og:locale\" content=\"ru_RU\" \/>\n<meta property=\"og:type\" content=\"article\" \/>\n<meta property=\"og:title\" content=\"Coin-Danke F\u00f6rderbeitrag - Gradido\" \/>\n<meta property=\"og:description\" content=\"Vielen Dank f\u00fcr Deinen F\u00f6rderbeitrag! Unser Provider \u201aElopage\u2018 hat Deinen neuen Mitgliederbereich erfolgreich angelegt. Du bekommst gleich eine\u00a0E-Mail von mail@elopage.com\u00a0mit Deinen Login-Daten. Bitte schau Dir bis dahin dieses kurze\u00a0Einf\u00fchrungsvideo\u00a0an: https:\/\/player.vimeo.com\/video\/396726709 Wir w\u00fcnschen Dir weiterhin viel Freude mit Gradido. Dein Gradido-Team\" \/>\n<meta property=\"og:url\" content=\"https:\/\/gradido.net\/ru\/coin-danke-foerderbeitrag\/\" \/>\n<meta property=\"og:site_name\" content=\"Gradido\" \/>\n<meta property=\"article:modified_time\" content=\"2020-09-21T19:46:10+00:00\" \/>\n<meta property=\"og:image\" content=\"https:\/\/gradido.net\/wp-content\/uploads\/2022\/04\/gradido-social.jpg\" \/>\n\t<meta property=\"og:image:width\" content=\"527\" \/>\n\t<meta property=\"og:image:height\" content=\"273\" \/>\n\t<meta property=\"og:image:type\" content=\"image\/jpeg\" \/>\n<meta name=\"twitter:card\" content=\"summary_large_image\" \/>\n<script type=\"application\/ld+json\" class=\"yoast-schema-graph\">{\"@context\":\"https:\\\/\\\/schema.org\",\"@graph\":[{\"@type\":\"WebPage\",\"@id\":\"https:\\\/\\\/gradido.net\\\/coin-danke-foerderbeitrag\\\/\",\"url\":\"https:\\\/\\\/gradido.net\\\/coin-danke-foerderbeitrag\\\/\",\"name\":\"Coin-Danke F\u00f6rderbeitrag - Gradido\",\"isPartOf\":{\"@id\":\"https:\\\/\\\/gradido.net\\\/de\\\/#website\"},\"datePublished\":\"2020-09-21T19:45:30+00:00\",\"dateModified\":\"2020-09-21T19:46:10+00:00\",\"breadcrumb\":{\"@id\":\"https:\\\/\\\/gradido.net\\\/coin-danke-foerderbeitrag\\\/#breadcrumb\"},\"inLanguage\":\"ru-RU\",\"potentialAction\":[{\"@type\":\"ReadAction\",\"target\":[\"https:\\\/\\\/gradido.net\\\/coin-danke-foerderbeitrag\\\/\"]}]},{\"@type\":\"BreadcrumbList\",\"@id\":\"https:\\\/\\\/gradido.net\\\/coin-danke-foerderbeitrag\\\/#breadcrumb\",\"itemListElement\":[{\"@type\":\"ListItem\",\"position\":1,\"name\":\"Startseite\",\"item\":\"https:\\\/\\\/gradido.net\\\/\"},{\"@type\":\"ListItem\",\"position\":2,\"name\":\"Coin-Danke F\u00f6rderbeitrag\"}]},{\"@type\":\"WebSite\",\"@id\":\"https:\\\/\\\/gradido.net\\\/de\\\/#website\",\"url\":\"https:\\\/\\\/gradido.net\\\/de\\\/\",\"name\":\"Gradido\",\"description\":\"Die neue W\u00e4hrung hei\u00dft Dankbarkeit\",\"publisher\":{\"@id\":\"https:\\\/\\\/gradido.net\\\/de\\\/#organization\"},\"potentialAction\":[{\"@type\":\"SearchAction\",\"target\":{\"@type\":\"EntryPoint\",\"urlTemplate\":\"https:\\\/\\\/gradido.net\\\/de\\\/?s={search_term_string}\"},\"query-input\":{\"@type\":\"PropertyValueSpecification\",\"valueRequired\":true,\"valueName\":\"search_term_string\"}}],\"inLanguage\":\"ru-RU\"},{\"@type\":\"Organization\",\"@id\":\"https:\\\/\\\/gradido.net\\\/de\\\/#organization\",\"name\":\"Gradido\",\"url\":\"https:\\\/\\\/gradido.net\\\/de\\\/\",\"logo\":{\"@type\":\"ImageObject\",\"inLanguage\":\"ru-RU\",\"@id\":\"https:\\\/\\\/gradido.net\\\/de\\\/#\\\/schema\\\/logo\\\/image\\\/\",\"url\":\"https:\\\/\\\/gradido.net\\\/wp-content\\\/uploads\\\/2022\\\/04\\\/gradido-social.jpg\",\"contentUrl\":\"https:\\\/\\\/gradido.net\\\/wp-content\\\/uploads\\\/2022\\\/04\\\/gradido-social.jpg\",\"width\":527,\"height\":273,\"caption\":\"Gradido\"},\"image\":{\"@id\":\"https:\\\/\\\/gradido.net\\\/de\\\/#\\\/schema\\\/logo\\\/image\\\/\"}}]}<\/script>\n<!-- \/ Yoast SEO plugin. -->","yoast_head_json":{"title":"\u041c\u043e\u043d\u0435\u0442\u0430-\u0431\u043b\u0430\u0433\u043e\u0434\u0430\u0440\u043d\u043e\u0441\u0442\u044c \u0437\u0430 \u0441\u043f\u043e\u043d\u0441\u043e\u0440\u0441\u043a\u0438\u0439 \u0432\u0437\u043d\u043e\u0441 - Gradido","robots":{"index":"index","follow":"follow","max-snippet":"max-snippet:-1","max-image-preview":"max-image-preview:large","max-video-preview":"max-video-preview:-1"},"canonical":"https:\/\/gradido.net\/ru\/coin-danke-foerderbeitrag\/","og_locale":"ru_RU","og_type":"article","og_title":"Coin-Danke F\u00f6rderbeitrag - Gradido","og_description":"Vielen Dank f\u00fcr Deinen F\u00f6rderbeitrag! Unser Provider \u201aElopage\u2018 hat Deinen neuen Mitgliederbereich erfolgreich angelegt. Du bekommst gleich eine\u00a0E-Mail von mail@elopage.com\u00a0mit Deinen Login-Daten. Bitte schau Dir bis dahin dieses kurze\u00a0Einf\u00fchrungsvideo\u00a0an: https:\/\/player.vimeo.com\/video\/396726709 Wir w\u00fcnschen Dir weiterhin viel Freude mit Gradido. Dein Gradido-Team","og_url":"https:\/\/gradido.net\/ru\/coin-danke-foerderbeitrag\/","og_site_name":"Gradido","article_modified_time":"2020-09-21T19:46:10+00:00","og_image":[{"width":527,"height":273,"url":"https:\/\/gradido.net\/wp-content\/uploads\/2022\/04\/gradido-social.jpg","type":"image\/jpeg"}],"twitter_card":"summary_large_image","schema":{"@context":"https:\/\/schema.org","@graph":[{"@type":"WebPage","@id":"https:\/\/gradido.net\/coin-danke-foerderbeitrag\/","url":"https:\/\/gradido.net\/coin-danke-foerderbeitrag\/","name":"\u041c\u043e\u043d\u0435\u0442\u0430-\u0431\u043b\u0430\u0433\u043e\u0434\u0430\u0440\u043d\u043e\u0441\u0442\u044c \u0437\u0430 \u0441\u043f\u043e\u043d\u0441\u043e\u0440\u0441\u043a\u0438\u0439 \u0432\u0437\u043d\u043e\u0441 - Gradido","isPartOf":{"@id":"https:\/\/gradido.net\/de\/#website"},"datePublished":"2020-09-21T19:45:30+00:00","dateModified":"2020-09-21T19:46:10+00:00","breadcrumb":{"@id":"https:\/\/gradido.net\/coin-danke-foerderbeitrag\/#breadcrumb"},"inLanguage":"ru-RU","potentialAction":[{"@type":"ReadAction","target":["https:\/\/gradido.net\/coin-danke-foerderbeitrag\/"]}]},{"@type":"BreadcrumbList","@id":"https:\/\/gradido.net\/coin-danke-foerderbeitrag\/#breadcrumb","itemListElement":[{"@type":"ListItem","position":1,"name":"Startseite","item":"https:\/\/gradido.net\/"},{"@type":"ListItem","position":2,"name":"Coin-Danke F\u00f6rderbeitrag"}]},{"@type":"WebSite","@id":"https:\/\/gradido.net\/de\/#website","url":"https:\/\/gradido.net\/de\/","name":"Gradido","description":"\u041d\u043e\u0432\u0430\u044f \u0432\u0430\u043b\u044e\u0442\u0430 - \u0431\u043b\u0430\u0433\u043e\u0434\u0430\u0440\u043d\u043e\u0441\u0442\u044c","publisher":{"@id":"https:\/\/gradido.net\/de\/#organization"},"potentialAction":[{"@type":"SearchAction","target":{"@type":"EntryPoint","urlTemplate":"https:\/\/gradido.net\/de\/?s={search_term_string}"},"query-input":{"@type":"PropertyValueSpecification","valueRequired":true,"valueName":"search_term_string"}}],"inLanguage":"ru-RU"},{"@type":"Organization","@id":"https:\/\/gradido.net\/de\/#organization","name":"Gradido","url":"https:\/\/gradido.net\/de\/","logo":{"@type":"ImageObject","inLanguage":"ru-RU","@id":"https:\/\/gradido.net\/de\/#\/schema\/logo\/image\/","url":"https:\/\/gradido.net\/wp-content\/uploads\/2022\/04\/gradido-social.jpg","contentUrl":"https:\/\/gradido.net\/wp-content\/uploads\/2022\/04\/gradido-social.jpg","width":527,"height":273,"caption":"Gradido"},"image":{"@id":"https:\/\/gradido.net\/de\/#\/schema\/logo\/image\/"}}]}},"_links":{"self":[{"href":"https:\/\/gradido.net\/ru\/wp-json\/wp\/v2\/pages\/754","targetHints":{"allow":["GET"]}}],"collection":[{"href":"https:\/\/gradido.net\/ru\/wp-json\/wp\/v2\/pages"}],"about":[{"href":"https:\/\/gradido.net\/ru\/wp-json\/wp\/v2\/types\/page"}],"author":[{"embeddable":true,"href":"https:\/\/gradido.net\/ru\/wp-json\/wp\/v2\/users\/1"}],"replies":[{"embeddable":true,"href":"https:\/\/gradido.net\/ru\/wp-json\/wp\/v2\/comments?post=754"}],"version-history":[{"count":3,"href":"https:\/\/gradido.net\/ru\/wp-json\/wp\/v2\/pages\/754\/revisions"}],"predecessor-version":[{"id":757,"href":"https:\/\/gradido.net\/ru\/wp-json\/wp\/v2\/pages\/754\/revisions\/757"}],"wp:attachment":[{"href":"https:\/\/gradido.net\/ru\/wp-json\/wp\/v2\/media?parent=754"}],"curies":[{"name":"wp","href":"https:\/\/api.w.org\/{rel}","templated":true}]}}