{"id":804,"date":"2020-09-21T23:16:33","date_gmt":"2020-09-21T21:16:33","guid":{"rendered":"http:\/\/neu.gradido.net\/?page_id=804"},"modified":"2024-02-18T10:28:44","modified_gmt":"2024-02-18T09:28:44","slug":"impressum","status":"publish","type":"page","link":"https:\/\/gradido.net\/ru\/impressum\/","title":{"rendered":"\u0412\u044b\u0432\u043e\u0434"},"content":{"rendered":"<div data-elementor-type=\"wp-page\" data-elementor-id=\"804\" class=\"elementor elementor-804\" data-elementor-post-type=\"page\">\n\t\t\t\t\t\t<section class=\"elementor-section elementor-top-section elementor-element elementor-element-1510b89 elementor-section-full_width elementor-section-height-default elementor-section-height-default\" data-id=\"1510b89\" data-element_type=\"section\" data-e-type=\"section\">\n\t\t\t\t\t\t<div class=\"elementor-container elementor-column-gap-no\">\n\t\t\t\t\t<div class=\"elementor-column elementor-col-100 elementor-top-column elementor-element elementor-element-86fd141\" data-id=\"86fd141\" data-element_type=\"column\" data-e-type=\"column\">\n\t\t\t<div class=\"elementor-widget-wrap elementor-element-populated\">\n\t\t\t\t\t\t<div class=\"elementor-element elementor-element-152ec23f elementor--h-position-center elementor--v-position-middle elementor-arrows-position-inside elementor-widget elementor-widget-slides\" data-id=\"152ec23f\" data-element_type=\"widget\" data-e-type=\"widget\" data-settings=\"{&quot;navigation&quot;:&quot;arrows&quot;,&quot;autoplay&quot;:&quot;yes&quot;,&quot;pause_on_hover&quot;:&quot;yes&quot;,&quot;pause_on_interaction&quot;:&quot;yes&quot;,&quot;autoplay_speed&quot;:5000,&quot;infinite&quot;:&quot;yes&quot;,&quot;transition&quot;:&quot;slide&quot;,&quot;transition_speed&quot;:500}\" data-widget_type=\"slides.default\">\n\t\t\t\t<div class=\"elementor-widget-container\">\n\t\t\t\t\t\t\t\t\t<div class=\"elementor-swiper\">\n\t\t\t\t\t<div class=\"elementor-slides-wrapper elementor-main-swiper swiper\" role=\"region\" aria-roledescription=\"carousel\" aria-label=\"Di\u00e1k\" dir=\"ltr\" data-animation=\"fadeInUp\">\n\t\t\t\t<div class=\"swiper-wrapper elementor-slides\">\n\t\t\t\t\t\t\t\t\t\t<div class=\"elementor-repeater-item-2de4990 swiper-slide\" role=\"group\" aria-roledescription=\"slide\"><div class=\"swiper-slide-bg\" role=\"img\" aria-label=\"\u0441\u043b\u0430\u0439\u0434-1\"><\/div><div class=\"swiper-slide-inner\" ><div class=\"swiper-slide-contents\"><\/div><\/div><\/div>\t\t\t\t<\/div>\n\t\t\t\t\t\t\t<\/div>\n\t\t\t\t<\/div>\n\t\t\t\t\t\t\t\t<\/div>\n\t\t\t\t<\/div>\n\t\t\t\t\t<\/div>\n\t\t<\/div>\n\t\t\t\t\t<\/div>\n\t\t<\/section>\n\t\t\t\t<section class=\"elementor-section elementor-top-section elementor-element elementor-element-64e69935 elementor-section-boxed elementor-section-height-default elementor-section-height-default\" data-id=\"64e69935\" data-element_type=\"section\" data-e-type=\"section\" data-settings=\"{&quot;background_background&quot;:&quot;classic&quot;}\">\n\t\t\t\t\t\t<div class=\"elementor-container elementor-column-gap-default\">\n\t\t\t\t\t<div class=\"elementor-column elementor-col-100 elementor-top-column elementor-element elementor-element-5d26241e\" data-id=\"5d26241e\" data-element_type=\"column\" data-e-type=\"column\">\n\t\t\t<div class=\"elementor-widget-wrap elementor-element-populated\">\n\t\t\t\t\t\t<div class=\"elementor-element elementor-element-7b550a6c elementor-widget elementor-widget-heading\" data-id=\"7b550a6c\" data-element_type=\"widget\" data-e-type=\"widget\" data-widget_type=\"heading.default\">\n\t\t\t\t<div class=\"elementor-widget-container\">\n\t\t\t\t\t<h1 class=\"elementor-heading-title elementor-size-default\">\u0412\u044b\u0432\u043e\u0434<br>\n<br><\/h1>\t\t\t\t<\/div>\n\t\t\t\t<\/div>\n\t\t\t\t\t<\/div>\n\t\t<\/div>\n\t\t\t\t\t<\/div>\n\t\t<\/section>\n\t\t\t\t<section class=\"elementor-section elementor-top-section elementor-element elementor-element-6688fb38 elementor-section-boxed elementor-section-height-default elementor-section-height-default\" data-id=\"6688fb38\" data-element_type=\"section\" data-e-type=\"section\" data-settings=\"{&quot;background_background&quot;:&quot;classic&quot;}\">\n\t\t\t\t\t\t<div class=\"elementor-container elementor-column-gap-default\">\n\t\t\t\t\t<div class=\"elementor-column elementor-col-100 elementor-top-column elementor-element elementor-element-7d2535b3\" data-id=\"7d2535b3\" data-element_type=\"column\" data-e-type=\"column\">\n\t\t\t<div class=\"elementor-widget-wrap elementor-element-populated\">\n\t\t\t\t\t\t<div class=\"elementor-element elementor-element-4b8bf512 elementor-widget elementor-widget-text-editor\" data-id=\"4b8bf512\" data-element_type=\"widget\" data-e-type=\"widget\" data-widget_type=\"text-editor.default\">\n\t\t\t\t<div class=\"elementor-widget-container\">\n\t\t\t\t\t\t\t\t\t<h3>\u043e\u043f\u0435\u0440\u0430\u0442\u043e\u0440 \u0441\u0430\u0439\u0442\u0430<\/h3><p><strong>Gradido Akademie International<\/strong><br \/>\u0410\u0441\u0441\u043e\u0446\u0438\u0430\u0446\u0438\u044f \u0438\u0441\u0441\u043b\u0435\u0434\u043e\u0432\u0430\u043d\u0438\u0439 \u0438 \u0440\u0430\u0437\u0440\u0430\u0431\u043e\u0442\u043e\u043a<br \/>9112 \u0413\u0440\u0438\u0444\u0444\u0435\u043d, \u041f\u0443\u0441\u0442\u0440\u0438\u0446 77<br \/>\u0410\u0432\u0441\u0442\u0440\u0438\u044f<\/p><p>\u041d\u043e\u043c\u0435\u0440 \u0417\u0412\u0420 1050774943<\/p><h4>\u0424\u0438\u043b\u0438\u0430\u043b \u0432 \u0413\u0435\u0440\u043c\u0430\u043d\u0438\u0438:<\/h4><p><strong>Gradido Akademie International<\/strong><br \/>c\/o Gradido-Akademie f\u00fcr Wirtschaftsbionik<br \/>Margret Baier<br \/>Pfarrweg 2<br \/>D- 74653 K\u00fcnzelsau<br \/>\u0413\u0435\u0440\u043c\u0430\u043d\u0438\u044f<\/p><h4>\u041a\u043e\u043d\u0442\u0430\u043a\u0442\u043d\u0430\u044f \u0438\u043d\u0444\u043e\u0440\u043c\u0430\u0446\u0438\u044f<\/h4><p>\u0422\u0435\u043b\u0435\u0444\u043e\u043d: +49 7940 \/ 5460810<br \/>\u0424\u0430\u043a\u0441: +49 7940 \/ 547500<br \/>E-mail: support{\u00e4t}gradido.net<br \/>https:\/\/gradido.net<\/p><p>\u041f\u043e\u0436\u0430\u043b\u0443\u0439\u0441\u0442\u0430, \u043e\u0442\u043f\u0440\u0430\u0432\u043b\u044f\u0439\u0442\u0435 \u0437\u0430\u043f\u0440\u043e\u0441\u044b \u0432 \u0441\u043b\u0443\u0436\u0431\u0443 \u043f\u043e\u0434\u0434\u0435\u0440\u0436\u043a\u0438 \u043f\u043e \u044d\u043b\u0435\u043a\u0442\u0440\u043e\u043d\u043d\u043e\u0439 \u043f\u043e\u0447\u0442\u0435: support@gradido.net.<br \/>(\u0442\u0435\u043b\u0435\u0444\u043e\u043d\u043d\u0430\u044f \u043f\u043e\u0434\u0434\u0435\u0440\u0436\u043a\u0430 \u043d\u0435\u0432\u043e\u0437\u043c\u043e\u0436\u043d\u0430)<\/p><h3>\u041e\u0442\u0432\u0435\u0442\u0441\u0442\u0432\u0435\u043d\u043d\u044b\u0439 \u0437\u0430 \u0441\u043e\u0434\u0435\u0440\u0436\u0430\u043d\u0438\u0435<\/h3><p>\u0411\u0435\u0440\u043d\u0434 \u0425\u044e\u043a\u0448\u0442\u0435\u0434\u0442<br \/>Pfarrweg 2<br \/>D- 74653 K\u00fcnzelsau<\/p><p>\u0422\u0435\u043b\u0435\u0444\u043e\u043d: 07940 \/ 5460810<br \/>\u0424\u0430\u043a\u0441: 07940 \/ 547500<br \/>E-mail: support{\u00e4t}gradido.net<br \/>https:\/\/gradido.net<\/p><h3>\u0420\u0435\u0430\u043b\u0438\u0437\u0430\u0446\u0438\u044f \u0432\u0435\u0431-\u0441\u0430\u0439\u0442\u0430:<\/h3><div><a href=\"https:\/\/jasminkress.net\/\" target=\"_blank\" rel=\"noopener\">\u0436\u0430\u0441\u043c\u0438\u043d\u043e\u0432\u044b\u0439 \u043a\u0440\u0435\u0441\u0441-\u0441\u0430\u043b\u0430\u0442<\/a> - \u0434\u0438\u0437\u0430\u0439\u043d\u0435\u0440, \u0430\u0440\u0442-\u0434\u0438\u0440\u0435\u043a\u0442\u043e\u0440<\/div><p><a href=\"https:\/\/www.greatik.de\/\" target=\"_blank\" rel=\"noopener\">GREATIK<\/a>\u00a0- \u0412\u0435\u0431\u0434\u0438\u0437\u0430\u0439\u043d \u0438\u0437 \u0413\u0430\u0440\u043c\u0438\u0448-\u041f\u0430\u0440\u0442\u0435\u043d\u043a\u0438\u0440\u0445\u0435\u043d\u0430<\/p><h3>\u0424\u043e\u0442\u043e\u0433\u0440\u0430\u0444\u0438\u0438:<\/h3><p>\u00a9 Halfpoint | Adobe Stock<br \/>\u00a9 loreanto | Adobe Stock<br \/>\u00a9 Rawpixel.com | Adobe Stock<br \/>\u00a9 \u0414\u0436\u0435\u0439\u043a\u043e\u0431 \u041b\u0443\u043d\u0434 | Adobe Stock<br \/>\u00a9 \u0417\u0430\u043a\u0430\u043b\u0438\u043d\u043a\u0430 | Adobe Stock<br \/>\u00a9 Saktanong | Adobe Stock<br \/>\u00a9 AITTHIPHONG | Adobe Stock<br \/>\u00a9 liisa leesment\/EyeEm | Adobe Stock<\/p><p>\u00a9 Photos Hobby | Unsplash<\/p><p>Pixabay<\/p><h3>\u0423\u0440\u0435\u0433\u0443\u043b\u0438\u0440\u043e\u0432\u0430\u043d\u0438\u0435 \u0441\u043f\u043e\u0440\u043e\u0432<\/h3><p>\u0415\u0432\u0440\u043e\u043f\u0435\u0439\u0441\u043a\u0430\u044f \u043a\u043e\u043c\u0438\u0441\u0441\u0438\u044f \u043f\u0440\u0435\u0434\u043e\u0441\u0442\u0430\u0432\u043b\u044f\u0435\u0442 \u043f\u043b\u0430\u0442\u0444\u043e\u0440\u043c\u0443 \u0443\u0440\u0435\u0433\u0443\u043b\u0438\u0440\u043e\u0432\u0430\u043d\u0438\u044f \u0441\u043f\u043e\u0440\u043e\u0432 \u0432 \u0440\u0435\u0436\u0438\u043c\u0435 \u043e\u043d\u043b\u0430\u0439\u043d (OS):<br \/>https:\/\/ec.europa.eu\/consumers\/odr<br \/>\u0412\u044b \u043d\u0430\u0439\u0434\u0435\u0442\u0435 \u043d\u0430\u0448 \u0430\u0434\u0440\u0435\u0441 \u044d\u043b\u0435\u043a\u0442\u0440\u043e\u043d\u043d\u043e\u0439 \u043f\u043e\u0447\u0442\u044b \u0432 \u0432\u0435\u0440\u0445\u043d\u0435\u0439 \u0447\u0430\u0441\u0442\u0438 \u043e\u0442\u043f\u0435\u0447\u0430\u0442\u043a\u0430.<\/p><p>\u041c\u044b \u043d\u0435 \u0436\u0435\u043b\u0430\u0435\u043c \u0438 \u043d\u0435 \u043e\u0431\u044f\u0437\u0430\u043d\u044b \u0443\u0447\u0430\u0441\u0442\u0432\u043e\u0432\u0430\u0442\u044c \u0432 \u0440\u0430\u0437\u0440\u0435\u0448\u0435\u043d\u0438\u0438 \u0441\u043f\u043e\u0440\u043e\u0432 \u0432 \u043a\u043e\u043c\u0438\u0441\u0441\u0438\u0438 \u043f\u043e \u043f\u043e\u0442\u0440\u0435\u0431\u0438\u0442\u0435\u043b\u044c\u0441\u043a\u043e\u043c\u0443 \u0430\u0440\u0431\u0438\u0442\u0440\u0430\u0436\u0443.<\/p>\t\t\t\t\t\t\t\t<\/div>\n\t\t\t\t<\/div>\n\t\t\t\t\t<\/div>\n\t\t<\/div>\n\t\t\t\t\t<\/div>\n\t\t<\/section>\n\t\t\t\t<\/div>","protected":false},"excerpt":{"rendered":"<p>Impressum Website-Betreiberin Gradido Akademie InternationalForschungs- und Entwicklungsverein9112 Griffen, Pustritz 77\u00d6sterreich ZVR-Zahl 1050774943 Niederlassung Deutschland: Gradido Akademie Internationalc\/o Gradido-Akademie f\u00fcr WirtschaftsbionikInh. Margret BaierPfarrweg 2D- 74653 K\u00fcnzelsauDeutschland Kontakt Telefon: +49 7940 \/ 5460810Telefax: +49 7940 \/ 547500E-Mail: support{\u00e4t}gradido.nethttps:\/\/gradido.net Supportanfragen bitte \u00fcber E-Mail: support@gradido.net(Telefonsupport nicht m\u00f6glich) Inhaltlich Verantwortlicher Bernd H\u00fcckst\u00e4dtPfarrweg 2D- 74653 K\u00fcnzelsau Telefon: 07940 \/ 5460810Telefax: 07940 [&hellip;]<\/p>\n","protected":false},"author":1,"featured_media":233,"parent":0,"menu_order":0,"comment_status":"closed","ping_status":"closed","template":"","meta":{"footnotes":""},"class_list":["post-804","page","type-page","status-publish","has-post-thumbnail","hentry"],"yoast_head":"<!-- This site is optimized with the Yoast SEO plugin v27.4 - https:\/\/yoast.com\/product\/yoast-seo-wordpress\/ -->\n<title>Impressum - Gradido<\/title>\n<meta name=\"robots\" content=\"index, follow, max-snippet:-1, max-image-preview:large, max-video-preview:-1\" \/>\n<link rel=\"canonical\" href=\"https:\/\/gradido.net\/ru\/impressum\/\" \/>\n<meta property=\"og:locale\" content=\"ru_RU\" \/>\n<meta property=\"og:type\" content=\"article\" \/>\n<meta property=\"og:title\" content=\"Impressum - Gradido\" \/>\n<meta property=\"og:description\" content=\"Impressum Website-Betreiberin Gradido Akademie InternationalForschungs- und Entwicklungsverein9112 Griffen, Pustritz 77\u00d6sterreich ZVR-Zahl 1050774943 Niederlassung Deutschland: Gradido Akademie Internationalc\/o Gradido-Akademie f\u00fcr WirtschaftsbionikInh. Margret BaierPfarrweg 2D- 74653 K\u00fcnzelsauDeutschland Kontakt Telefon: +49 7940 \/ 5460810Telefax: +49 7940 \/ 547500E-Mail: support{\u00e4t}gradido.nethttps:\/\/gradido.net Supportanfragen bitte \u00fcber E-Mail: support@gradido.net(Telefonsupport nicht m\u00f6glich) Inhaltlich Verantwortlicher Bernd H\u00fcckst\u00e4dtPfarrweg 2D- 74653 K\u00fcnzelsau Telefon: 07940 \/ 5460810Telefax: 07940 [&hellip;]\" \/>\n<meta property=\"og:url\" content=\"https:\/\/gradido.net\/ru\/impressum\/\" \/>\n<meta property=\"og:site_name\" content=\"Gradido\" \/>\n<meta property=\"article:modified_time\" content=\"2024-02-18T09:28:44+00:00\" \/>\n<meta property=\"og:image\" content=\"https:\/\/gradido.net\/wp-content\/uploads\/2020\/08\/slide-1.jpg\" \/>\n\t<meta property=\"og:image:width\" content=\"1920\" \/>\n\t<meta property=\"og:image:height\" content=\"900\" \/>\n\t<meta property=\"og:image:type\" content=\"image\/jpeg\" \/>\n<meta name=\"twitter:card\" content=\"summary_large_image\" \/>\n<meta name=\"twitter:label1\" content=\"\u041f\u0440\u0438\u043c\u0435\u0440\u043d\u043e\u0435 \u0432\u0440\u0435\u043c\u044f \u0434\u043b\u044f \u0447\u0442\u0435\u043d\u0438\u044f\" \/>\n\t<meta name=\"twitter:data1\" content=\"1 \u043c\u0438\u043d\u0443\u0442\u0430\" \/>\n<script type=\"application\/ld+json\" class=\"yoast-schema-graph\">{\"@context\":\"https:\\\/\\\/schema.org\",\"@graph\":[{\"@type\":\"WebPage\",\"@id\":\"https:\\\/\\\/gradido.net\\\/hu\\\/impressum\\\/\",\"url\":\"https:\\\/\\\/gradido.net\\\/hu\\\/impressum\\\/\",\"name\":\"Impressum - Gradido\",\"isPartOf\":{\"@id\":\"https:\\\/\\\/gradido.net\\\/de\\\/#website\"},\"primaryImageOfPage\":{\"@id\":\"https:\\\/\\\/gradido.net\\\/hu\\\/impressum\\\/#primaryimage\"},\"image\":{\"@id\":\"https:\\\/\\\/gradido.net\\\/hu\\\/impressum\\\/#primaryimage\"},\"thumbnailUrl\":\"https:\\\/\\\/gradido.net\\\/wp-content\\\/uploads\\\/2020\\\/08\\\/slide-1.jpg\",\"datePublished\":\"2020-09-21T21:16:33+00:00\",\"dateModified\":\"2024-02-18T09:28:44+00:00\",\"breadcrumb\":{\"@id\":\"https:\\\/\\\/gradido.net\\\/hu\\\/impressum\\\/#breadcrumb\"},\"inLanguage\":\"ru-RU\",\"potentialAction\":[{\"@type\":\"ReadAction\",\"target\":[\"https:\\\/\\\/gradido.net\\\/hu\\\/impressum\\\/\"]}]},{\"@type\":\"ImageObject\",\"inLanguage\":\"ru-RU\",\"@id\":\"https:\\\/\\\/gradido.net\\\/hu\\\/impressum\\\/#primaryimage\",\"url\":\"https:\\\/\\\/gradido.net\\\/wp-content\\\/uploads\\\/2020\\\/08\\\/slide-1.jpg\",\"contentUrl\":\"https:\\\/\\\/gradido.net\\\/wp-content\\\/uploads\\\/2020\\\/08\\\/slide-1.jpg\",\"width\":1920,\"height\":900},{\"@type\":\"BreadcrumbList\",\"@id\":\"https:\\\/\\\/gradido.net\\\/hu\\\/impressum\\\/#breadcrumb\",\"itemListElement\":[{\"@type\":\"ListItem\",\"position\":1,\"name\":\"Startseite\",\"item\":\"https:\\\/\\\/gradido.net\\\/\"},{\"@type\":\"ListItem\",\"position\":2,\"name\":\"Impressum\"}]},{\"@type\":\"WebSite\",\"@id\":\"https:\\\/\\\/gradido.net\\\/de\\\/#website\",\"url\":\"https:\\\/\\\/gradido.net\\\/de\\\/\",\"name\":\"Gradido\",\"description\":\"Die neue W\u00e4hrung hei\u00dft Dankbarkeit\",\"publisher\":{\"@id\":\"https:\\\/\\\/gradido.net\\\/de\\\/#organization\"},\"potentialAction\":[{\"@type\":\"SearchAction\",\"target\":{\"@type\":\"EntryPoint\",\"urlTemplate\":\"https:\\\/\\\/gradido.net\\\/de\\\/?s={search_term_string}\"},\"query-input\":{\"@type\":\"PropertyValueSpecification\",\"valueRequired\":true,\"valueName\":\"search_term_string\"}}],\"inLanguage\":\"ru-RU\"},{\"@type\":\"Organization\",\"@id\":\"https:\\\/\\\/gradido.net\\\/de\\\/#organization\",\"name\":\"Gradido\",\"url\":\"https:\\\/\\\/gradido.net\\\/de\\\/\",\"logo\":{\"@type\":\"ImageObject\",\"inLanguage\":\"ru-RU\",\"@id\":\"https:\\\/\\\/gradido.net\\\/de\\\/#\\\/schema\\\/logo\\\/image\\\/\",\"url\":\"https:\\\/\\\/gradido.net\\\/wp-content\\\/uploads\\\/2022\\\/04\\\/gradido-social.jpg\",\"contentUrl\":\"https:\\\/\\\/gradido.net\\\/wp-content\\\/uploads\\\/2022\\\/04\\\/gradido-social.jpg\",\"width\":527,\"height\":273,\"caption\":\"Gradido\"},\"image\":{\"@id\":\"https:\\\/\\\/gradido.net\\\/de\\\/#\\\/schema\\\/logo\\\/image\\\/\"}}]}<\/script>\n<!-- \/ Yoast SEO plugin. -->","yoast_head_json":{"title":"\u041e\u0442\u0442\u0438\u0441\u043a - Gradido","robots":{"index":"index","follow":"follow","max-snippet":"max-snippet:-1","max-image-preview":"max-image-preview:large","max-video-preview":"max-video-preview:-1"},"canonical":"https:\/\/gradido.net\/ru\/impressum\/","og_locale":"ru_RU","og_type":"article","og_title":"Impressum - Gradido","og_description":"Impressum Website-Betreiberin Gradido Akademie InternationalForschungs- und Entwicklungsverein9112 Griffen, Pustritz 77\u00d6sterreich ZVR-Zahl 1050774943 Niederlassung Deutschland: Gradido Akademie Internationalc\/o Gradido-Akademie f\u00fcr WirtschaftsbionikInh. Margret BaierPfarrweg 2D- 74653 K\u00fcnzelsauDeutschland Kontakt Telefon: +49 7940 \/ 5460810Telefax: +49 7940 \/ 547500E-Mail: support{\u00e4t}gradido.nethttps:\/\/gradido.net Supportanfragen bitte \u00fcber E-Mail: support@gradido.net(Telefonsupport nicht m\u00f6glich) Inhaltlich Verantwortlicher Bernd H\u00fcckst\u00e4dtPfarrweg 2D- 74653 K\u00fcnzelsau Telefon: 07940 \/ 5460810Telefax: 07940 [&hellip;]","og_url":"https:\/\/gradido.net\/ru\/impressum\/","og_site_name":"Gradido","article_modified_time":"2024-02-18T09:28:44+00:00","og_image":[{"width":1920,"height":900,"url":"https:\/\/gradido.net\/wp-content\/uploads\/2020\/08\/slide-1.jpg","type":"image\/jpeg"}],"twitter_card":"summary_large_image","twitter_misc":{"\u041f\u0440\u0438\u043c\u0435\u0440\u043d\u043e\u0435 \u0432\u0440\u0435\u043c\u044f \u0434\u043b\u044f \u0447\u0442\u0435\u043d\u0438\u044f":"1 \u043c\u0438\u043d\u0443\u0442\u0430"},"schema":{"@context":"https:\/\/schema.org","@graph":[{"@type":"WebPage","@id":"https:\/\/gradido.net\/hu\/impressum\/","url":"https:\/\/gradido.net\/hu\/impressum\/","name":"\u041e\u0442\u0442\u0438\u0441\u043a - Gradido","isPartOf":{"@id":"https:\/\/gradido.net\/de\/#website"},"primaryImageOfPage":{"@id":"https:\/\/gradido.net\/hu\/impressum\/#primaryimage"},"image":{"@id":"https:\/\/gradido.net\/hu\/impressum\/#primaryimage"},"thumbnailUrl":"https:\/\/gradido.net\/wp-content\/uploads\/2020\/08\/slide-1.jpg","datePublished":"2020-09-21T21:16:33+00:00","dateModified":"2024-02-18T09:28:44+00:00","breadcrumb":{"@id":"https:\/\/gradido.net\/hu\/impressum\/#breadcrumb"},"inLanguage":"ru-RU","potentialAction":[{"@type":"ReadAction","target":["https:\/\/gradido.net\/hu\/impressum\/"]}]},{"@type":"ImageObject","inLanguage":"ru-RU","@id":"https:\/\/gradido.net\/hu\/impressum\/#primaryimage","url":"https:\/\/gradido.net\/wp-content\/uploads\/2020\/08\/slide-1.jpg","contentUrl":"https:\/\/gradido.net\/wp-content\/uploads\/2020\/08\/slide-1.jpg","width":1920,"height":900},{"@type":"BreadcrumbList","@id":"https:\/\/gradido.net\/hu\/impressum\/#breadcrumb","itemListElement":[{"@type":"ListItem","position":1,"name":"Startseite","item":"https:\/\/gradido.net\/"},{"@type":"ListItem","position":2,"name":"Impressum"}]},{"@type":"WebSite","@id":"https:\/\/gradido.net\/de\/#website","url":"https:\/\/gradido.net\/de\/","name":"Gradido","description":"\u041d\u043e\u0432\u0430\u044f \u0432\u0430\u043b\u044e\u0442\u0430 - \u0431\u043b\u0430\u0433\u043e\u0434\u0430\u0440\u043d\u043e\u0441\u0442\u044c","publisher":{"@id":"https:\/\/gradido.net\/de\/#organization"},"potentialAction":[{"@type":"SearchAction","target":{"@type":"EntryPoint","urlTemplate":"https:\/\/gradido.net\/de\/?s={search_term_string}"},"query-input":{"@type":"PropertyValueSpecification","valueRequired":true,"valueName":"search_term_string"}}],"inLanguage":"ru-RU"},{"@type":"Organization","@id":"https:\/\/gradido.net\/de\/#organization","name":"Gradido","url":"https:\/\/gradido.net\/de\/","logo":{"@type":"ImageObject","inLanguage":"ru-RU","@id":"https:\/\/gradido.net\/de\/#\/schema\/logo\/image\/","url":"https:\/\/gradido.net\/wp-content\/uploads\/2022\/04\/gradido-social.jpg","contentUrl":"https:\/\/gradido.net\/wp-content\/uploads\/2022\/04\/gradido-social.jpg","width":527,"height":273,"caption":"Gradido"},"image":{"@id":"https:\/\/gradido.net\/de\/#\/schema\/logo\/image\/"}}]}},"_links":{"self":[{"href":"https:\/\/gradido.net\/ru\/wp-json\/wp\/v2\/pages\/804","targetHints":{"allow":["GET"]}}],"collection":[{"href":"https:\/\/gradido.net\/ru\/wp-json\/wp\/v2\/pages"}],"about":[{"href":"https:\/\/gradido.net\/ru\/wp-json\/wp\/v2\/types\/page"}],"author":[{"embeddable":true,"href":"https:\/\/gradido.net\/ru\/wp-json\/wp\/v2\/users\/1"}],"replies":[{"embeddable":true,"href":"https:\/\/gradido.net\/ru\/wp-json\/wp\/v2\/comments?post=804"}],"version-history":[{"count":81,"href":"https:\/\/gradido.net\/ru\/wp-json\/wp\/v2\/pages\/804\/revisions"}],"predecessor-version":[{"id":8685,"href":"https:\/\/gradido.net\/ru\/wp-json\/wp\/v2\/pages\/804\/revisions\/8685"}],"wp:featuredmedia":[{"embeddable":true,"href":"https:\/\/gradido.net\/ru\/wp-json\/wp\/v2\/media\/233"}],"wp:attachment":[{"href":"https:\/\/gradido.net\/ru\/wp-json\/wp\/v2\/media?parent=804"}],"curies":[{"name":"wp","href":"https:\/\/api.w.org\/{rel}","templated":true}]}}