{"id":720,"date":"2020-09-21T21:12:48","date_gmt":"2020-09-21T19:12:48","guid":{"rendered":"http:\/\/neu.gradido.net\/?page_id=720"},"modified":"2020-09-21T21:17:48","modified_gmt":"2020-09-21T19:17:48","slug":"kontakt-eintragen-bestaetigung","status":"publish","type":"page","link":"https:\/\/gradido.net\/sk\/kontakt-eintragen-bestaetigung\/","title":{"rendered":"Kontakt pre registr\u00e1ciu - Potvrdenie"},"content":{"rendered":"<div data-elementor-type=\"wp-page\" data-elementor-id=\"720\" class=\"elementor elementor-720\" data-elementor-post-type=\"page\">\n\t\t\t\t\t\t<section class=\"elementor-section elementor-top-section elementor-element elementor-element-36f4e913 elementor-section-full_width elementor-section-height-default elementor-section-height-default\" data-id=\"36f4e913\" data-element_type=\"section\" data-e-type=\"section\">\n\t\t\t\t\t\t<div class=\"elementor-container elementor-column-gap-no\">\n\t\t\t\t\t<div class=\"elementor-column elementor-col-100 elementor-top-column elementor-element elementor-element-ab64bd3\" data-id=\"ab64bd3\" data-element_type=\"column\" data-e-type=\"column\">\n\t\t\t<div class=\"elementor-widget-wrap elementor-element-populated\">\n\t\t\t\t\t\t<div class=\"elementor-element elementor-element-78d7c66d elementor--h-position-center elementor--v-position-middle elementor-arrows-position-inside elementor-widget elementor-widget-slides\" data-id=\"78d7c66d\" data-element_type=\"widget\" data-e-type=\"widget\" data-settings=\"{&quot;navigation&quot;:&quot;arrows&quot;,&quot;autoplay&quot;:&quot;yes&quot;,&quot;pause_on_hover&quot;:&quot;yes&quot;,&quot;pause_on_interaction&quot;:&quot;yes&quot;,&quot;autoplay_speed&quot;:5000,&quot;infinite&quot;:&quot;yes&quot;,&quot;transition&quot;:&quot;slide&quot;,&quot;transition_speed&quot;:500}\" data-widget_type=\"slides.default\">\n\t\t\t\t<div class=\"elementor-widget-container\">\n\t\t\t\t\t\t\t\t\t<div class=\"elementor-swiper\">\n\t\t\t\t\t<div class=\"elementor-slides-wrapper elementor-main-swiper swiper\" role=\"region\" aria-roledescription=\"carousel\" aria-label=\"Prezent\u00e1cie\" dir=\"ltr\" data-animation=\"fadeInUp\">\n\t\t\t\t<div class=\"swiper-wrapper elementor-slides\">\n\t\t\t\t\t\t\t\t\t\t<div class=\"elementor-repeater-item-2de4990 swiper-slide\" role=\"group\" aria-roledescription=\"slide\"><div class=\"swiper-slide-bg\" role=\"img\" aria-label=\"slide-1\"><\/div><div class=\"swiper-slide-inner\" ><div class=\"swiper-slide-contents\"><\/div><\/div><\/div>\t\t\t\t<\/div>\n\t\t\t\t\t\t\t<\/div>\n\t\t\t\t<\/div>\n\t\t\t\t\t\t\t\t<\/div>\n\t\t\t\t<\/div>\n\t\t\t\t\t<\/div>\n\t\t<\/div>\n\t\t\t\t\t<\/div>\n\t\t<\/section>\n\t\t\t\t<section class=\"elementor-section elementor-top-section elementor-element elementor-element-1e747ce7 elementor-section-boxed elementor-section-height-default elementor-section-height-default\" data-id=\"1e747ce7\" data-element_type=\"section\" data-e-type=\"section\" data-settings=\"{&quot;background_background&quot;:&quot;classic&quot;}\">\n\t\t\t\t\t\t<div class=\"elementor-container elementor-column-gap-default\">\n\t\t\t\t\t<div class=\"elementor-column elementor-col-100 elementor-top-column elementor-element elementor-element-145b78b9\" data-id=\"145b78b9\" data-element_type=\"column\" data-e-type=\"column\">\n\t\t\t<div class=\"elementor-widget-wrap elementor-element-populated\">\n\t\t\t\t\t\t<div class=\"elementor-element elementor-element-7cf1dd80 elementor-widget elementor-widget-heading\" data-id=\"7cf1dd80\" data-element_type=\"widget\" data-e-type=\"widget\" data-widget_type=\"heading.default\">\n\t\t\t\t<div class=\"elementor-widget-container\">\n\t\t\t\t\t<h1 class=\"elementor-heading-title elementor-size-default\">Odoslan\u00fd formul\u00e1r<br>\n\u010eakujeme za \u00fa\u010das\u0165!<\/h1>\t\t\t\t<\/div>\n\t\t\t\t<\/div>\n\t\t\t\t\t<\/div>\n\t\t<\/div>\n\t\t\t\t\t<\/div>\n\t\t<\/section>\n\t\t\t\t<section class=\"elementor-section elementor-top-section elementor-element elementor-element-1e3957fd elementor-section-boxed elementor-section-height-default elementor-section-height-default\" data-id=\"1e3957fd\" data-element_type=\"section\" data-e-type=\"section\" data-settings=\"{&quot;background_background&quot;:&quot;classic&quot;}\">\n\t\t\t\t\t\t<div class=\"elementor-container elementor-column-gap-default\">\n\t\t\t\t\t<div class=\"elementor-column elementor-col-100 elementor-top-column elementor-element elementor-element-13052722\" data-id=\"13052722\" data-element_type=\"column\" data-e-type=\"column\">\n\t\t\t<div class=\"elementor-widget-wrap elementor-element-populated\">\n\t\t\t\t\t\t<div class=\"elementor-element elementor-element-102ca233 elementor-widget elementor-widget-heading\" data-id=\"102ca233\" data-element_type=\"widget\" data-e-type=\"widget\" data-widget_type=\"heading.default\">\n\t\t\t\t<div class=\"elementor-widget-container\">\n\t\t\t\t\t<h3 class=\"elementor-heading-title elementor-size-default\">Postup je nasledovn\u00fd:<\/h3>\t\t\t\t<\/div>\n\t\t\t\t<\/div>\n\t\t\t\t<div class=\"elementor-element elementor-element-3bb99e17 elementor-widget elementor-widget-text-editor\" data-id=\"3bb99e17\" data-element_type=\"widget\" data-e-type=\"widget\" data-widget_type=\"text-editor.default\">\n\t\t\t\t<div class=\"elementor-widget-container\">\n\t\t\t\t\t\t\t\t\t<p><strong>V\u00e1\u0161 kontakt dostane e-mail s potvrdzuj\u00facim odkazom, aby sme mu mohli posla\u0165 inform\u00e1cie.<\/strong><\/p><p>Po kliknut\u00ed na potvrdzuj\u00faci odkaz dostane kontaktn\u00e1 osoba e-mail s odkazmi na na\u0161u domovsk\u00fa str\u00e1nku a na stiahnutie e-knihy Gradido a rozhlasovej hry Joytopia. Potom sa spust\u00ed odosielanie spr\u00e1vy Gradido.<\/p><p>Ak kontaktn\u00e1 osoba do 14 dn\u00ed neklikne na potvrdzuj\u00faci odkaz, jej \u00fadaje sa op\u00e4\u0165 automaticky vyma\u017e\u00fa.<\/p><p>S l\u00e1skav\u00fdm pozdravom<\/p>\t\t\t\t\t\t\t\t<\/div>\n\t\t\t\t<\/div>\n\t\t\t\t<div class=\"elementor-element elementor-element-616e3a1 elementor-widget elementor-widget-image\" data-id=\"616e3a1\" data-element_type=\"widget\" data-e-type=\"widget\" data-widget_type=\"image.default\">\n\t\t\t\t<div class=\"elementor-widget-container\">\n\t\t\t\t\t\t\t\t\t\t\t\t\t\t\t<img decoding=\"async\" width=\"336\" height=\"70\" src=\"https:\/\/gradido.net\/wp-content\/uploads\/2020\/09\/unterschrift.jpeg\" class=\"attachment-large size-large wp-image-723\" alt=\"\" srcset=\"https:\/\/gradido.net\/wp-content\/uploads\/2020\/09\/unterschrift.jpeg 336w, https:\/\/gradido.net\/wp-content\/uploads\/2020\/09\/unterschrift-300x63.jpeg 300w\" sizes=\"(max-width: 336px) 100vw, 336px\" \/>\t\t\t\t\t\t\t\t\t\t\t\t\t\t\t<\/div>\n\t\t\t\t<\/div>\n\t\t\t\t<div class=\"elementor-element elementor-element-fdef655 elementor-widget elementor-widget-text-editor\" data-id=\"fdef655\" data-element_type=\"widget\" data-e-type=\"widget\" data-widget_type=\"text-editor.default\">\n\t\t\t\t<div class=\"elementor-widget-container\">\n\t\t\t\t\t\t\t\t\t<p>Margret Baier a Bernd H\u00fcckst\u00e4dt<br \/>Zakladate\u013e a v\u00fdvoj\u00e1r spolo\u010dnosti Gradido<\/p>\t\t\t\t\t\t\t\t<\/div>\n\t\t\t\t<\/div>\n\t\t\t\t\t<\/div>\n\t\t<\/div>\n\t\t\t\t\t<\/div>\n\t\t<\/section>\n\t\t\t\t<\/div>","protected":false},"excerpt":{"rendered":"<p>Formular gesendet Danke f\u00fcrs Eintragen! So geht&#8217;s weiter: Dein Kontakt erh\u00e4lt eine E-Mail mit Best\u00e4tigungslink, das wir ihm\/ihr Informationen zusenden d\u00fcrfen. Nach Klick auf den Best\u00e4tigungslink erh\u00e4lt der Kontakt eine Mail mit deinen Partnerlinks zu unserer Homepage und zum Download von Gradido-E-Book und Joytopia H\u00f6rspiel. Anschlie\u00dfend wird der Versand vom Gradido-Report gestartet. Falls der Kontaktakt [&hellip;]<\/p>\n","protected":false},"author":1,"featured_media":0,"parent":0,"menu_order":0,"comment_status":"closed","ping_status":"closed","template":"","meta":{"footnotes":""},"class_list":["post-720","page","type-page","status-publish","hentry"],"yoast_head":"<!-- This site is optimized with the Yoast SEO plugin v27.4 - https:\/\/yoast.com\/product\/yoast-seo-wordpress\/ -->\n<title>Kontakt eintragen - Best\u00e4tigung - Gradido<\/title>\n<meta name=\"robots\" content=\"index, follow, max-snippet:-1, max-image-preview:large, max-video-preview:-1\" \/>\n<link rel=\"canonical\" href=\"https:\/\/gradido.net\/sk\/kontakt-eintragen-bestaetigung\/\" \/>\n<meta property=\"og:locale\" content=\"sk_SK\" \/>\n<meta property=\"og:type\" content=\"article\" \/>\n<meta property=\"og:title\" content=\"Kontakt eintragen - Best\u00e4tigung - Gradido\" \/>\n<meta property=\"og:description\" content=\"Formular gesendet Danke f\u00fcrs Eintragen! So geht&#8217;s weiter: Dein Kontakt erh\u00e4lt eine E-Mail mit Best\u00e4tigungslink, das wir ihm\/ihr Informationen zusenden d\u00fcrfen. Nach Klick auf den Best\u00e4tigungslink erh\u00e4lt der Kontakt eine Mail mit deinen Partnerlinks zu unserer Homepage und zum Download von Gradido-E-Book und Joytopia H\u00f6rspiel. Anschlie\u00dfend wird der Versand vom Gradido-Report gestartet. Falls der Kontaktakt [&hellip;]\" \/>\n<meta property=\"og:url\" content=\"https:\/\/gradido.net\/sk\/kontakt-eintragen-bestaetigung\/\" \/>\n<meta property=\"og:site_name\" content=\"Gradido\" \/>\n<meta property=\"article:modified_time\" content=\"2020-09-21T19:17:48+00:00\" \/>\n<meta property=\"og:image\" content=\"https:\/\/gradido.net\/wp-content\/uploads\/2020\/09\/unterschrift.jpeg\" \/>\n<meta name=\"twitter:card\" content=\"summary_large_image\" \/>\n<script type=\"application\/ld+json\" class=\"yoast-schema-graph\">{\"@context\":\"https:\\\/\\\/schema.org\",\"@graph\":[{\"@type\":\"WebPage\",\"@id\":\"https:\\\/\\\/gradido.net\\\/fi\\\/kontakt-eintragen-bestaetigung\\\/\",\"url\":\"https:\\\/\\\/gradido.net\\\/fi\\\/kontakt-eintragen-bestaetigung\\\/\",\"name\":\"Kontakt eintragen - Best\u00e4tigung - Gradido\",\"isPartOf\":{\"@id\":\"https:\\\/\\\/gradido.net\\\/de\\\/#website\"},\"primaryImageOfPage\":{\"@id\":\"https:\\\/\\\/gradido.net\\\/fi\\\/kontakt-eintragen-bestaetigung\\\/#primaryimage\"},\"image\":{\"@id\":\"https:\\\/\\\/gradido.net\\\/fi\\\/kontakt-eintragen-bestaetigung\\\/#primaryimage\"},\"thumbnailUrl\":\"https:\\\/\\\/gradido.net\\\/wp-content\\\/uploads\\\/2020\\\/09\\\/unterschrift.jpeg\",\"datePublished\":\"2020-09-21T19:12:48+00:00\",\"dateModified\":\"2020-09-21T19:17:48+00:00\",\"breadcrumb\":{\"@id\":\"https:\\\/\\\/gradido.net\\\/fi\\\/kontakt-eintragen-bestaetigung\\\/#breadcrumb\"},\"inLanguage\":\"sk-SK\",\"potentialAction\":[{\"@type\":\"ReadAction\",\"target\":[\"https:\\\/\\\/gradido.net\\\/fi\\\/kontakt-eintragen-bestaetigung\\\/\"]}]},{\"@type\":\"ImageObject\",\"inLanguage\":\"sk-SK\",\"@id\":\"https:\\\/\\\/gradido.net\\\/fi\\\/kontakt-eintragen-bestaetigung\\\/#primaryimage\",\"url\":\"https:\\\/\\\/gradido.net\\\/wp-content\\\/uploads\\\/2020\\\/09\\\/unterschrift.jpeg\",\"contentUrl\":\"https:\\\/\\\/gradido.net\\\/wp-content\\\/uploads\\\/2020\\\/09\\\/unterschrift.jpeg\"},{\"@type\":\"BreadcrumbList\",\"@id\":\"https:\\\/\\\/gradido.net\\\/fi\\\/kontakt-eintragen-bestaetigung\\\/#breadcrumb\",\"itemListElement\":[{\"@type\":\"ListItem\",\"position\":1,\"name\":\"Startseite\",\"item\":\"https:\\\/\\\/gradido.net\\\/\"},{\"@type\":\"ListItem\",\"position\":2,\"name\":\"Kontakt eintragen &#8211; Best\u00e4tigung\"}]},{\"@type\":\"WebSite\",\"@id\":\"https:\\\/\\\/gradido.net\\\/de\\\/#website\",\"url\":\"https:\\\/\\\/gradido.net\\\/de\\\/\",\"name\":\"Gradido\",\"description\":\"Die neue W\u00e4hrung hei\u00dft Dankbarkeit\",\"publisher\":{\"@id\":\"https:\\\/\\\/gradido.net\\\/de\\\/#organization\"},\"potentialAction\":[{\"@type\":\"SearchAction\",\"target\":{\"@type\":\"EntryPoint\",\"urlTemplate\":\"https:\\\/\\\/gradido.net\\\/de\\\/?s={search_term_string}\"},\"query-input\":{\"@type\":\"PropertyValueSpecification\",\"valueRequired\":true,\"valueName\":\"search_term_string\"}}],\"inLanguage\":\"sk-SK\"},{\"@type\":\"Organization\",\"@id\":\"https:\\\/\\\/gradido.net\\\/de\\\/#organization\",\"name\":\"Gradido\",\"url\":\"https:\\\/\\\/gradido.net\\\/de\\\/\",\"logo\":{\"@type\":\"ImageObject\",\"inLanguage\":\"sk-SK\",\"@id\":\"https:\\\/\\\/gradido.net\\\/de\\\/#\\\/schema\\\/logo\\\/image\\\/\",\"url\":\"https:\\\/\\\/gradido.net\\\/wp-content\\\/uploads\\\/2022\\\/04\\\/gradido-social.jpg\",\"contentUrl\":\"https:\\\/\\\/gradido.net\\\/wp-content\\\/uploads\\\/2022\\\/04\\\/gradido-social.jpg\",\"width\":527,\"height\":273,\"caption\":\"Gradido\"},\"image\":{\"@id\":\"https:\\\/\\\/gradido.net\\\/de\\\/#\\\/schema\\\/logo\\\/image\\\/\"}}]}<\/script>\n<!-- \/ Yoast SEO plugin. -->","yoast_head_json":{"title":"Registr\u00e1cia kontakt - Potvrdenie - Gradido","robots":{"index":"index","follow":"follow","max-snippet":"max-snippet:-1","max-image-preview":"max-image-preview:large","max-video-preview":"max-video-preview:-1"},"canonical":"https:\/\/gradido.net\/sk\/kontakt-eintragen-bestaetigung\/","og_locale":"sk_SK","og_type":"article","og_title":"Kontakt eintragen - Best\u00e4tigung - Gradido","og_description":"Formular gesendet Danke f\u00fcrs Eintragen! So geht&#8217;s weiter: Dein Kontakt erh\u00e4lt eine E-Mail mit Best\u00e4tigungslink, das wir ihm\/ihr Informationen zusenden d\u00fcrfen. Nach Klick auf den Best\u00e4tigungslink erh\u00e4lt der Kontakt eine Mail mit deinen Partnerlinks zu unserer Homepage und zum Download von Gradido-E-Book und Joytopia H\u00f6rspiel. Anschlie\u00dfend wird der Versand vom Gradido-Report gestartet. Falls der Kontaktakt [&hellip;]","og_url":"https:\/\/gradido.net\/sk\/kontakt-eintragen-bestaetigung\/","og_site_name":"Gradido","article_modified_time":"2020-09-21T19:17:48+00:00","og_image":[{"url":"https:\/\/gradido.net\/wp-content\/uploads\/2020\/09\/unterschrift.jpeg","type":"","width":"","height":""}],"twitter_card":"summary_large_image","schema":{"@context":"https:\/\/schema.org","@graph":[{"@type":"WebPage","@id":"https:\/\/gradido.net\/fi\/kontakt-eintragen-bestaetigung\/","url":"https:\/\/gradido.net\/fi\/kontakt-eintragen-bestaetigung\/","name":"Registr\u00e1cia kontakt - Potvrdenie - Gradido","isPartOf":{"@id":"https:\/\/gradido.net\/de\/#website"},"primaryImageOfPage":{"@id":"https:\/\/gradido.net\/fi\/kontakt-eintragen-bestaetigung\/#primaryimage"},"image":{"@id":"https:\/\/gradido.net\/fi\/kontakt-eintragen-bestaetigung\/#primaryimage"},"thumbnailUrl":"https:\/\/gradido.net\/wp-content\/uploads\/2020\/09\/unterschrift.jpeg","datePublished":"2020-09-21T19:12:48+00:00","dateModified":"2020-09-21T19:17:48+00:00","breadcrumb":{"@id":"https:\/\/gradido.net\/fi\/kontakt-eintragen-bestaetigung\/#breadcrumb"},"inLanguage":"sk-SK","potentialAction":[{"@type":"ReadAction","target":["https:\/\/gradido.net\/fi\/kontakt-eintragen-bestaetigung\/"]}]},{"@type":"ImageObject","inLanguage":"sk-SK","@id":"https:\/\/gradido.net\/fi\/kontakt-eintragen-bestaetigung\/#primaryimage","url":"https:\/\/gradido.net\/wp-content\/uploads\/2020\/09\/unterschrift.jpeg","contentUrl":"https:\/\/gradido.net\/wp-content\/uploads\/2020\/09\/unterschrift.jpeg"},{"@type":"BreadcrumbList","@id":"https:\/\/gradido.net\/fi\/kontakt-eintragen-bestaetigung\/#breadcrumb","itemListElement":[{"@type":"ListItem","position":1,"name":"Startseite","item":"https:\/\/gradido.net\/"},{"@type":"ListItem","position":2,"name":"Kontakt eintragen &#8211; Best\u00e4tigung"}]},{"@type":"WebSite","@id":"https:\/\/gradido.net\/de\/#website","url":"https:\/\/gradido.net\/de\/","name":"Gradido","description":"Novou menou je v\u010fa\u010dnos\u0165","publisher":{"@id":"https:\/\/gradido.net\/de\/#organization"},"potentialAction":[{"@type":"SearchAction","target":{"@type":"EntryPoint","urlTemplate":"https:\/\/gradido.net\/de\/?s={search_term_string}"},"query-input":{"@type":"PropertyValueSpecification","valueRequired":true,"valueName":"search_term_string"}}],"inLanguage":"sk-SK"},{"@type":"Organization","@id":"https:\/\/gradido.net\/de\/#organization","name":"Gradido","url":"https:\/\/gradido.net\/de\/","logo":{"@type":"ImageObject","inLanguage":"sk-SK","@id":"https:\/\/gradido.net\/de\/#\/schema\/logo\/image\/","url":"https:\/\/gradido.net\/wp-content\/uploads\/2022\/04\/gradido-social.jpg","contentUrl":"https:\/\/gradido.net\/wp-content\/uploads\/2022\/04\/gradido-social.jpg","width":527,"height":273,"caption":"Gradido"},"image":{"@id":"https:\/\/gradido.net\/de\/#\/schema\/logo\/image\/"}}]}},"_links":{"self":[{"href":"https:\/\/gradido.net\/sk\/wp-json\/wp\/v2\/pages\/720","targetHints":{"allow":["GET"]}}],"collection":[{"href":"https:\/\/gradido.net\/sk\/wp-json\/wp\/v2\/pages"}],"about":[{"href":"https:\/\/gradido.net\/sk\/wp-json\/wp\/v2\/types\/page"}],"author":[{"embeddable":true,"href":"https:\/\/gradido.net\/sk\/wp-json\/wp\/v2\/users\/1"}],"replies":[{"embeddable":true,"href":"https:\/\/gradido.net\/sk\/wp-json\/wp\/v2\/comments?post=720"}],"version-history":[{"count":3,"href":"https:\/\/gradido.net\/sk\/wp-json\/wp\/v2\/pages\/720\/revisions"}],"predecessor-version":[{"id":725,"href":"https:\/\/gradido.net\/sk\/wp-json\/wp\/v2\/pages\/720\/revisions\/725"}],"wp:attachment":[{"href":"https:\/\/gradido.net\/sk\/wp-json\/wp\/v2\/media?parent=720"}],"curies":[{"name":"wp","href":"https:\/\/api.w.org\/{rel}","templated":true}]}}