{"id":762,"date":"2020-09-21T21:47:51","date_gmt":"2020-09-21T19:47:51","guid":{"rendered":"http:\/\/neu.gradido.net\/?page_id=762"},"modified":"2020-09-21T21:48:25","modified_gmt":"2020-09-21T19:48:25","slug":"coin-danke-enterprise","status":"publish","type":"page","link":"https:\/\/gradido.net\/sv\/coin-danke-enterprise\/","title":{"rendered":"Mynt Tack F\u00f6retag"},"content":{"rendered":"<div data-elementor-type=\"wp-page\" data-elementor-id=\"762\" class=\"elementor elementor-762\" data-elementor-post-type=\"page\">\n\t\t\t\t\t\t<section class=\"elementor-section elementor-top-section elementor-element elementor-element-bc34a8c elementor-section-full_width elementor-section-height-default elementor-section-height-default\" data-id=\"bc34a8c\" data-element_type=\"section\" data-e-type=\"section\">\n\t\t\t\t\t\t<div class=\"elementor-container elementor-column-gap-no\">\n\t\t\t\t\t<div class=\"elementor-column elementor-col-100 elementor-top-column elementor-element elementor-element-0cf0f40\" data-id=\"0cf0f40\" data-element_type=\"column\" data-e-type=\"column\">\n\t\t\t<div class=\"elementor-widget-wrap elementor-element-populated\">\n\t\t\t\t\t\t<div class=\"elementor-element elementor-element-3a7ed91 elementor--h-position-center elementor--v-position-middle elementor-arrows-position-inside elementor-widget elementor-widget-slides\" data-id=\"3a7ed91\" data-element_type=\"widget\" data-e-type=\"widget\" data-settings=\"{&quot;navigation&quot;:&quot;arrows&quot;,&quot;autoplay&quot;:&quot;yes&quot;,&quot;pause_on_hover&quot;:&quot;yes&quot;,&quot;pause_on_interaction&quot;:&quot;yes&quot;,&quot;autoplay_speed&quot;:5000,&quot;infinite&quot;:&quot;yes&quot;,&quot;transition&quot;:&quot;slide&quot;,&quot;transition_speed&quot;:500}\" data-widget_type=\"slides.default\">\n\t\t\t\t<div class=\"elementor-widget-container\">\n\t\t\t\t\t\t\t\t\t<div class=\"elementor-swiper\">\n\t\t\t\t\t<div class=\"elementor-slides-wrapper elementor-main-swiper swiper\" role=\"region\" aria-roledescription=\"carousel\" aria-label=\"Diabilder\" dir=\"ltr\" data-animation=\"fadeInUp\">\n\t\t\t\t<div class=\"swiper-wrapper elementor-slides\">\n\t\t\t\t\t\t\t\t\t\t<div class=\"elementor-repeater-item-2de4990 swiper-slide\" role=\"group\" aria-roledescription=\"slide\"><div class=\"swiper-slide-bg\" role=\"img\" aria-label=\"bild-1\"><\/div><div class=\"swiper-slide-inner\" ><div class=\"swiper-slide-contents\"><\/div><\/div><\/div>\t\t\t\t<\/div>\n\t\t\t\t\t\t\t<\/div>\n\t\t\t\t<\/div>\n\t\t\t\t\t\t\t\t<\/div>\n\t\t\t\t<\/div>\n\t\t\t\t\t<\/div>\n\t\t<\/div>\n\t\t\t\t\t<\/div>\n\t\t<\/section>\n\t\t\t\t<section class=\"elementor-section elementor-top-section elementor-element elementor-element-0b48e82 elementor-section-boxed elementor-section-height-default elementor-section-height-default\" data-id=\"0b48e82\" data-element_type=\"section\" data-e-type=\"section\" data-settings=\"{&quot;background_background&quot;:&quot;classic&quot;}\">\n\t\t\t\t\t\t<div class=\"elementor-container elementor-column-gap-default\">\n\t\t\t\t\t<div class=\"elementor-column elementor-col-100 elementor-top-column elementor-element elementor-element-944db97\" data-id=\"944db97\" data-element_type=\"column\" data-e-type=\"column\">\n\t\t\t<div class=\"elementor-widget-wrap elementor-element-populated\">\n\t\t\t\t\t\t<div class=\"elementor-element elementor-element-7627efd elementor-widget elementor-widget-heading\" data-id=\"7627efd\" data-element_type=\"widget\" data-e-type=\"widget\" data-widget_type=\"heading.default\">\n\t\t\t\t<div class=\"elementor-widget-container\">\n\t\t\t\t\t<h1 class=\"elementor-heading-title elementor-size-default\">Tack f\u00f6r din best\u00e4llning<br>\nav Gradido Enterprise-medlemskapet!<\/h1>\t\t\t\t<\/div>\n\t\t\t\t<\/div>\n\t\t\t\t\t<\/div>\n\t\t<\/div>\n\t\t\t\t\t<\/div>\n\t\t<\/section>\n\t\t\t\t<section class=\"elementor-section elementor-top-section elementor-element elementor-element-2bffddc elementor-section-boxed elementor-section-height-default elementor-section-height-default\" data-id=\"2bffddc\" data-element_type=\"section\" data-e-type=\"section\" data-settings=\"{&quot;background_background&quot;:&quot;classic&quot;}\">\n\t\t\t\t\t\t<div class=\"elementor-container elementor-column-gap-default\">\n\t\t\t\t\t<div class=\"elementor-column elementor-col-100 elementor-top-column elementor-element elementor-element-b00eb84\" data-id=\"b00eb84\" data-element_type=\"column\" data-e-type=\"column\">\n\t\t\t<div class=\"elementor-widget-wrap elementor-element-populated\">\n\t\t\t\t\t\t<div class=\"elementor-element elementor-element-8552903 elementor-widget elementor-widget-heading\" data-id=\"8552903\" data-element_type=\"widget\" data-e-type=\"widget\" data-widget_type=\"heading.default\">\n\t\t\t\t<div class=\"elementor-widget-container\">\n\t\t\t\t\t<h3 class=\"elementor-heading-title elementor-size-default\">V\u00e5r leverant\u00f6r \"Elopage\" har framg\u00e5ngsrikt skapat ditt nya medlemsomr\u00e5de.<\/h3>\t\t\t\t<\/div>\n\t\t\t\t<\/div>\n\t\t\t\t<div class=\"elementor-element elementor-element-a57a592 elementor-widget elementor-widget-text-editor\" data-id=\"a57a592\" data-element_type=\"widget\" data-e-type=\"widget\" data-widget_type=\"text-editor.default\">\n\t\t\t\t<div class=\"elementor-widget-container\">\n\t\t\t\t\t\t\t\t\t<p>Du \u00e4r p\u00e5 v\u00e4g att f\u00e5 en\u00a0<strong>E-post fr\u00e5n mail@elopage.com<\/strong>\u00a0med dina inloggningsuppgifter.<\/p><p>Till dess kan du titta p\u00e5 den h\u00e4r korta filmen\u00a0<strong>Introduktionsvideo<\/strong>\u00a0en:<\/p>\t\t\t\t\t\t\t\t<\/div>\n\t\t\t\t<\/div>\n\t\t\t\t<div class=\"elementor-element elementor-element-fdadc9b elementor-widget elementor-widget-video\" data-id=\"fdadc9b\" data-element_type=\"widget\" data-e-type=\"widget\" data-settings=\"{&quot;yt_privacy&quot;:&quot;yes&quot;,&quot;video_type&quot;:&quot;vimeo&quot;}\" data-widget_type=\"video.default\">\n\t\t\t\t<div class=\"elementor-widget-container\">\n\t\t\t\t\t\t\t<div class=\"elementor-wrapper elementor-open-inline\">\n\t\t\t<iframe hcb-fetch-image-from=\"https:\/\/player.vimeo.com\/video\/396726709\" class=\"elementor-video-iframe\" allowfullscreen allow=\"clipboard-write\" title=\"Reproductor de v\u00eddeo vimeo\" src=\"https:\/\/player.vimeo.com\/video\/396726709?color&amp;autopause=0&amp;dnt=true&amp;loop=0&amp;muted=0&amp;title=1&amp;portrait=1&amp;byline=1#t=\" data-no-translation-title=\"\"><\/iframe>\t\t<\/div>\n\t\t\t\t\t\t<\/div>\n\t\t\t\t<\/div>\n\t\t\t\t<div class=\"elementor-element elementor-element-fd134d4 elementor-widget elementor-widget-text-editor\" data-id=\"fd134d4\" data-element_type=\"widget\" data-e-type=\"widget\" data-widget_type=\"text-editor.default\">\n\t\t\t\t<div class=\"elementor-widget-container\">\n\t\t\t\t\t\t\t\t\t<p>Vi \u00f6nskar dig fortsatt gl\u00e4dje med Gradido.<\/p><p>Ditt Gradido-team<\/p>\t\t\t\t\t\t\t\t<\/div>\n\t\t\t\t<\/div>\n\t\t\t\t\t<\/div>\n\t\t<\/div>\n\t\t\t\t\t<\/div>\n\t\t<\/section>\n\t\t\t\t<\/div>","protected":false},"excerpt":{"rendered":"<p>Tack f\u00f6r att du har best\u00e4llt ditt medlemskap i Gradido Enterprise! V\u00e5r leverant\u00f6r 'Elopage' har framg\u00e5ngsrikt skapat ditt nya medlemsomr\u00e5de. Du kommer att f\u00e5 ett e-postmeddelande fr\u00e5n mail@elopage.com med dina inloggningsuppgifter. Under tiden kan du titta p\u00e5 den h\u00e4r korta introduktionsvideon: https:\/\/player.vimeo.com\/video\/396726709 Vi \u00f6nskar dig mycket n\u00f6je med Gradido. Ditt Gradido Team<\/p>","protected":false},"author":1,"featured_media":0,"parent":0,"menu_order":0,"comment_status":"closed","ping_status":"closed","template":"","meta":{"footnotes":""},"class_list":["post-762","page","type-page","status-publish","hentry"],"yoast_head":"<!-- This site is optimized with the Yoast SEO plugin v27.4 - https:\/\/yoast.com\/product\/yoast-seo-wordpress\/ -->\n<title>Coin-Danke Enterprise - Gradido<\/title>\n<meta name=\"robots\" content=\"index, follow, max-snippet:-1, max-image-preview:large, max-video-preview:-1\" \/>\n<link rel=\"canonical\" href=\"https:\/\/gradido.net\/sv\/coin-danke-enterprise\/\" \/>\n<meta property=\"og:locale\" content=\"sv_SE\" \/>\n<meta property=\"og:type\" content=\"article\" \/>\n<meta property=\"og:title\" content=\"Coin-Danke Enterprise - Gradido\" \/>\n<meta property=\"og:description\" content=\"Vielen Dank f\u00fcr Deine Bestellung der Gradido Enterprise-Mitgliedschaft! Unser Provider \u201aElopage\u2018 hat Deinen neuen Mitgliederbereich erfolgreich angelegt. Du bekommst gleich eine\u00a0E-Mail von mail@elopage.com\u00a0mit Deinen Login-Daten. Bitte schau Dir bis dahin dieses kurze\u00a0Einf\u00fchrungsvideo\u00a0an: https:\/\/player.vimeo.com\/video\/396726709 Wir w\u00fcnschen Dir weiterhin viel Freude mit Gradido. Dein Gradido-Team\" \/>\n<meta property=\"og:url\" content=\"https:\/\/gradido.net\/sv\/coin-danke-enterprise\/\" \/>\n<meta property=\"og:site_name\" content=\"Gradido\" \/>\n<meta property=\"article:modified_time\" content=\"2020-09-21T19:48:25+00:00\" \/>\n<meta property=\"og:image\" content=\"https:\/\/gradido.net\/wp-content\/uploads\/2022\/04\/gradido-social.jpg\" \/>\n\t<meta property=\"og:image:width\" content=\"527\" \/>\n\t<meta property=\"og:image:height\" content=\"273\" \/>\n\t<meta property=\"og:image:type\" content=\"image\/jpeg\" \/>\n<meta name=\"twitter:card\" content=\"summary_large_image\" \/>\n<script type=\"application\/ld+json\" class=\"yoast-schema-graph\">{\"@context\":\"https:\\\/\\\/schema.org\",\"@graph\":[{\"@type\":\"WebPage\",\"@id\":\"https:\\\/\\\/gradido.net\\\/coin-danke-enterprise\\\/\",\"url\":\"https:\\\/\\\/gradido.net\\\/coin-danke-enterprise\\\/\",\"name\":\"Coin-Danke Enterprise - Gradido\",\"isPartOf\":{\"@id\":\"https:\\\/\\\/gradido.net\\\/de\\\/#website\"},\"datePublished\":\"2020-09-21T19:47:51+00:00\",\"dateModified\":\"2020-09-21T19:48:25+00:00\",\"breadcrumb\":{\"@id\":\"https:\\\/\\\/gradido.net\\\/coin-danke-enterprise\\\/#breadcrumb\"},\"inLanguage\":\"sv-SE\",\"potentialAction\":[{\"@type\":\"ReadAction\",\"target\":[\"https:\\\/\\\/gradido.net\\\/coin-danke-enterprise\\\/\"]}]},{\"@type\":\"BreadcrumbList\",\"@id\":\"https:\\\/\\\/gradido.net\\\/coin-danke-enterprise\\\/#breadcrumb\",\"itemListElement\":[{\"@type\":\"ListItem\",\"position\":1,\"name\":\"Startseite\",\"item\":\"https:\\\/\\\/gradido.net\\\/\"},{\"@type\":\"ListItem\",\"position\":2,\"name\":\"Coin-Danke Enterprise\"}]},{\"@type\":\"WebSite\",\"@id\":\"https:\\\/\\\/gradido.net\\\/de\\\/#website\",\"url\":\"https:\\\/\\\/gradido.net\\\/de\\\/\",\"name\":\"Gradido\",\"description\":\"Die neue W\u00e4hrung hei\u00dft Dankbarkeit\",\"publisher\":{\"@id\":\"https:\\\/\\\/gradido.net\\\/de\\\/#organization\"},\"potentialAction\":[{\"@type\":\"SearchAction\",\"target\":{\"@type\":\"EntryPoint\",\"urlTemplate\":\"https:\\\/\\\/gradido.net\\\/de\\\/?s={search_term_string}\"},\"query-input\":{\"@type\":\"PropertyValueSpecification\",\"valueRequired\":true,\"valueName\":\"search_term_string\"}}],\"inLanguage\":\"sv-SE\"},{\"@type\":\"Organization\",\"@id\":\"https:\\\/\\\/gradido.net\\\/de\\\/#organization\",\"name\":\"Gradido\",\"url\":\"https:\\\/\\\/gradido.net\\\/de\\\/\",\"logo\":{\"@type\":\"ImageObject\",\"inLanguage\":\"sv-SE\",\"@id\":\"https:\\\/\\\/gradido.net\\\/de\\\/#\\\/schema\\\/logo\\\/image\\\/\",\"url\":\"https:\\\/\\\/gradido.net\\\/wp-content\\\/uploads\\\/2022\\\/04\\\/gradido-social.jpg\",\"contentUrl\":\"https:\\\/\\\/gradido.net\\\/wp-content\\\/uploads\\\/2022\\\/04\\\/gradido-social.jpg\",\"width\":527,\"height\":273,\"caption\":\"Gradido\"},\"image\":{\"@id\":\"https:\\\/\\\/gradido.net\\\/de\\\/#\\\/schema\\\/logo\\\/image\\\/\"}}]}<\/script>\n<!-- \/ Yoast SEO plugin. -->","yoast_head_json":{"title":"Mynt-Tankar F\u00f6retag - Gradido","robots":{"index":"index","follow":"follow","max-snippet":"max-snippet:-1","max-image-preview":"max-image-preview:large","max-video-preview":"max-video-preview:-1"},"canonical":"https:\/\/gradido.net\/sv\/coin-danke-enterprise\/","og_locale":"sv_SE","og_type":"article","og_title":"Coin-Danke Enterprise - Gradido","og_description":"Vielen Dank f\u00fcr Deine Bestellung der Gradido Enterprise-Mitgliedschaft! Unser Provider \u201aElopage\u2018 hat Deinen neuen Mitgliederbereich erfolgreich angelegt. Du bekommst gleich eine\u00a0E-Mail von mail@elopage.com\u00a0mit Deinen Login-Daten. Bitte schau Dir bis dahin dieses kurze\u00a0Einf\u00fchrungsvideo\u00a0an: https:\/\/player.vimeo.com\/video\/396726709 Wir w\u00fcnschen Dir weiterhin viel Freude mit Gradido. Dein Gradido-Team","og_url":"https:\/\/gradido.net\/sv\/coin-danke-enterprise\/","og_site_name":"Gradido","article_modified_time":"2020-09-21T19:48:25+00:00","og_image":[{"width":527,"height":273,"url":"https:\/\/gradido.net\/wp-content\/uploads\/2022\/04\/gradido-social.jpg","type":"image\/jpeg"}],"twitter_card":"summary_large_image","schema":{"@context":"https:\/\/schema.org","@graph":[{"@type":"WebPage","@id":"https:\/\/gradido.net\/coin-danke-enterprise\/","url":"https:\/\/gradido.net\/coin-danke-enterprise\/","name":"Mynt-Tankar F\u00f6retag - Gradido","isPartOf":{"@id":"https:\/\/gradido.net\/de\/#website"},"datePublished":"2020-09-21T19:47:51+00:00","dateModified":"2020-09-21T19:48:25+00:00","breadcrumb":{"@id":"https:\/\/gradido.net\/coin-danke-enterprise\/#breadcrumb"},"inLanguage":"sv-SE","potentialAction":[{"@type":"ReadAction","target":["https:\/\/gradido.net\/coin-danke-enterprise\/"]}]},{"@type":"BreadcrumbList","@id":"https:\/\/gradido.net\/coin-danke-enterprise\/#breadcrumb","itemListElement":[{"@type":"ListItem","position":1,"name":"Startseite","item":"https:\/\/gradido.net\/"},{"@type":"ListItem","position":2,"name":"Coin-Danke Enterprise"}]},{"@type":"WebSite","@id":"https:\/\/gradido.net\/de\/#website","url":"https:\/\/gradido.net\/de\/","name":"Gradido","description":"Den nya valutan \u00e4r tacksamhet","publisher":{"@id":"https:\/\/gradido.net\/de\/#organization"},"potentialAction":[{"@type":"SearchAction","target":{"@type":"EntryPoint","urlTemplate":"https:\/\/gradido.net\/de\/?s={search_term_string}"},"query-input":{"@type":"PropertyValueSpecification","valueRequired":true,"valueName":"search_term_string"}}],"inLanguage":"sv-SE"},{"@type":"Organization","@id":"https:\/\/gradido.net\/de\/#organization","name":"Gradido","url":"https:\/\/gradido.net\/de\/","logo":{"@type":"ImageObject","inLanguage":"sv-SE","@id":"https:\/\/gradido.net\/de\/#\/schema\/logo\/image\/","url":"https:\/\/gradido.net\/wp-content\/uploads\/2022\/04\/gradido-social.jpg","contentUrl":"https:\/\/gradido.net\/wp-content\/uploads\/2022\/04\/gradido-social.jpg","width":527,"height":273,"caption":"Gradido"},"image":{"@id":"https:\/\/gradido.net\/de\/#\/schema\/logo\/image\/"}}]}},"_links":{"self":[{"href":"https:\/\/gradido.net\/sv\/wp-json\/wp\/v2\/pages\/762","targetHints":{"allow":["GET"]}}],"collection":[{"href":"https:\/\/gradido.net\/sv\/wp-json\/wp\/v2\/pages"}],"about":[{"href":"https:\/\/gradido.net\/sv\/wp-json\/wp\/v2\/types\/page"}],"author":[{"embeddable":true,"href":"https:\/\/gradido.net\/sv\/wp-json\/wp\/v2\/users\/1"}],"replies":[{"embeddable":true,"href":"https:\/\/gradido.net\/sv\/wp-json\/wp\/v2\/comments?post=762"}],"version-history":[{"count":2,"href":"https:\/\/gradido.net\/sv\/wp-json\/wp\/v2\/pages\/762\/revisions"}],"predecessor-version":[{"id":764,"href":"https:\/\/gradido.net\/sv\/wp-json\/wp\/v2\/pages\/762\/revisions\/764"}],"wp:attachment":[{"href":"https:\/\/gradido.net\/sv\/wp-json\/wp\/v2\/media?parent=762"}],"curies":[{"name":"wp","href":"https:\/\/api.w.org\/{rel}","templated":true}]}}